{"id":79,"date":"2017-11-16T21:06:34","date_gmt":"2017-11-17T02:06:34","guid":{"rendered":"http:\/\/natu.peluqueriasquito.ws\/?page_id=79"},"modified":"2024-04-26T09:56:53","modified_gmt":"2024-04-26T14:56:53","slug":"nosotros","status":"publish","type":"page","link":"https:\/\/www.natualfa.com.ec\/web\/nosotros\/","title":{"rendered":"Nosotros"},"content":{"rendered":"<p>[et_pb_section fb_built=\u00bb1&#8243; fullwidth=\u00bbon\u00bb _builder_version=\u00bb4.16&#8243; global_colors_info=\u00bb{}\u00bb][et_pb_fullwidth_image src=\u00bbhttps:\/\/www.natualfa.com.ec\/web\/wp-content\/uploads\/2017\/12\/imagenciencia1.png\u00bb _builder_version=\u00bb4.16&#8243; animation_style=\u00bbslide\u00bb animation_direction=\u00bbleft\u00bb animation_duration=\u00bb500ms\u00bb animation_intensity_slide=\u00bb10%\u00bb animation=\u00bbleft\u00bb border_style=\u00bbsolid\u00bb global_colors_info=\u00bb{}\u00bb][\/et_pb_fullwidth_image][\/et_pb_section][et_pb_section fb_built=\u00bb1&#8243; _builder_version=\u00bb4.16&#8243; global_colors_info=\u00bb{}\u00bb][et_pb_row _builder_version=\u00bb4.16&#8243; background_size=\u00bbinitial\u00bb background_position=\u00bbtop_left\u00bb background_repeat=\u00bbrepeat\u00bb hover_enabled=\u00bb0&#8243; global_colors_info=\u00bb{}\u00bb sticky_enabled=\u00bb0&#8243; custom_padding=\u00bb||6px|||\u00bb][et_pb_column type=\u00bb4_4&#8243; _builder_version=\u00bb4.16&#8243; custom_padding=\u00bb|||\u00bb global_colors_info=\u00bb{}\u00bb custom_padding__hover=\u00bb|||\u00bb][et_pb_text _builder_version=\u00bb4.16&#8243; global_colors_info=\u00bb{}\u00bb]<\/p>\n<p style=\"text-align: justify;\">\n<div class=\"entry-content\">\n<h1><span style=\"color: #666666;\"><strong><span style=\"font-size: xx-large;\">Empresa Ecuatoriana<\/span><\/strong><\/span><\/h1>\n<p style=\"text-align: justify;\"><span style=\"font-size: 14px; text-align: justify;\">Los Laboratorios NATUALFA\u00ae C\u00eda. Ltda., somos una orgullosa empresa ecuatoriana con 32 a\u00f1os de experiencia, ubicada en la ciudad de Quito, dedicada a la investigaci\u00f3n, elaboraci\u00f3n y distribuci\u00f3n de productos naturales de uso medicinal con principios activos 100% naturales de origen vegetal &#8211; ap\u00edcola con eficacia demostrada.<\/span><\/p>\n<p style=\"text-align: justify;\">Todo nuestro trabajo est\u00e1 dedicado al mejoramiento de la salud de las familias ecuatorianas;\u00a0por ello nuestro compromiso es\u00a0brindar bienestar con cada uno de nuestros productos.<\/p>\n<\/div>\n<p>[\/et_pb_text][\/et_pb_column][\/et_pb_row][et_pb_row column_structure=\u00bb1_2,1_2&#8243; _builder_version=\u00bb4.16&#8243; background_size=\u00bbinitial\u00bb background_position=\u00bbtop_left\u00bb background_repeat=\u00bbrepeat\u00bb global_colors_info=\u00bb{}\u00bb custom_padding=\u00bb43px|||||\u00bb][et_pb_column type=\u00bb1_2&#8243; _builder_version=\u00bb4.16&#8243; custom_padding=\u00bb|||\u00bb global_colors_info=\u00bb{}\u00bb custom_padding__hover=\u00bb|||\u00bb][et_pb_gallery gallery_ids=\u00bb416,5773,3561,5775,5776,5777&#8243; fullwidth=\u00bbon\u00bb _builder_version=\u00bb4.23.1&#8243; auto=\u00bbon\u00bb auto_speed=\u00bb3000&#8243; pagination_font_size_tablet=\u00bb51&#8243; pagination_line_height_tablet=\u00bb2&#8243; border_style=\u00bbsolid\u00bb global_colors_info=\u00bb{}\u00bb][\/et_pb_gallery][\/et_pb_column][et_pb_column type=\u00bb1_2&#8243; _builder_version=\u00bb4.16&#8243; custom_padding=\u00bb|||\u00bb global_colors_info=\u00bb{}\u00bb custom_padding__hover=\u00bb|||\u00bb][et_pb_text _builder_version=\u00bb4.16&#8243; global_colors_info=\u00bb{}\u00bb]<\/p>\n<p style=\"text-align: justify;\">\n<h2><span style=\"color: #376634; font-size: 30px;\">Nuestra Historia<\/span><\/h2>\n<div class=\"entry-content\">\n<p style=\"text-align: justify;\">\n<p style=\"text-align: justify;\">Natualfa\u00ae es la cristalizaci\u00f3n de un gran sue\u00f1o emprendido por la Dra. Mar\u00eda Isabel Y\u00e1nez, ella cre\u00eda firmemente en el poder de las hierbas medicinales, tambi\u00e9n en el efecto curativo de remedios tradicionales ancestrales. En el desarrollo de su carrera profesional decidi\u00f3 tomar el camino de la medicina alternativa; en ese entonces entendi\u00f3 el impacto de los medicamentos de uso farmac\u00e9utico tradicional sobre la salud y eso es lo que la motiv\u00f3 a buscar incansablemente una opci\u00f3n mas natural; asisti\u00f3 a innumerables cursos en el exterior, investig\u00f3 todo tipo de fuentes de estudios hallados en ese entonces, pues le interesaba realmente el bienestar de las personas.<\/p>\n<p style=\"text-align: justify;\">As\u00ed es como los Laboratorios Natualfa\u00ae inician sus actividades en mayo de 1992 bajo la direcci\u00f3n visionaria y capaz de nuestra fundadora, que durante los 5 a\u00f1os posteriores crecieron de manera s\u00f3lida a trav\u00e9s de la constante investigaci\u00f3n y creaci\u00f3n de nuevos productos. <span style=\"font-size: 14px;\">En el a\u00f1o 1998, tras su repentina partida; sus hermanas toman el reto de la direcci\u00f3n de la empresa, con el pasar del tiempo solo una de ellas actualmente lidera el trabajo de nuestro valioso legado, manteniendo productos con estricto control de calidad; consecuencia de ello Natualfa\u00ae comercializa sus productos con Registro Sanitario desde el a\u00f1o 2002, cumpliendo as\u00ed con las normas, procedimientos para el registro y control de productos naturales de uso medicinal en el Pa\u00eds.<\/span><\/p>\n<\/div>\n<p>[\/et_pb_text][\/et_pb_column][\/et_pb_row][et_pb_row column_structure=\u00bb1_2,1_2&#8243; _builder_version=\u00bb4.16&#8243; _module_preset=\u00bbdefault\u00bb custom_padding=\u00bb1px|||||\u00bb global_colors_info=\u00bb{}\u00bb][et_pb_column type=\u00bb1_2&#8243; _builder_version=\u00bb4.16&#8243; _module_preset=\u00bbdefault\u00bb global_colors_info=\u00bb{}\u00bb][et_pb_text _builder_version=\u00bb4.16&#8243; _module_preset=\u00bbdefault\u00bb text_font=\u00bbOpen Sans||||||||\u00bb inline_fonts=\u00bbOpen Sans\u00bb global_colors_info=\u00bb{}\u00bb]<\/p>\n<h4><img loading=\"lazy\" decoding=\"async\" class=\"wp-image-5011 aligncenter size-full\" style=\"margin-left: auto;margin-right: auto\" src=\"https:\/\/www.natualfa.com.ec\/web\/wp-content\/uploads\/2023\/02\/MISION-NATUALFA.png\" alt=\"\" width=\"121\" height=\"133\" \/><\/h4>\n<h4><strong><span style=\"font-family: 'Open Sans'\"><span style=\"font-size: xx-large\">Misi\u00f3n<\/span><\/span><\/strong><\/h4>\n<p style=\"text-align: justify\">Elaborar y comercializar productos 100% naturales, seguros, eficaces de alta calidad; a trav\u00e9s de procesos certificados orientados a brindar salud, confianza y bienestar a la sociedad.<\/p>\n<p>[\/et_pb_text][\/et_pb_column][et_pb_column type=\u00bb1_2&#8243; _builder_version=\u00bb4.16&#8243; _module_preset=\u00bbdefault\u00bb global_colors_info=\u00bb{}\u00bb][et_pb_text _builder_version=\u00bb4.16&#8243; _module_preset=\u00bbdefault\u00bb inline_fonts=\u00bbOpen Sans,Open Sans Condensed\u00bb global_colors_info=\u00bb{}\u00bb]<\/p>\n<h4 style=\"text-align: left\"><a href=\"https:\/\/www.natualfa.com.ec\/web\/wp-content\/uploads\/2023\/02\/VISION-NATUALFA-1.png\"><img loading=\"lazy\" decoding=\"async\" class=\"wp-image-5012 aligncenter size-full\" style=\"margin-left: auto;margin-right: auto\" src=\"https:\/\/www.natualfa.com.ec\/web\/wp-content\/uploads\/2023\/02\/VISION-NATUALFA-1.png\" alt=\"\" width=\"77\" height=\"122\" \/><\/a> <span style=\"font-family: 'Open Sans';font-weight: normal\"><strong><span style=\"font-size: xx-large\">Visi\u00f3n<\/span><\/strong><\/span><\/h4>\n<p style=\"text-align: justify\">Natualfa\u00ae, pretende ser una empresa consolidada en el mercado nacional de medicamentos naturales, manteniendo la calidad en cada uno de sus productos; con investigaci\u00f3n afianzada en innovaci\u00f3n tecnol\u00f3gica, cumpliendo adem\u00e1s con las Buenas Pr\u00e1cticas de Manufactura (BPM); de esta forma queremos llevar del Ecuador al mundo \u201cCiencia y Naturaleza para su salud\u201d\u00ae.<\/p>\n<p>[\/et_pb_text][\/et_pb_column][\/et_pb_row][\/et_pb_section]<\/p>\n","protected":false},"excerpt":{"rendered":"<p>Empresa Ecuatoriana Los Laboratorios NATUALFA\u00ae C\u00eda. Ltda., somos una orgullosa empresa ecuatoriana con 32 a\u00f1os de experiencia, ubicada en la ciudad de Quito, dedicada a la investigaci\u00f3n, elaboraci\u00f3n y distribuci\u00f3n de productos naturales de uso medicinal con principios activos 100% naturales de origen vegetal &#8211; ap\u00edcola con eficacia demostrada. Todo nuestro trabajo est\u00e1 dedicado al [&hellip;]<\/p>\n","protected":false},"author":56,"featured_media":0,"parent":0,"menu_order":0,"comment_status":"closed","ping_status":"closed","template":"","meta":{"_et_pb_use_builder":"on","_et_pb_old_content":"","_et_gb_content_width":"","footnotes":""},"class_list":["post-79","page","type-page","status-publish","hentry"],"yoast_head":"<!-- This site is optimized with the Yoast SEO plugin v27.0 - https:\/\/yoast.com\/product\/yoast-seo-wordpress\/ -->\n<title>Elaboramos productos naturales de calidad<\/title>\n<meta name=\"description\" content=\"Nuestro trabajo est\u00e1 dedicado al mejoramiento de la salud de las familias ecuatorianas; por ello nuestro compromiso es brindar bienestar\" \/>\n<meta name=\"robots\" content=\"index, follow, max-snippet:-1, max-image-preview:large, max-video-preview:-1\" \/>\n<link rel=\"canonical\" href=\"https:\/\/www.natualfa.com.ec\/web\/nosotros\/\" \/>\n<meta property=\"og:locale\" content=\"es_ES\" \/>\n<meta property=\"og:type\" content=\"article\" \/>\n<meta property=\"og:title\" content=\"Elaboramos productos naturales de calidad\" \/>\n<meta property=\"og:description\" content=\"Nuestro trabajo est\u00e1 dedicado al mejoramiento de la salud de las familias ecuatorianas; por ello nuestro compromiso es brindar bienestar\" \/>\n<meta property=\"og:url\" content=\"https:\/\/www.natualfa.com.ec\/web\/nosotros\/\" \/>\n<meta property=\"og:site_name\" content=\"Laboratorios Natualfa\" \/>\n<meta property=\"article:publisher\" content=\"https:\/\/www.facebook.com\/natualfa\/\" \/>\n<meta property=\"article:modified_time\" content=\"2024-04-26T14:56:53+00:00\" \/>\n<meta property=\"og:image\" content=\"https:\/\/www.natualfa.com.ec\/web\/wp-content\/uploads\/2023\/02\/MISION-NATUALFA.png\" \/>\n<meta name=\"twitter:label1\" content=\"Tiempo de lectura\" \/>\n\t<meta name=\"twitter:data1\" content=\"3 minutos\" \/>\n<script type=\"application\/ld+json\" class=\"yoast-schema-graph\">{\"@context\":\"https:\/\/schema.org\",\"@graph\":[{\"@type\":\"WebPage\",\"@id\":\"https:\/\/www.natualfa.com.ec\/web\/nosotros\/\",\"url\":\"https:\/\/www.natualfa.com.ec\/web\/nosotros\/\",\"name\":\"Elaboramos productos naturales de calidad\",\"isPartOf\":{\"@id\":\"https:\/\/www.natualfa.com.ec\/web\/#website\"},\"primaryImageOfPage\":{\"@id\":\"https:\/\/www.natualfa.com.ec\/web\/nosotros\/#primaryimage\"},\"image\":{\"@id\":\"https:\/\/www.natualfa.com.ec\/web\/nosotros\/#primaryimage\"},\"thumbnailUrl\":\"https:\/\/www.natualfa.com.ec\/web\/wp-content\/uploads\/2023\/02\/MISION-NATUALFA.png\",\"datePublished\":\"2017-11-17T02:06:34+00:00\",\"dateModified\":\"2024-04-26T14:56:53+00:00\",\"description\":\"Nuestro trabajo est\u00e1 dedicado al mejoramiento de la salud de las familias ecuatorianas; por ello nuestro compromiso es brindar bienestar\",\"inLanguage\":\"es\",\"potentialAction\":[{\"@type\":\"ReadAction\",\"target\":[\"https:\/\/www.natualfa.com.ec\/web\/nosotros\/\"]}]},{\"@type\":\"ImageObject\",\"inLanguage\":\"es\",\"@id\":\"https:\/\/www.natualfa.com.ec\/web\/nosotros\/#primaryimage\",\"url\":\"https:\/\/www.natualfa.com.ec\/web\/wp-content\/uploads\/2023\/02\/MISION-NATUALFA.png\",\"contentUrl\":\"https:\/\/www.natualfa.com.ec\/web\/wp-content\/uploads\/2023\/02\/MISION-NATUALFA.png\",\"width\":121,\"height\":133},{\"@type\":\"WebSite\",\"@id\":\"https:\/\/www.natualfa.com.ec\/web\/#website\",\"url\":\"https:\/\/www.natualfa.com.ec\/web\/\",\"name\":\"Laboratorios Natualfa\",\"description\":\"Elaboraci\u00f3n de productos naturales medicinales de calidad\",\"publisher\":{\"@id\":\"https:\/\/www.natualfa.com.ec\/web\/#organization\"},\"potentialAction\":[{\"@type\":\"SearchAction\",\"target\":{\"@type\":\"EntryPoint\",\"urlTemplate\":\"https:\/\/www.natualfa.com.ec\/web\/?s={search_term_string}\"},\"query-input\":{\"@type\":\"PropertyValueSpecification\",\"valueRequired\":true,\"valueName\":\"search_term_string\"}}],\"inLanguage\":\"es\"},{\"@type\":\"Organization\",\"@id\":\"https:\/\/www.natualfa.com.ec\/web\/#organization\",\"name\":\"Laboratorios Natualfa C\u00eda. Ltda.\",\"url\":\"https:\/\/www.natualfa.com.ec\/web\/\",\"logo\":{\"@type\":\"ImageObject\",\"inLanguage\":\"es\",\"@id\":\"https:\/\/www.natualfa.com.ec\/web\/#\/schema\/logo\/image\/\",\"url\":\"https:\/\/www.natualfa.com.ec\/web\/wp-content\/uploads\/2023\/02\/Logo-Natualfa-slogan-Ciencia2023.png\",\"contentUrl\":\"https:\/\/www.natualfa.com.ec\/web\/wp-content\/uploads\/2023\/02\/Logo-Natualfa-slogan-Ciencia2023.png\",\"width\":687,\"height\":344,\"caption\":\"Laboratorios Natualfa C\u00eda. Ltda.\"},\"image\":{\"@id\":\"https:\/\/www.natualfa.com.ec\/web\/#\/schema\/logo\/image\/\"},\"sameAs\":[\"https:\/\/www.facebook.com\/natualfa\/\",\"https:\/\/www.instagram.com\/natualfa\/\"]}]}<\/script>\n<!-- \/ Yoast SEO plugin. -->","yoast_head_json":{"title":"Elaboramos productos naturales de calidad","description":"Nuestro trabajo est\u00e1 dedicado al mejoramiento de la salud de las familias ecuatorianas; por ello nuestro compromiso es brindar bienestar","robots":{"index":"index","follow":"follow","max-snippet":"max-snippet:-1","max-image-preview":"max-image-preview:large","max-video-preview":"max-video-preview:-1"},"canonical":"https:\/\/www.natualfa.com.ec\/web\/nosotros\/","og_locale":"es_ES","og_type":"article","og_title":"Elaboramos productos naturales de calidad","og_description":"Nuestro trabajo est\u00e1 dedicado al mejoramiento de la salud de las familias ecuatorianas; por ello nuestro compromiso es brindar bienestar","og_url":"https:\/\/www.natualfa.com.ec\/web\/nosotros\/","og_site_name":"Laboratorios Natualfa","article_publisher":"https:\/\/www.facebook.com\/natualfa\/","article_modified_time":"2024-04-26T14:56:53+00:00","og_image":[{"url":"https:\/\/www.natualfa.com.ec\/web\/wp-content\/uploads\/2023\/02\/MISION-NATUALFA.png","type":"","width":"","height":""}],"twitter_misc":{"Tiempo de lectura":"3 minutos"},"schema":{"@context":"https:\/\/schema.org","@graph":[{"@type":"WebPage","@id":"https:\/\/www.natualfa.com.ec\/web\/nosotros\/","url":"https:\/\/www.natualfa.com.ec\/web\/nosotros\/","name":"Elaboramos productos naturales de calidad","isPartOf":{"@id":"https:\/\/www.natualfa.com.ec\/web\/#website"},"primaryImageOfPage":{"@id":"https:\/\/www.natualfa.com.ec\/web\/nosotros\/#primaryimage"},"image":{"@id":"https:\/\/www.natualfa.com.ec\/web\/nosotros\/#primaryimage"},"thumbnailUrl":"https:\/\/www.natualfa.com.ec\/web\/wp-content\/uploads\/2023\/02\/MISION-NATUALFA.png","datePublished":"2017-11-17T02:06:34+00:00","dateModified":"2024-04-26T14:56:53+00:00","description":"Nuestro trabajo est\u00e1 dedicado al mejoramiento de la salud de las familias ecuatorianas; por ello nuestro compromiso es brindar bienestar","inLanguage":"es","potentialAction":[{"@type":"ReadAction","target":["https:\/\/www.natualfa.com.ec\/web\/nosotros\/"]}]},{"@type":"ImageObject","inLanguage":"es","@id":"https:\/\/www.natualfa.com.ec\/web\/nosotros\/#primaryimage","url":"https:\/\/www.natualfa.com.ec\/web\/wp-content\/uploads\/2023\/02\/MISION-NATUALFA.png","contentUrl":"https:\/\/www.natualfa.com.ec\/web\/wp-content\/uploads\/2023\/02\/MISION-NATUALFA.png","width":121,"height":133},{"@type":"WebSite","@id":"https:\/\/www.natualfa.com.ec\/web\/#website","url":"https:\/\/www.natualfa.com.ec\/web\/","name":"Laboratorios Natualfa","description":"Elaboraci\u00f3n de productos naturales medicinales de calidad","publisher":{"@id":"https:\/\/www.natualfa.com.ec\/web\/#organization"},"potentialAction":[{"@type":"SearchAction","target":{"@type":"EntryPoint","urlTemplate":"https:\/\/www.natualfa.com.ec\/web\/?s={search_term_string}"},"query-input":{"@type":"PropertyValueSpecification","valueRequired":true,"valueName":"search_term_string"}}],"inLanguage":"es"},{"@type":"Organization","@id":"https:\/\/www.natualfa.com.ec\/web\/#organization","name":"Laboratorios Natualfa C\u00eda. Ltda.","url":"https:\/\/www.natualfa.com.ec\/web\/","logo":{"@type":"ImageObject","inLanguage":"es","@id":"https:\/\/www.natualfa.com.ec\/web\/#\/schema\/logo\/image\/","url":"https:\/\/www.natualfa.com.ec\/web\/wp-content\/uploads\/2023\/02\/Logo-Natualfa-slogan-Ciencia2023.png","contentUrl":"https:\/\/www.natualfa.com.ec\/web\/wp-content\/uploads\/2023\/02\/Logo-Natualfa-slogan-Ciencia2023.png","width":687,"height":344,"caption":"Laboratorios Natualfa C\u00eda. Ltda."},"image":{"@id":"https:\/\/www.natualfa.com.ec\/web\/#\/schema\/logo\/image\/"},"sameAs":["https:\/\/www.facebook.com\/natualfa\/","https:\/\/www.instagram.com\/natualfa\/"]}]}},"_links":{"self":[{"href":"https:\/\/www.natualfa.com.ec\/web\/wp-json\/wp\/v2\/pages\/79","targetHints":{"allow":["GET"]}}],"collection":[{"href":"https:\/\/www.natualfa.com.ec\/web\/wp-json\/wp\/v2\/pages"}],"about":[{"href":"https:\/\/www.natualfa.com.ec\/web\/wp-json\/wp\/v2\/types\/page"}],"author":[{"embeddable":true,"href":"https:\/\/www.natualfa.com.ec\/web\/wp-json\/wp\/v2\/users\/56"}],"replies":[{"embeddable":true,"href":"https:\/\/www.natualfa.com.ec\/web\/wp-json\/wp\/v2\/comments?post=79"}],"version-history":[{"count":21,"href":"https:\/\/www.natualfa.com.ec\/web\/wp-json\/wp\/v2\/pages\/79\/revisions"}],"predecessor-version":[{"id":5783,"href":"https:\/\/www.natualfa.com.ec\/web\/wp-json\/wp\/v2\/pages\/79\/revisions\/5783"}],"wp:attachment":[{"href":"https:\/\/www.natualfa.com.ec\/web\/wp-json\/wp\/v2\/media?parent=79"}],"curies":[{"name":"wp","href":"https:\/\/api.w.org\/{rel}","templated":true}]}}