{"id":6623,"date":"2024-10-27T11:54:28","date_gmt":"2024-10-27T16:54:28","guid":{"rendered":"https:\/\/www.natualfa.com.ec\/web\/?page_id=6623"},"modified":"2026-03-24T17:59:32","modified_gmt":"2026-03-24T22:59:32","slug":"jengibre-propoleo-spray-oral-sabor-naranja","status":"publish","type":"page","link":"https:\/\/www.natualfa.com.ec\/web\/jengibre-propoleo-spray-oral-sabor-naranja\/","title":{"rendered":"Jengibre+Prop\u00f3leo Spray Oral sabor Naranja"},"content":{"rendered":"<p>[et_pb_section fb_built=\u00bb1&#8243; fullwidth=\u00bbon\u00bb _builder_version=\u00bb4.16&#8243; global_colors_info=\u00bb{}\u00bb][et_pb_fullwidth_image src=\u00bbhttp:\/\/ideamrk.ws\/wp-content\/uploads\/2017\/12\/franjaprodu.png\u00bb _builder_version=\u00bb4.16&#8243; background_size=\u00bbinitial\u00bb background_position=\u00bbtop_left\u00bb background_repeat=\u00bbrepeat\u00bb animation_style=\u00bbslide\u00bb animation_direction=\u00bbleft\u00bb animation_duration=\u00bb500ms\u00bb animation_intensity_slide=\u00bb10%\u00bb animation=\u00bbleft\u00bb border_style=\u00bbsolid\u00bb global_colors_info=\u00bb{}\u00bb][\/et_pb_fullwidth_image][\/et_pb_section][et_pb_section fb_built=\u00bb1&#8243; _builder_version=\u00bb4.16&#8243; custom_padding=\u00bb3px|||||\u00bb global_colors_info=\u00bb{}\u00bb][et_pb_row column_structure=\u00bb1_2,1_2&#8243; _builder_version=\u00bb4.16&#8243; background_size=\u00bbinitial\u00bb background_position=\u00bbtop_left\u00bb background_repeat=\u00bbrepeat\u00bb custom_padding=\u00bb8px|||||\u00bb global_colors_info=\u00bb{}\u00bb][et_pb_column type=\u00bb1_2&#8243; _builder_version=\u00bb4.16&#8243; custom_padding=\u00bb|||\u00bb global_colors_info=\u00bb{}\u00bb custom_padding__hover=\u00bb|||\u00bb][et_pb_image src=\u00bbhttps:\/\/www.natualfa.com.ec\/web\/wp-content\/uploads\/2026\/03\/JengibrePropoleoSprayNaranja.jpg\u00bb alt=\u00bbJengibre+PropoleoSprayNaranja\u00bb title_text=\u00bbJengibre+PropoleoSprayNaranja\u00bb align=\u00bbcenter\u00bb align_tablet=\u00bbcenter\u00bb align_phone=\u00bbcenter\u00bb align_last_edited=\u00bbon|desktop\u00bb _builder_version=\u00bb4.27.6&#8243; background_image=\u00bbhttp:\/\/natu.peluqueriasquito.ws\/wp-content\/uploads\/2017\/11\/HOJAS-INSTITUCIONALES-2017.jpg\u00bb border_width_all=\u00bb0px\u00bb border_color_all=\u00bb#8ea81c\u00bb border_style_all=\u00bbsolid\u00bb use_border_color=\u00bbon\u00bb border_color=\u00bb#8ea81c\u00bb border_style=\u00bbsolid\u00bb sticky=\u00bboff\u00bb always_center_on_mobile=\u00bbon\u00bb global_colors_info=\u00bb{}\u00bb][\/et_pb_image][\/et_pb_column][et_pb_column type=\u00bb1_2&#8243; _builder_version=\u00bb4.16&#8243; custom_padding=\u00bb|||\u00bb global_colors_info=\u00bb{}\u00bb custom_padding__hover=\u00bb|||\u00bb][et_pb_text _builder_version=\u00bb4.27.0&#8243; border_style=\u00bbsolid\u00bb global_colors_info=\u00bb{}\u00bb]<\/p>\n<h1 class=\"product_title entry-title\"><b>Jengibre + Prop\u00f3leo Spray Oral con sabor a Naranja<\/b><b><\/b><\/h1>\n<h3 class=\"product_title entry-title\">Descripci\u00f3n<\/h3>\n<p><strong>EFICAZ PARA LUBRICAR Y REFRESCAR LA GARGANTA IRRITADA, CON VITAMINA C Y ACEITE NATURAL DE NARANJA , QUE MEJORA LAS DEFENSAS DEL ORGANISMO, MEJORA TRASTORNOS DIGESTIVOS, \u00daTIL EN EL TRATAMIENTO DE LESIONES BUCALES Y MEJORA EL ESTADO AN\u00cdMICO.<\/strong><\/p>\n<p><span class=\"posted_in\">Categor\u00edas:\u00a0<a href=\"https:\/\/www.natualfa.com.ec\/web\/aparato-respiratorio\/\">Aparato respiratorio<\/a><\/span><\/p>\n<p>Spray Oral 50 ML<\/p>\n<p>[\/et_pb_text][et_pb_image src=\u00bbhttps:\/\/www.natualfa.com.ec\/web\/wp-content\/uploads\/2026\/03\/ACEITE-ESENCIAL-Naranja-1.jpg\u00bb alt=\u00bbACEITE ESENCIAL Naranja\u00bb title_text=\u00bbACEITE ESENCIAL Naranja\u00bb align=\u00bbcenter\u00bb _builder_version=\u00bb4.27.6&#8243; _module_preset=\u00bbdefault\u00bb global_colors_info=\u00bb{}\u00bb][\/et_pb_image][et_pb_image src=\u00bbhttps:\/\/www.natualfa.com.ec\/web\/wp-content\/uploads\/2026\/03\/VITAMINA-C.jpg\u00bb alt=\u00bbVITAMINA C\u00bb title_text=\u00bbVITAMINA C\u00bb align=\u00bbcenter\u00bb _builder_version=\u00bb4.27.6&#8243; _module_preset=\u00bbdefault\u00bb global_colors_info=\u00bb{}\u00bb][\/et_pb_image][et_pb_image src=\u00bbhttps:\/\/www.natualfa.com.ec\/web\/wp-content\/uploads\/2026\/03\/Beneficios-JengibrePropoleo-Spray-Oral-1.jpg\u00bb alt=\u00bbBeneficios-Jengibre+Propoleo Spray Oral\u00bb title_text=\u00bbBeneficios-Jengibre+Propoleo Spray Oral\u00bb align=\u00bbcenter\u00bb _builder_version=\u00bb4.27.6&#8243; _module_preset=\u00bbdefault\u00bb global_colors_info=\u00bb{}\u00bb][\/et_pb_image][\/et_pb_column][\/et_pb_row][et_pb_row _builder_version=\u00bb4.16&#8243; background_size=\u00bbinitial\u00bb background_position=\u00bbtop_left\u00bb background_repeat=\u00bbrepeat\u00bb custom_padding=\u00bb1px|||||\u00bb global_colors_info=\u00bb{}\u00bb][et_pb_column type=\u00bb4_4&#8243; _builder_version=\u00bb4.16&#8243; custom_padding=\u00bb|||\u00bb global_colors_info=\u00bb{}\u00bb custom_padding__hover=\u00bb|||\u00bb][et_pb_tabs active_tab_background_color=\u00bb#b67313&#8243; inactive_tab_background_color=\u00bb#FFFFFF\u00bb active_tab_text_color=\u00bb#FFFFFF\u00bb _builder_version=\u00bb4.27.0&#8243; tab_text_color=\u00bb#d3a76d\u00bb body_text_color=\u00bb#000000&#8243; body_font_size=\u00bb13px\u00bb tab_font_size=\u00bb12&#8243; background_image=\u00bbhttp:\/\/ideamrk.ws\/wp-content\/uploads\/2017\/12\/data15235420.jpg\u00bb border_color_all=\u00bb#b67313&#8243; border_style=\u00bbsolid\u00bb global_colors_info=\u00bb{}\u00bb][et_pb_tab title=\u00bbCOMPOSICI\u00d3N\u00bb _builder_version=\u00bb4.27.0&#8243; body_font=\u00bb||||\u00bb tab_font=\u00bb||||\u00bb global_colors_info=\u00bb{}\u00bb]<\/p>\n<p>Composici\u00f3n cada 100 ml contiene: Extracto fluido de ra\u00edz de Jengibre (Zingiber officinale Rosc.), 18 ml., Tintura de Prop\u00f3leo 18 ml. Excipientes: Aceite esencial de Naranja, Vitamina C, Sacarina S\u00f3dica, Sorbitol, Glicerina, Tween 80, Agua purificada.<\/p>\n<p>[\/et_pb_tab][et_pb_tab title=\u00bbINDICACIONES TERAP\u00c9UTICAS\u00bb _builder_version=\u00bb4.27.0&#8243; body_font=\u00bb||||\u00bb tab_font=\u00bb||||\u00bb global_colors_info=\u00bb{}\u00bb]<\/p>\n<p>Medicamento \u00fatil en el tratamiento de infecci\u00f3n e inflamaci\u00f3n relacionado con la cavidad bucofar\u00edngea producido por el resfriado com\u00fan, siendo eficaz para lubricar y refrescar la garganta irritada. Por sus caracter\u00edsticas carminativas y absorbentes est\u00e1 indicado en el tratamiento preventivo de la n\u00e1usea y el v\u00f3mito. \u00a0<\/p>\n<p>[\/et_pb_tab][et_pb_tab title=\u00bbCONTRAINDICACIONES\u00bb _builder_version=\u00bb4.27.0&#8243; body_font=\u00bb||||\u00bb tab_font=\u00bb||||\u00bb global_colors_info=\u00bb{}\u00bb]<\/p>\n<p>No consumir en caso de hipersensibilidad o alergia a los componentes. No usar simult\u00e1neamente con anticuagulantes. Se puede administrar en el embarazo en periodos cortos y con control m\u00e9dico. Usar en ni\u00f1os a partir de los 6 a\u00f1os. \u00a0<\/p>\n<p><span>Este producto puede obtenerse sin prescripci\u00f3n m\u00e9dica, para el tratamiento de afecciones menores sin la intervenci\u00f3n de un m\u00e9dico. No obstante, debe utilizar con cuidado este producto para obtener los mejores resultados.<\/span><\/p>\n<p>[\/et_pb_tab][et_pb_tab title=\u00bbPOSOLOG\u00cdA\u00bb _builder_version=\u00bb4.27.0&#8243; body_font=\u00bb||||\u00bb tab_font=\u00bb||||\u00bb global_colors_info=\u00bb{}\u00bb]<\/p>\n<p>Aplicar 5 atomizaciones directamente dentro de la boca, 4 veces al d\u00eda o seg\u00fan sea necesario.<\/p>\n<p>Si los s\u00edntomas persisten consulte a su m\u00e9dico.<\/p>\n<p>En el caso de presentar efectos adversos, comunicarse inmediatamente con la ARCSA y con el titular del registro sanitario a: farmacovigilancia@natualfa.com.ec\u00a0\u00a0<\/p>\n<p>[\/et_pb_tab][et_pb_tab title=\u00bbPRESENTACI\u00d3N\u00bb _builder_version=\u00bb4.27.0&#8243; body_font=\u00bb||||\u00bb tab_font=\u00bb||||\u00bb global_colors_info=\u00bb{}\u00bb]<\/p>\n<p>Frasco Spray con c\u00e1ndula aplicadora de 50ml<\/p>\n<p><strong>\u00a0Registro Sanitario # 640-PNN-1024<\/strong> \u00a0<\/p>\n<p>[\/et_pb_tab][\/et_pb_tabs][\/et_pb_column][\/et_pb_row][et_pb_row _builder_version=\u00bb4.16&#8243; background_size=\u00bbinitial\u00bb background_position=\u00bbtop_left\u00bb background_repeat=\u00bbrepeat\u00bb global_colors_info=\u00bb{}\u00bb][et_pb_column type=\u00bb4_4&#8243; _builder_version=\u00bb4.16&#8243; custom_padding=\u00bb|||\u00bb global_colors_info=\u00bb{}\u00bb custom_padding__hover=\u00bb|||\u00bb][et_pb_text _builder_version=\u00bb4.16&#8243; global_colors_info=\u00bb{}\u00bb]<\/p>\n<h1>PRODUCTOS RELACIONADOS<\/h1>\n<p>[\/et_pb_text][\/et_pb_column][\/et_pb_row][et_pb_row column_structure=\u00bb1_3,1_3,1_3&#8243; _builder_version=\u00bb4.16&#8243; background_size=\u00bbinitial\u00bb background_position=\u00bbtop_left\u00bb background_repeat=\u00bbrepeat\u00bb global_colors_info=\u00bb{}\u00bb][et_pb_column type=\u00bb1_3&#8243; _builder_version=\u00bb4.16&#8243; custom_padding=\u00bb|||\u00bb global_colors_info=\u00bb{}\u00bb custom_padding__hover=\u00bb|||\u00bb][et_pb_image src=\u00bbhttps:\/\/www.natualfa.com.ec\/web\/wp-content\/uploads\/2026\/03\/JengibrePropoleoMast-5-300&#215;300.jpg\u00bb alt=\u00bbJengibre+Prop\u00f3leo Masticables\u00bb title_text=\u00bbJengibre+Prop\u00f3leo Masticables\u00bb url=\u00bbhttps:\/\/www.natualfa.com.ec\/web\/jengibre-propoleo\/\u00bb align=\u00bbcenter\u00bb align_tablet=\u00bbcenter\u00bb align_phone=\u00bbcenter\u00bb align_last_edited=\u00bbon|desktop\u00bb _builder_version=\u00bb4.27.6&#8243; border_width_all=\u00bb0px\u00bb border_color_all=\u00bb#fff6f2&#8243; border_style_all=\u00bbsolid\u00bb use_border_color=\u00bbon\u00bb border_color=\u00bb#fff6f2&#8243; border_style=\u00bbsolid\u00bb sticky=\u00bboff\u00bb always_center_on_mobile=\u00bbon\u00bb global_colors_info=\u00bb{}\u00bb][\/et_pb_image][\/et_pb_column][et_pb_column type=\u00bb1_3&#8243; _builder_version=\u00bb4.16&#8243; custom_padding=\u00bb|||\u00bb global_colors_info=\u00bb{}\u00bb custom_padding__hover=\u00bb|||\u00bb][et_pb_image src=\u00bbhttps:\/\/www.natualfa.com.ec\/web\/wp-content\/uploads\/2026\/03\/EquinaceaPropoleo-300&#215;300.jpg\u00bb alt=\u00bbEquin\u00e1cea+Prop\u00f3leo\u00bb title_text=\u00bbEquin\u00e1cea+Prop\u00f3leo\u00bb url=\u00bbhttps:\/\/www.natualfa.com.ec\/web\/equinacea-propoleo\/\u00bb align=\u00bbcenter\u00bb align_tablet=\u00bbcenter\u00bb align_phone=\u00bbcenter\u00bb align_last_edited=\u00bbon|desktop\u00bb _builder_version=\u00bb4.27.6&#8243; border_width_all=\u00bb0px\u00bb border_color_all=\u00bb#fff6f2&#8243; border_style_all=\u00bbsolid\u00bb use_border_color=\u00bbon\u00bb border_color=\u00bb#fff6f2&#8243; border_style=\u00bbsolid\u00bb sticky=\u00bboff\u00bb always_center_on_mobile=\u00bbon\u00bb global_colors_info=\u00bb{}\u00bb][\/et_pb_image][\/et_pb_column][et_pb_column type=\u00bb1_3&#8243; _builder_version=\u00bb4.16&#8243; custom_padding=\u00bb|||\u00bb global_colors_info=\u00bb{}\u00bb custom_padding__hover=\u00bb|||\u00bb][et_pb_image src=\u00bbhttps:\/\/www.natualfa.com.ec\/web\/wp-content\/uploads\/2026\/03\/JengibrePropoleoSprayMenta-184&#215;300.jpg\u00bb alt=\u00bbJengibre+PropoleoSprayMenta&#038;Eucalipto\u00bb title_text=\u00bbJengibre+PropoleoSprayMenta&#038;Eucalipto\u00bb url=\u00bbhttps:\/\/www.natualfa.com.ec\/web\/jengibre-propoleo-spray-oral-sabor-menta-eucalipto\/\u00bb align=\u00bbcenter\u00bb _builder_version=\u00bb4.27.6&#8243; _module_preset=\u00bbdefault\u00bb global_colors_info=\u00bb{}\u00bb][\/et_pb_image][\/et_pb_column][\/et_pb_row][\/et_pb_section][et_pb_section fb_built=\u00bb1&#8243; _builder_version=\u00bb4.16&#8243; custom_padding=\u00bb0px||1px|||\u00bb locked=\u00bboff\u00bb global_colors_info=\u00bb{}\u00bb][et_pb_row _builder_version=\u00bb4.16&#8243; background_size=\u00bbinitial\u00bb background_position=\u00bbtop_left\u00bb background_repeat=\u00bbrepeat\u00bb custom_margin=\u00bb1px|auto||auto||\u00bb custom_padding=\u00bb0px|||||\u00bb global_colors_info=\u00bb{}\u00bb][et_pb_column type=\u00bb4_4&#8243; _builder_version=\u00bb4.16&#8243; custom_padding=\u00bb|||\u00bb global_colors_info=\u00bb{}\u00bb custom_padding__hover=\u00bb|||\u00bb][et_pb_comments _builder_version=\u00bb4.16&#8243; border_style=\u00bbsolid\u00bb button_letter_spacing_hover=\u00bb0&#8243; global_colors_info=\u00bb{}\u00bb button_text_size__hover_enabled=\u00bboff\u00bb button_one_text_size__hover_enabled=\u00bboff\u00bb button_two_text_size__hover_enabled=\u00bboff\u00bb button_text_color__hover_enabled=\u00bboff\u00bb button_one_text_color__hover_enabled=\u00bboff\u00bb button_two_text_color__hover_enabled=\u00bboff\u00bb button_border_width__hover_enabled=\u00bboff\u00bb button_one_border_width__hover_enabled=\u00bboff\u00bb button_two_border_width__hover_enabled=\u00bboff\u00bb button_border_color__hover_enabled=\u00bboff\u00bb button_one_border_color__hover_enabled=\u00bboff\u00bb button_two_border_color__hover_enabled=\u00bboff\u00bb button_border_radius__hover_enabled=\u00bboff\u00bb button_one_border_radius__hover_enabled=\u00bboff\u00bb button_two_border_radius__hover_enabled=\u00bboff\u00bb button_letter_spacing__hover_enabled=\u00bbon\u00bb button_letter_spacing__hover=\u00bb0&#8243; button_one_letter_spacing__hover_enabled=\u00bboff\u00bb button_two_letter_spacing__hover_enabled=\u00bboff\u00bb button_bg_color__hover_enabled=\u00bboff\u00bb button_one_bg_color__hover_enabled=\u00bboff\u00bb button_two_bg_color__hover_enabled=\u00bboff\u00bb][\/et_pb_comments][\/et_pb_column][\/et_pb_row][\/et_pb_section]<\/p>\n","protected":false},"excerpt":{"rendered":"<p>Jengibre + Prop\u00f3leo Spray Oral con sabor a Naranja Descripci\u00f3n EFICAZ PARA LUBRICAR Y REFRESCAR LA GARGANTA IRRITADA, CON VITAMINA C Y ACEITE NATURAL DE NARANJA , QUE MEJORA LAS DEFENSAS DEL ORGANISMO, MEJORA TRASTORNOS DIGESTIVOS, \u00daTIL EN EL TRATAMIENTO DE LESIONES BUCALES Y MEJORA EL ESTADO AN\u00cdMICO. Categor\u00edas:\u00a0Aparato respiratorio Spray Oral 50 MLComposici\u00f3n cada [&hellip;]<\/p>\n","protected":false},"author":7,"featured_media":7080,"parent":0,"menu_order":0,"comment_status":"closed","ping_status":"closed","template":"","meta":{"_et_pb_use_builder":"on","_et_pb_old_content":"","_et_gb_content_width":"","footnotes":""},"class_list":["post-6623","page","type-page","status-publish","has-post-thumbnail","hentry"],"yoast_head":"<!-- This site is optimized with the Yoast SEO plugin v27.0 - https:\/\/yoast.com\/product\/yoast-seo-wordpress\/ -->\n<title>Jengibre+Prop\u00f3leo Spray Oral sabor Naranja - Laboratorios Natualfa<\/title>\n<meta name=\"description\" content=\"TRATAMIENTO PARA LA INFECCI\u00d3N E INFLAMACI\u00d3N DE LA GARGANTA IRRITADA, CREANDO UNA BARRERA PROTECTORA CONTRA AGENTES EXTERNOS DA\u00d1INOS, CON VITAMINA C Y ACEITE ESENCIAL DE NARANJA\" \/>\n<meta name=\"robots\" content=\"index, follow, max-snippet:-1, max-image-preview:large, max-video-preview:-1\" \/>\n<link rel=\"canonical\" href=\"https:\/\/www.natualfa.com.ec\/web\/jengibre-propoleo-spray-oral-sabor-naranja\/\" \/>\n<meta property=\"og:locale\" content=\"es_ES\" \/>\n<meta property=\"og:type\" content=\"article\" \/>\n<meta property=\"og:title\" content=\"Jengibre+Prop\u00f3leo Spray Oral sabor Naranja - Laboratorios Natualfa\" \/>\n<meta property=\"og:description\" content=\"TRATAMIENTO PARA LA INFECCI\u00d3N E INFLAMACI\u00d3N DE LA GARGANTA IRRITADA, CREANDO UNA BARRERA PROTECTORA CONTRA AGENTES EXTERNOS DA\u00d1INOS, CON VITAMINA C Y ACEITE ESENCIAL DE NARANJA\" \/>\n<meta property=\"og:url\" content=\"https:\/\/www.natualfa.com.ec\/web\/jengibre-propoleo-spray-oral-sabor-naranja\/\" \/>\n<meta property=\"og:site_name\" content=\"Laboratorios Natualfa\" \/>\n<meta property=\"article:publisher\" content=\"https:\/\/www.facebook.com\/natualfa\/\" \/>\n<meta property=\"article:modified_time\" content=\"2026-03-24T22:59:32+00:00\" \/>\n<meta property=\"og:image\" content=\"https:\/\/www.natualfa.com.ec\/web\/wp-content\/uploads\/2026\/03\/JengibrePropoleoSprayNaranja-copia.jpg\" \/>\n\t<meta property=\"og:image:width\" content=\"400\" \/>\n\t<meta property=\"og:image:height\" content=\"400\" \/>\n\t<meta property=\"og:image:type\" content=\"image\/jpeg\" \/>\n<meta name=\"twitter:label1\" content=\"Tiempo de lectura\" \/>\n\t<meta name=\"twitter:data1\" content=\"4 minutos\" \/>\n<script type=\"application\/ld+json\" class=\"yoast-schema-graph\">{\"@context\":\"https:\/\/schema.org\",\"@graph\":[{\"@type\":\"WebPage\",\"@id\":\"https:\/\/www.natualfa.com.ec\/web\/jengibre-propoleo-spray-oral-sabor-naranja\/\",\"url\":\"https:\/\/www.natualfa.com.ec\/web\/jengibre-propoleo-spray-oral-sabor-naranja\/\",\"name\":\"Jengibre+Prop\u00f3leo Spray Oral sabor Naranja - Laboratorios Natualfa\",\"isPartOf\":{\"@id\":\"https:\/\/www.natualfa.com.ec\/web\/#website\"},\"primaryImageOfPage\":{\"@id\":\"https:\/\/www.natualfa.com.ec\/web\/jengibre-propoleo-spray-oral-sabor-naranja\/#primaryimage\"},\"image\":{\"@id\":\"https:\/\/www.natualfa.com.ec\/web\/jengibre-propoleo-spray-oral-sabor-naranja\/#primaryimage\"},\"thumbnailUrl\":\"https:\/\/www.natualfa.com.ec\/web\/wp-content\/uploads\/2026\/03\/JengibrePropoleoSprayNaranja-copia.jpg\",\"datePublished\":\"2024-10-27T16:54:28+00:00\",\"dateModified\":\"2026-03-24T22:59:32+00:00\",\"description\":\"TRATAMIENTO PARA LA INFECCI\u00d3N E INFLAMACI\u00d3N DE LA GARGANTA IRRITADA, CREANDO UNA BARRERA PROTECTORA CONTRA AGENTES EXTERNOS DA\u00d1INOS, CON VITAMINA C Y ACEITE ESENCIAL DE NARANJA\",\"inLanguage\":\"es\",\"potentialAction\":[{\"@type\":\"ReadAction\",\"target\":[\"https:\/\/www.natualfa.com.ec\/web\/jengibre-propoleo-spray-oral-sabor-naranja\/\"]}]},{\"@type\":\"ImageObject\",\"inLanguage\":\"es\",\"@id\":\"https:\/\/www.natualfa.com.ec\/web\/jengibre-propoleo-spray-oral-sabor-naranja\/#primaryimage\",\"url\":\"https:\/\/www.natualfa.com.ec\/web\/wp-content\/uploads\/2026\/03\/JengibrePropoleoSprayNaranja-copia.jpg\",\"contentUrl\":\"https:\/\/www.natualfa.com.ec\/web\/wp-content\/uploads\/2026\/03\/JengibrePropoleoSprayNaranja-copia.jpg\",\"width\":400,\"height\":400,\"caption\":\"Jengibre+PropoleoSprayNaranja\"},{\"@type\":\"WebSite\",\"@id\":\"https:\/\/www.natualfa.com.ec\/web\/#website\",\"url\":\"https:\/\/www.natualfa.com.ec\/web\/\",\"name\":\"Laboratorios Natualfa\",\"description\":\"Elaboraci\u00f3n de productos naturales medicinales de calidad\",\"publisher\":{\"@id\":\"https:\/\/www.natualfa.com.ec\/web\/#organization\"},\"potentialAction\":[{\"@type\":\"SearchAction\",\"target\":{\"@type\":\"EntryPoint\",\"urlTemplate\":\"https:\/\/www.natualfa.com.ec\/web\/?s={search_term_string}\"},\"query-input\":{\"@type\":\"PropertyValueSpecification\",\"valueRequired\":true,\"valueName\":\"search_term_string\"}}],\"inLanguage\":\"es\"},{\"@type\":\"Organization\",\"@id\":\"https:\/\/www.natualfa.com.ec\/web\/#organization\",\"name\":\"Laboratorios Natualfa C\u00eda. Ltda.\",\"url\":\"https:\/\/www.natualfa.com.ec\/web\/\",\"logo\":{\"@type\":\"ImageObject\",\"inLanguage\":\"es\",\"@id\":\"https:\/\/www.natualfa.com.ec\/web\/#\/schema\/logo\/image\/\",\"url\":\"https:\/\/www.natualfa.com.ec\/web\/wp-content\/uploads\/2023\/02\/Logo-Natualfa-slogan-Ciencia2023.png\",\"contentUrl\":\"https:\/\/www.natualfa.com.ec\/web\/wp-content\/uploads\/2023\/02\/Logo-Natualfa-slogan-Ciencia2023.png\",\"width\":687,\"height\":344,\"caption\":\"Laboratorios Natualfa C\u00eda. Ltda.\"},\"image\":{\"@id\":\"https:\/\/www.natualfa.com.ec\/web\/#\/schema\/logo\/image\/\"},\"sameAs\":[\"https:\/\/www.facebook.com\/natualfa\/\",\"https:\/\/www.instagram.com\/natualfa\/\"]}]}<\/script>\n<!-- \/ Yoast SEO plugin. -->","yoast_head_json":{"title":"Jengibre+Prop\u00f3leo Spray Oral sabor Naranja - Laboratorios Natualfa","description":"TRATAMIENTO PARA LA INFECCI\u00d3N E INFLAMACI\u00d3N DE LA GARGANTA IRRITADA, CREANDO UNA BARRERA PROTECTORA CONTRA AGENTES EXTERNOS DA\u00d1INOS, CON VITAMINA C Y ACEITE ESENCIAL DE NARANJA","robots":{"index":"index","follow":"follow","max-snippet":"max-snippet:-1","max-image-preview":"max-image-preview:large","max-video-preview":"max-video-preview:-1"},"canonical":"https:\/\/www.natualfa.com.ec\/web\/jengibre-propoleo-spray-oral-sabor-naranja\/","og_locale":"es_ES","og_type":"article","og_title":"Jengibre+Prop\u00f3leo Spray Oral sabor Naranja - Laboratorios Natualfa","og_description":"TRATAMIENTO PARA LA INFECCI\u00d3N E INFLAMACI\u00d3N DE LA GARGANTA IRRITADA, CREANDO UNA BARRERA PROTECTORA CONTRA AGENTES EXTERNOS DA\u00d1INOS, CON VITAMINA C Y ACEITE ESENCIAL DE NARANJA","og_url":"https:\/\/www.natualfa.com.ec\/web\/jengibre-propoleo-spray-oral-sabor-naranja\/","og_site_name":"Laboratorios Natualfa","article_publisher":"https:\/\/www.facebook.com\/natualfa\/","article_modified_time":"2026-03-24T22:59:32+00:00","og_image":[{"width":400,"height":400,"url":"https:\/\/www.natualfa.com.ec\/web\/wp-content\/uploads\/2026\/03\/JengibrePropoleoSprayNaranja-copia.jpg","type":"image\/jpeg"}],"twitter_misc":{"Tiempo de lectura":"4 minutos"},"schema":{"@context":"https:\/\/schema.org","@graph":[{"@type":"WebPage","@id":"https:\/\/www.natualfa.com.ec\/web\/jengibre-propoleo-spray-oral-sabor-naranja\/","url":"https:\/\/www.natualfa.com.ec\/web\/jengibre-propoleo-spray-oral-sabor-naranja\/","name":"Jengibre+Prop\u00f3leo Spray Oral sabor Naranja - Laboratorios Natualfa","isPartOf":{"@id":"https:\/\/www.natualfa.com.ec\/web\/#website"},"primaryImageOfPage":{"@id":"https:\/\/www.natualfa.com.ec\/web\/jengibre-propoleo-spray-oral-sabor-naranja\/#primaryimage"},"image":{"@id":"https:\/\/www.natualfa.com.ec\/web\/jengibre-propoleo-spray-oral-sabor-naranja\/#primaryimage"},"thumbnailUrl":"https:\/\/www.natualfa.com.ec\/web\/wp-content\/uploads\/2026\/03\/JengibrePropoleoSprayNaranja-copia.jpg","datePublished":"2024-10-27T16:54:28+00:00","dateModified":"2026-03-24T22:59:32+00:00","description":"TRATAMIENTO PARA LA INFECCI\u00d3N E INFLAMACI\u00d3N DE LA GARGANTA IRRITADA, CREANDO UNA BARRERA PROTECTORA CONTRA AGENTES EXTERNOS DA\u00d1INOS, CON VITAMINA C Y ACEITE ESENCIAL DE NARANJA","inLanguage":"es","potentialAction":[{"@type":"ReadAction","target":["https:\/\/www.natualfa.com.ec\/web\/jengibre-propoleo-spray-oral-sabor-naranja\/"]}]},{"@type":"ImageObject","inLanguage":"es","@id":"https:\/\/www.natualfa.com.ec\/web\/jengibre-propoleo-spray-oral-sabor-naranja\/#primaryimage","url":"https:\/\/www.natualfa.com.ec\/web\/wp-content\/uploads\/2026\/03\/JengibrePropoleoSprayNaranja-copia.jpg","contentUrl":"https:\/\/www.natualfa.com.ec\/web\/wp-content\/uploads\/2026\/03\/JengibrePropoleoSprayNaranja-copia.jpg","width":400,"height":400,"caption":"Jengibre+PropoleoSprayNaranja"},{"@type":"WebSite","@id":"https:\/\/www.natualfa.com.ec\/web\/#website","url":"https:\/\/www.natualfa.com.ec\/web\/","name":"Laboratorios Natualfa","description":"Elaboraci\u00f3n de productos naturales medicinales de calidad","publisher":{"@id":"https:\/\/www.natualfa.com.ec\/web\/#organization"},"potentialAction":[{"@type":"SearchAction","target":{"@type":"EntryPoint","urlTemplate":"https:\/\/www.natualfa.com.ec\/web\/?s={search_term_string}"},"query-input":{"@type":"PropertyValueSpecification","valueRequired":true,"valueName":"search_term_string"}}],"inLanguage":"es"},{"@type":"Organization","@id":"https:\/\/www.natualfa.com.ec\/web\/#organization","name":"Laboratorios Natualfa C\u00eda. Ltda.","url":"https:\/\/www.natualfa.com.ec\/web\/","logo":{"@type":"ImageObject","inLanguage":"es","@id":"https:\/\/www.natualfa.com.ec\/web\/#\/schema\/logo\/image\/","url":"https:\/\/www.natualfa.com.ec\/web\/wp-content\/uploads\/2023\/02\/Logo-Natualfa-slogan-Ciencia2023.png","contentUrl":"https:\/\/www.natualfa.com.ec\/web\/wp-content\/uploads\/2023\/02\/Logo-Natualfa-slogan-Ciencia2023.png","width":687,"height":344,"caption":"Laboratorios Natualfa C\u00eda. Ltda."},"image":{"@id":"https:\/\/www.natualfa.com.ec\/web\/#\/schema\/logo\/image\/"},"sameAs":["https:\/\/www.facebook.com\/natualfa\/","https:\/\/www.instagram.com\/natualfa\/"]}]}},"_links":{"self":[{"href":"https:\/\/www.natualfa.com.ec\/web\/wp-json\/wp\/v2\/pages\/6623","targetHints":{"allow":["GET"]}}],"collection":[{"href":"https:\/\/www.natualfa.com.ec\/web\/wp-json\/wp\/v2\/pages"}],"about":[{"href":"https:\/\/www.natualfa.com.ec\/web\/wp-json\/wp\/v2\/types\/page"}],"author":[{"embeddable":true,"href":"https:\/\/www.natualfa.com.ec\/web\/wp-json\/wp\/v2\/users\/7"}],"replies":[{"embeddable":true,"href":"https:\/\/www.natualfa.com.ec\/web\/wp-json\/wp\/v2\/comments?post=6623"}],"version-history":[{"count":33,"href":"https:\/\/www.natualfa.com.ec\/web\/wp-json\/wp\/v2\/pages\/6623\/revisions"}],"predecessor-version":[{"id":7203,"href":"https:\/\/www.natualfa.com.ec\/web\/wp-json\/wp\/v2\/pages\/6623\/revisions\/7203"}],"wp:featuredmedia":[{"embeddable":true,"href":"https:\/\/www.natualfa.com.ec\/web\/wp-json\/wp\/v2\/media\/7080"}],"wp:attachment":[{"href":"https:\/\/www.natualfa.com.ec\/web\/wp-json\/wp\/v2\/media?parent=6623"}],"curies":[{"name":"wp","href":"https:\/\/api.w.org\/{rel}","templated":true}]}}