{"id":353,"date":"2017-11-26T19:54:37","date_gmt":"2017-11-27T00:54:37","guid":{"rendered":"http:\/\/natu.peluqueriasquito.ws\/?page_id=353"},"modified":"2024-04-25T15:49:55","modified_gmt":"2024-04-25T20:49:55","slug":"garantia","status":"publish","type":"page","link":"https:\/\/www.natualfa.com.ec\/web\/garantia\/","title":{"rendered":"Control de Calidad"},"content":{"rendered":"<p>[et_pb_section fb_built=\u00bb1&#8243; fullwidth=\u00bbon\u00bb _builder_version=\u00bb4.23.1&#8243; module_alignment=\u00bbcenter\u00bb locked=\u00bboff\u00bb global_colors_info=\u00bb{}\u00bb][et_pb_fullwidth_image src=\u00bbhttps:\/\/www.natualfa.com.ec\/web\/wp-content\/uploads\/2024\/04\/Banner-pagina-CONTROL-CALIDAD.jpg\u00bb alt=\u00bbProducto medicinal 100% natural de calidad\u00bb title_text=\u00bbBanner-pagina-CONTROL-CALIDAD\u00bb _builder_version=\u00bb4.23.1&#8243; _module_preset=\u00bbdefault\u00bb custom_padding=\u00bb|0px||||\u00bb animation_style=\u00bbslide\u00bb animation_duration=\u00bb500ms\u00bb animation_intensity_slide=\u00bb10%\u00bb global_colors_info=\u00bb{}\u00bb][\/et_pb_fullwidth_image][\/et_pb_section][et_pb_section fb_built=\u00bb1&#8243; _builder_version=\u00bb4.23.1&#8243; _module_preset=\u00bbdefault\u00bb global_colors_info=\u00bb{}\u00bb][et_pb_row _builder_version=\u00bb4.23.1&#8243; _module_preset=\u00bbdefault\u00bb global_colors_info=\u00bb{}\u00bb][et_pb_column type=\u00bb4_4&#8243; _builder_version=\u00bb4.23.1&#8243; _module_preset=\u00bbdefault\u00bb global_colors_info=\u00bb{}\u00bb][et_pb_image src=\u00bbhttps:\/\/www.natualfa.com.ec\/web\/wp-content\/uploads\/2024\/04\/Materia-Prima-calidad-ok.jpg\u00bb alt=\u00bbAdquisici\u00f3n de Materia Prima a proveedores calificados\u00bb title_text=\u00bbMateria-Prima-calidad\u00bb align=\u00bbcenter\u00bb _builder_version=\u00bb4.23.1&#8243; _module_preset=\u00bbdefault\u00bb global_colors_info=\u00bb{}\u00bb][\/et_pb_image][et_pb_text _builder_version=\u00bb4.23.1&#8243; _module_preset=\u00bbdefault\u00bb global_colors_info=\u00bb{}\u00bb]<\/p>\n<p style=\"text-align: justify;\"><span>Nuestro proceso de Control de Calidad empieza con la adquisici\u00f3n de materias primas a proveedores calificados, con un producto 100% Natural con alto grado de pureza; se llevan a cabo diversos procesos en el \u00e1rea de producci\u00f3n, los mismos que son secuenciales, debidamente registrados, controlados y verificados en cada etapa para obtener una forma farmac\u00e9utica de calidad; por ello contamos con nuestros propios Laboratorios de Calidad y de Microbiolog\u00eda.<\/span><span><\/span><\/p>\n<p style=\"text-align: justify;\"><span><\/span><\/p>\n<p>[\/et_pb_text][\/et_pb_column][\/et_pb_row][et_pb_row _builder_version=\u00bb4.23.1&#8243; _module_preset=\u00bbdefault\u00bb global_colors_info=\u00bb{}\u00bb][et_pb_column type=\u00bb4_4&#8243; _builder_version=\u00bb4.23.1&#8243; _module_preset=\u00bbdefault\u00bb global_colors_info=\u00bb{}\u00bb][et_pb_image src=\u00bbhttps:\/\/www.natualfa.com.ec\/web\/wp-content\/uploads\/2024\/04\/Control-de-Calidad.jpg\u00bb alt=\u00bbAn\u00e1lisis de microbiolog\u00eda \u00bb title_text=\u00bbControl-de-Calidad\u00bb align=\u00bbcenter\u00bb _builder_version=\u00bb4.23.1&#8243; _module_preset=\u00bbdefault\u00bb global_colors_info=\u00bb{}\u00bb][\/et_pb_image][\/et_pb_column][\/et_pb_row][et_pb_row _builder_version=\u00bb4.23.1&#8243; _module_preset=\u00bbdefault\u00bb global_colors_info=\u00bb{}\u00bb][et_pb_column type=\u00bb4_4&#8243; _builder_version=\u00bb4.23.1&#8243; _module_preset=\u00bbdefault\u00bb global_colors_info=\u00bb{}\u00bb][et_pb_text _builder_version=\u00bb4.23.1&#8243; _module_preset=\u00bbdefault\u00bb global_colors_info=\u00bb{}\u00bb]<\/p>\n<h1 style=\"text-align: left;\"><span style=\"color: #666666;\"><strong><span style=\"font-size: xx-large;\">Garant\u00eda de Calidad<\/span><\/strong><\/span><\/h1>\n<p style=\"text-align: justify;\"><span>Tanto la materia prima como insumos de fabricaci\u00f3n pasan por diferentes tipos de an\u00e1lisis de laboratorio hasta llegar al producto final que se libera para la venta cuando cumple con todos los par\u00e1metros adecuados, para garantizar un f\u00e1rmaco acorde con las formas terminadas de uso internacional.\u00a0 Cada lote de producci\u00f3n del producto NATUALFA\u00ae cuenta con su respectivo documento de certificado de an\u00e1lisis de liberaci\u00f3n para la venta al mercado.<\/span><\/p>\n<p style=\"text-align: justify;\"><span>Esto garantiza un producto con:<\/span><\/p>\n<ul style=\"text-align: justify;\">\n<li><span>Calidad<\/span><\/li>\n<li><span>Confiable<\/span><\/li>\n<li><span>Alta Inocuidad (Muy amigable, casi no se evidencian efectos adversos o contraindicaciones)<\/span><\/li>\n<\/ul>\n<p><span><\/span><\/p>\n<p style=\"text-align: justify;\"><span>Si necesita m\u00e1s informaci\u00f3n, cons\u00faltenos al e-mail: <a href=\"mailto:info@natualfa.com.ec\">info@natualfa.com.ec<\/a><\/span><\/p>\n<p>[\/et_pb_text][\/et_pb_column][\/et_pb_row][et_pb_row _builder_version=\u00bb4.23.1&#8243; _module_preset=\u00bbdefault\u00bb global_colors_info=\u00bb{}\u00bb][et_pb_column type=\u00bb4_4&#8243; _builder_version=\u00bb4.23.1&#8243; _module_preset=\u00bbdefault\u00bb global_colors_info=\u00bb{}\u00bb][et_pb_image src=\u00bbhttps:\/\/www.natualfa.com.ec\/web\/wp-content\/uploads\/2024\/04\/Calidad-y-Clinicamente-Aprobado-1.jpg\u00bb alt=\u00bbCertificado de calidad y Clinicamente Demostrado\u00bb title_text=\u00bbControl de Calidad-y-Clinicamente-Aprobado\u00bb align=\u00bbcenter\u00bb _builder_version=\u00bb4.23.1&#8243; _module_preset=\u00bbdefault\u00bb global_colors_info=\u00bb{}\u00bb][\/et_pb_image][\/et_pb_column][\/et_pb_row][et_pb_row _builder_version=\u00bb4.23.1&#8243; _module_preset=\u00bbdefault\u00bb global_colors_info=\u00bb{}\u00bb][et_pb_column type=\u00bb4_4&#8243; _builder_version=\u00bb4.23.1&#8243; _module_preset=\u00bbdefault\u00bb global_colors_info=\u00bb{}\u00bb][et_pb_text _builder_version=\u00bb4.23.1&#8243; _module_preset=\u00bbdefault\u00bb global_colors_info=\u00bb{}\u00bb]<\/p>\n<h4 style=\"text-align: left\"><strong><span style=\"font-family: 'Open Sans'\"><span style=\"font-size: xx-large\">Eficacia<\/span><\/span><\/strong><\/h4>\n<p style=\"text-align: justify\">Desde el a\u00f1o 2002 nuestros productos tienen Registros Sanitarios, otorgados por la AGENCIA NACIONAL DE REGULACION, CONTROL Y VIGILANCIA SANITARIA (ARCSA) que por el tiempo de permanencia sin inconvenientes en el mercado y al cumplir diferentes exigencias de la entidad, estos cuentan con la clasificaci\u00f3n \u201cDEMOSTRADO CLINICAMENTE\u201d, eso quiere decir que se ha evidenciado que el producto cuenta con propiedades terap\u00e9uticas para tratar diferentes tipos de patolog\u00edas o enfermedades, porque han sido sometidos a pruebas controladas en personas donde se demostr\u00f3 su efectividad.\u00a0<\/p>\n<p style=\"text-align: justify\">\n<h4 style=\"text-align: left\"><strong><span style=\"font-family: 'Open Sans'\"><span style=\"font-size: xx-large\"><\/span><\/span><\/strong><\/h4>\n<h4 style=\"text-align: left\"><strong><span style=\"font-family: 'Open Sans'\"><span style=\"font-size: xx-large\">Seguridad<\/span><\/span><\/strong><\/h4>\n<p style=\"text-align: justify\">Cuide su salud, evite la compra de productos de dudosa procedencia.<\/p>\n<p style=\"text-align: justify\">Verifique que nuestros productos de envase negro, cuenten con el logotipo NATUALFA\u00ae en su base.<\/p>\n<p style=\"text-align: justify\">Contamos con c\u00f3digo de barras en las etiquetas, y una banda termoencogible que sujeta la tapa con el frasco como sello de seguridad exterior.<\/p>\n<p>[\/et_pb_text][et_pb_image src=\u00bbhttps:\/\/www.natualfa.com.ec\/web\/wp-content\/uploads\/2018\/02\/giphy.gif\u00bb alt=\u00bbMedicina Natural\u00bb title_text=\u00bbConsejos de Seguridad NatuAlfa\u00bb align=\u00bbcenter\u00bb _builder_version=\u00bb4.23.1&#8243; _module_preset=\u00bbdefault\u00bb global_colors_info=\u00bb{}\u00bb][\/et_pb_image][\/et_pb_column][\/et_pb_row][\/et_pb_section]<\/p>\n","protected":false},"excerpt":{"rendered":"<p>Nuestro proceso de Control de Calidad empieza con la adquisici\u00f3n de materias primas a proveedores calificados, con un producto 100% Natural con alto grado de pureza; se llevan a cabo diversos procesos en el \u00e1rea de producci\u00f3n, los mismos que son secuenciales, debidamente registrados, controlados y verificados en cada etapa para obtener una forma farmac\u00e9utica [&hellip;]<\/p>\n","protected":false},"author":56,"featured_media":0,"parent":0,"menu_order":0,"comment_status":"closed","ping_status":"closed","template":"","meta":{"_et_pb_use_builder":"on","_et_pb_old_content":"","_et_gb_content_width":"","footnotes":""},"class_list":["post-353","page","type-page","status-publish","hentry"],"yoast_head":"<!-- This site is optimized with the Yoast SEO plugin v27.0 - https:\/\/yoast.com\/product\/yoast-seo-wordpress\/ -->\n<title>Productos 100% naturales<\/title>\n<meta name=\"description\" content=\"Control de calidad en cada etapa, el proceso inicia desde la selecci\u00f3n de materias primas adecuadas. Productos confiables, seguros y eficaces\" \/>\n<meta name=\"robots\" content=\"index, follow, max-snippet:-1, max-image-preview:large, max-video-preview:-1\" \/>\n<link rel=\"canonical\" href=\"https:\/\/www.natualfa.com.ec\/web\/garantia\/\" \/>\n<meta property=\"og:locale\" content=\"es_ES\" \/>\n<meta property=\"og:type\" content=\"article\" \/>\n<meta property=\"og:title\" content=\"Productos 100% naturales\" \/>\n<meta property=\"og:description\" content=\"Control de calidad en cada etapa, el proceso inicia desde la selecci\u00f3n de materias primas adecuadas. Productos confiables, seguros y eficaces\" \/>\n<meta property=\"og:url\" content=\"https:\/\/www.natualfa.com.ec\/web\/garantia\/\" \/>\n<meta property=\"og:site_name\" content=\"Laboratorios Natualfa\" \/>\n<meta property=\"article:publisher\" content=\"https:\/\/www.facebook.com\/natualfa\/\" \/>\n<meta property=\"article:modified_time\" content=\"2024-04-25T20:49:55+00:00\" \/>\n<meta name=\"twitter:label1\" content=\"Tiempo de lectura\" \/>\n\t<meta name=\"twitter:data1\" content=\"3 minutos\" \/>\n<script type=\"application\/ld+json\" class=\"yoast-schema-graph\">{\"@context\":\"https:\/\/schema.org\",\"@graph\":[{\"@type\":\"WebPage\",\"@id\":\"https:\/\/www.natualfa.com.ec\/web\/garantia\/\",\"url\":\"https:\/\/www.natualfa.com.ec\/web\/garantia\/\",\"name\":\"Productos 100% naturales\",\"isPartOf\":{\"@id\":\"https:\/\/www.natualfa.com.ec\/web\/#website\"},\"datePublished\":\"2017-11-27T00:54:37+00:00\",\"dateModified\":\"2024-04-25T20:49:55+00:00\",\"description\":\"Control de calidad en cada etapa, el proceso inicia desde la selecci\u00f3n de materias primas adecuadas. Productos confiables, seguros y eficaces\",\"inLanguage\":\"es\",\"potentialAction\":[{\"@type\":\"ReadAction\",\"target\":[\"https:\/\/www.natualfa.com.ec\/web\/garantia\/\"]}]},{\"@type\":\"WebSite\",\"@id\":\"https:\/\/www.natualfa.com.ec\/web\/#website\",\"url\":\"https:\/\/www.natualfa.com.ec\/web\/\",\"name\":\"Laboratorios Natualfa\",\"description\":\"Elaboraci\u00f3n de productos naturales medicinales de calidad\",\"publisher\":{\"@id\":\"https:\/\/www.natualfa.com.ec\/web\/#organization\"},\"potentialAction\":[{\"@type\":\"SearchAction\",\"target\":{\"@type\":\"EntryPoint\",\"urlTemplate\":\"https:\/\/www.natualfa.com.ec\/web\/?s={search_term_string}\"},\"query-input\":{\"@type\":\"PropertyValueSpecification\",\"valueRequired\":true,\"valueName\":\"search_term_string\"}}],\"inLanguage\":\"es\"},{\"@type\":\"Organization\",\"@id\":\"https:\/\/www.natualfa.com.ec\/web\/#organization\",\"name\":\"Laboratorios Natualfa C\u00eda. Ltda.\",\"url\":\"https:\/\/www.natualfa.com.ec\/web\/\",\"logo\":{\"@type\":\"ImageObject\",\"inLanguage\":\"es\",\"@id\":\"https:\/\/www.natualfa.com.ec\/web\/#\/schema\/logo\/image\/\",\"url\":\"https:\/\/www.natualfa.com.ec\/web\/wp-content\/uploads\/2023\/02\/Logo-Natualfa-slogan-Ciencia2023.png\",\"contentUrl\":\"https:\/\/www.natualfa.com.ec\/web\/wp-content\/uploads\/2023\/02\/Logo-Natualfa-slogan-Ciencia2023.png\",\"width\":687,\"height\":344,\"caption\":\"Laboratorios Natualfa C\u00eda. Ltda.\"},\"image\":{\"@id\":\"https:\/\/www.natualfa.com.ec\/web\/#\/schema\/logo\/image\/\"},\"sameAs\":[\"https:\/\/www.facebook.com\/natualfa\/\",\"https:\/\/www.instagram.com\/natualfa\/\"]}]}<\/script>\n<!-- \/ Yoast SEO plugin. -->","yoast_head_json":{"title":"Productos 100% naturales","description":"Control de calidad en cada etapa, el proceso inicia desde la selecci\u00f3n de materias primas adecuadas. Productos confiables, seguros y eficaces","robots":{"index":"index","follow":"follow","max-snippet":"max-snippet:-1","max-image-preview":"max-image-preview:large","max-video-preview":"max-video-preview:-1"},"canonical":"https:\/\/www.natualfa.com.ec\/web\/garantia\/","og_locale":"es_ES","og_type":"article","og_title":"Productos 100% naturales","og_description":"Control de calidad en cada etapa, el proceso inicia desde la selecci\u00f3n de materias primas adecuadas. Productos confiables, seguros y eficaces","og_url":"https:\/\/www.natualfa.com.ec\/web\/garantia\/","og_site_name":"Laboratorios Natualfa","article_publisher":"https:\/\/www.facebook.com\/natualfa\/","article_modified_time":"2024-04-25T20:49:55+00:00","twitter_misc":{"Tiempo de lectura":"3 minutos"},"schema":{"@context":"https:\/\/schema.org","@graph":[{"@type":"WebPage","@id":"https:\/\/www.natualfa.com.ec\/web\/garantia\/","url":"https:\/\/www.natualfa.com.ec\/web\/garantia\/","name":"Productos 100% naturales","isPartOf":{"@id":"https:\/\/www.natualfa.com.ec\/web\/#website"},"datePublished":"2017-11-27T00:54:37+00:00","dateModified":"2024-04-25T20:49:55+00:00","description":"Control de calidad en cada etapa, el proceso inicia desde la selecci\u00f3n de materias primas adecuadas. Productos confiables, seguros y eficaces","inLanguage":"es","potentialAction":[{"@type":"ReadAction","target":["https:\/\/www.natualfa.com.ec\/web\/garantia\/"]}]},{"@type":"WebSite","@id":"https:\/\/www.natualfa.com.ec\/web\/#website","url":"https:\/\/www.natualfa.com.ec\/web\/","name":"Laboratorios Natualfa","description":"Elaboraci\u00f3n de productos naturales medicinales de calidad","publisher":{"@id":"https:\/\/www.natualfa.com.ec\/web\/#organization"},"potentialAction":[{"@type":"SearchAction","target":{"@type":"EntryPoint","urlTemplate":"https:\/\/www.natualfa.com.ec\/web\/?s={search_term_string}"},"query-input":{"@type":"PropertyValueSpecification","valueRequired":true,"valueName":"search_term_string"}}],"inLanguage":"es"},{"@type":"Organization","@id":"https:\/\/www.natualfa.com.ec\/web\/#organization","name":"Laboratorios Natualfa C\u00eda. Ltda.","url":"https:\/\/www.natualfa.com.ec\/web\/","logo":{"@type":"ImageObject","inLanguage":"es","@id":"https:\/\/www.natualfa.com.ec\/web\/#\/schema\/logo\/image\/","url":"https:\/\/www.natualfa.com.ec\/web\/wp-content\/uploads\/2023\/02\/Logo-Natualfa-slogan-Ciencia2023.png","contentUrl":"https:\/\/www.natualfa.com.ec\/web\/wp-content\/uploads\/2023\/02\/Logo-Natualfa-slogan-Ciencia2023.png","width":687,"height":344,"caption":"Laboratorios Natualfa C\u00eda. Ltda."},"image":{"@id":"https:\/\/www.natualfa.com.ec\/web\/#\/schema\/logo\/image\/"},"sameAs":["https:\/\/www.facebook.com\/natualfa\/","https:\/\/www.instagram.com\/natualfa\/"]}]}},"_links":{"self":[{"href":"https:\/\/www.natualfa.com.ec\/web\/wp-json\/wp\/v2\/pages\/353","targetHints":{"allow":["GET"]}}],"collection":[{"href":"https:\/\/www.natualfa.com.ec\/web\/wp-json\/wp\/v2\/pages"}],"about":[{"href":"https:\/\/www.natualfa.com.ec\/web\/wp-json\/wp\/v2\/types\/page"}],"author":[{"embeddable":true,"href":"https:\/\/www.natualfa.com.ec\/web\/wp-json\/wp\/v2\/users\/56"}],"replies":[{"embeddable":true,"href":"https:\/\/www.natualfa.com.ec\/web\/wp-json\/wp\/v2\/comments?post=353"}],"version-history":[{"count":58,"href":"https:\/\/www.natualfa.com.ec\/web\/wp-json\/wp\/v2\/pages\/353\/revisions"}],"predecessor-version":[{"id":5771,"href":"https:\/\/www.natualfa.com.ec\/web\/wp-json\/wp\/v2\/pages\/353\/revisions\/5771"}],"wp:attachment":[{"href":"https:\/\/www.natualfa.com.ec\/web\/wp-json\/wp\/v2\/media?parent=353"}],"curies":[{"name":"wp","href":"https:\/\/api.w.org\/{rel}","templated":true}]}}