{"id":3416,"date":"2018-02-06T10:59:35","date_gmt":"2018-02-06T15:59:35","guid":{"rendered":"https:\/\/www.natualfa.com.ec\/web\/?page_id=3416"},"modified":"2026-03-24T17:33:14","modified_gmt":"2026-03-24T22:33:14","slug":"ulcerax","status":"publish","type":"page","link":"https:\/\/www.natualfa.com.ec\/web\/ulcerax\/","title":{"rendered":"Ulcerax\u00ae"},"content":{"rendered":"<p>[et_pb_section fb_built=\u00bb1&#8243; _builder_version=\u00bb4.16&#8243; custom_padding=\u00bb1px||3px|||\u00bb global_colors_info=\u00bb{}\u00bb][et_pb_row column_structure=\u00bb1_2,1_2&#8243; _builder_version=\u00bb4.16&#8243; background_size=\u00bbinitial\u00bb background_position=\u00bbtop_left\u00bb background_repeat=\u00bbrepeat\u00bb custom_padding=\u00bb4px||0px|||\u00bb global_colors_info=\u00bb{}\u00bb][et_pb_column type=\u00bb1_2&#8243; _builder_version=\u00bb4.16&#8243; custom_padding=\u00bb|||\u00bb global_colors_info=\u00bb{}\u00bb custom_padding__hover=\u00bb|||\u00bb][et_pb_image src=\u00bbhttps:\/\/www.natualfa.com.ec\/web\/wp-content\/uploads\/2026\/03\/Ulcerax.jpg\u00bb alt=\u00bbUlcerax\u00bb title_text=\u00bbUlcerax\u00bb align=\u00bbcenter\u00bb _builder_version=\u00bb4.27.6&#8243; _module_preset=\u00bbdefault\u00bb custom_margin=\u00bb1px||-5px|||\u00bb custom_padding=\u00bb0px||8px|||\u00bb global_colors_info=\u00bb{}\u00bb][\/et_pb_image][\/et_pb_column][et_pb_column type=\u00bb1_2&#8243; _builder_version=\u00bb4.16&#8243; custom_padding=\u00bb|||\u00bb global_colors_info=\u00bb{}\u00bb custom_padding__hover=\u00bb|||\u00bb][et_pb_text _builder_version=\u00bb4.16&#8243; custom_margin=\u00bb9px||14px|||\u00bb custom_padding=\u00bb1px|||||\u00bb border_style=\u00bbsolid\u00bb global_colors_info=\u00bb{}\u00bb]<\/p>\n<h1 class=\"product_title entry-title\"><b><\/b><\/h1>\n<h1 class=\"product_title entry-title\"><b>Ulcerax\u00ae<\/b><\/h1>\n<h3 class=\"product_title entry-title\">Descripci\u00f3n<\/h3>\n<p><strong>GASTROPROTECTOR Y CICATRIZANTE NATURAL.<\/strong><\/p>\n<p><span class=\"posted_in\">Categor\u00edas:\u00a0<a href=\"https:\/\/www.natualfa.com.ec\/web\/sistema-digestivo\/\">Sistema Digestivo<\/a><\/span><\/p>\n<p>Frasco de 100 tabletas<\/p>\n<p>[\/et_pb_text][et_pb_image src=\u00bbhttps:\/\/www.natualfa.com.ec\/web\/wp-content\/uploads\/2024\/06\/Beneficios-Ulcerax.jpg\u00bb alt=\u00bbBeneficios-Ulcerax\u00bb title_text=\u00bbBeneficios-Ulcerax\u00bb _builder_version=\u00bb4.25.1&#8243; _module_preset=\u00bbdefault\u00bb custom_padding=\u00bb7px||11px|||\u00bb global_colors_info=\u00bb{}\u00bb][\/et_pb_image][\/et_pb_column][\/et_pb_row][et_pb_row _builder_version=\u00bb4.16&#8243; background_size=\u00bbinitial\u00bb background_position=\u00bbtop_left\u00bb background_repeat=\u00bbrepeat\u00bb custom_padding=\u00bb0px||5px|||\u00bb global_colors_info=\u00bb{}\u00bb][et_pb_column type=\u00bb4_4&#8243; _builder_version=\u00bb4.16&#8243; custom_padding=\u00bb|||\u00bb global_colors_info=\u00bb{}\u00bb custom_padding__hover=\u00bb|||\u00bb][et_pb_tabs active_tab_background_color=\u00bb#b67313&#8243; inactive_tab_background_color=\u00bb#FFFFFF\u00bb active_tab_text_color=\u00bb#FFFFFF\u00bb _builder_version=\u00bb4.25.1&#8243; tab_text_color=\u00bb#d3a76d\u00bb body_text_color=\u00bb#000000&#8243; tab_font_size=\u00bb12&#8243; background_enable_image=\u00bboff\u00bb border_color_all=\u00bb#b67313&#8243; border_style=\u00bbsolid\u00bb global_colors_info=\u00bb{}\u00bb][et_pb_tab title=\u00bbCOMPOSICI\u00d3N\u00bb _builder_version=\u00bb4.16&#8243; body_font=\u00bb||||\u00bb tab_font=\u00bb||||\u00bb global_colors_info=\u00bb{}\u00bb]<\/p>\n<p><strong>Cada tableta contiene:<\/strong><\/p>\n<p>Matico (Aristeguieta glutinosa (Lam.)R.M. King &amp; Robinson) 250.00 mg., Sangre de drago (Croton lechleri Muell Arg.) 100.00 mg., Condurango (Gonolobus condurango Triana) 50.00 mg., U\u00f1a de gato (Uncaria tomentosa (Willd)D.C.) 100.00 mg., Excipientes c.s.p. 550.00 mg.<\/p>\n<p>[\/et_pb_tab][et_pb_tab title=\u00bbINDICACIONES TERAP\u00c9UTICAS\u00bb _builder_version=\u00bb4.16&#8243; body_font=\u00bb||||\u00bb tab_font=\u00bb||||\u00bb global_colors_info=\u00bb{}\u00bb]<\/p>\n<p>\u00a0Combate eficazmente gastritis, \u00falceras g\u00e1stricas, duodenales. Regenerador de mucosa g\u00e1strica e intestinal. Potente desinflamatorio.<\/p>\n<p>[\/et_pb_tab][et_pb_tab title=\u00bbCONTRAINDICACIONES\u00bb _builder_version=\u00bb4.16&#8243; body_font=\u00bb||||\u00bb tab_font=\u00bb||||\u00bb global_colors_info=\u00bb{}\u00bb]<\/p>\n<p>Se recomienda no administrar durante el embarazo, lactancia y ni\u00f1os menores de seis a\u00f1os. Pacientes con hipersensibilidad o alergia a los componentes.<\/p>\n<p>[\/et_pb_tab][et_pb_tab title=\u00bbPOSOLOG\u00cdA\u00bb _builder_version=\u00bb4.16&#8243; body_font=\u00bb||||\u00bb tab_font=\u00bb||||\u00bb global_colors_info=\u00bb{}\u00bb]<\/p>\n<p>\u00a0Tomar 2 tabletas, 3 veces al d\u00eda, antes\u00a0de las comidas principales con un vaso de agua.<\/p>\n<p>[\/et_pb_tab][et_pb_tab title=\u00bbPRESENTACI\u00d3N\u00bb _builder_version=\u00bb4.16&#8243; body_font=\u00bb||||\u00bb tab_font=\u00bb||||\u00bb global_colors_info=\u00bb{}\u00bb]<\/p>\n<p>Frasco 100 tabletas<\/p>\n<p><strong>Registro Sanitario # 1003-MNN-07-13<\/strong>\u00a0<\/p>\n<p>[\/et_pb_tab][\/et_pb_tabs][\/et_pb_column][\/et_pb_row][et_pb_row column_structure=\u00bb1_2,1_2&#8243; _builder_version=\u00bb4.25.1&#8243; _module_preset=\u00bbdefault\u00bb global_colors_info=\u00bb{}\u00bb][et_pb_column type=\u00bb1_2&#8243; _builder_version=\u00bb4.25.1&#8243; _module_preset=\u00bbdefault\u00bb global_colors_info=\u00bb{}\u00bb][et_pb_accordion _builder_version=\u00bb4.25.1&#8243; _module_preset=\u00bbdefault\u00bb global_colors_info=\u00bb{}\u00bb][et_pb_accordion_item title=\u00bbBeneficios\u00bb open=\u00bbon\u00bb open_toggle_text_color=\u00bb#076631&#8243; _builder_version=\u00bb4.25.1&#8243; _module_preset=\u00bbdefault\u00bb global_colors_info=\u00bb{}\u00bb toggle_level=\u00bbh1&#8243;]<\/p>\n<p><img loading=\"lazy\" decoding=\"async\" src=\"https:\/\/www.natualfa.com.ec\/web\/wp-content\/uploads\/2024\/08\/Ulcerax-Trata-Gastritis-Ulcera-Reflujo-de-forma-natural.jpg\" width=\"261\" height=\"199\" alt=\"\" class=\"wp-image-6366 aligncenter size-full\" \/><\/p>\n<p>&nbsp;<\/p>\n<ul>\n<li style=\"text-align: justify;\">Alivia el reflujo gastroesof\u00e1gico o acidez que provoca sensaci\u00f3n de ardor en el pecho o en la parte alta del abdomen.<\/li>\n<li style=\"text-align: justify;\">Protecci\u00f3n contra Helicobacter Pilory pues inhibe su crecimiento.<\/li>\n<li style=\"text-align: justify;\">Potente desinflamatorio, por lo que calma y disminuye el dolor gastointestinal.<\/li>\n<li style=\"text-align: justify;\">Cicatrizante y anti-ulcerante de lesiones ocasionadas en las paredes que recubren el est\u00f3mago e intestinos.<\/li>\n<li style=\"text-align: justify;\">Tratamiento eficaz de problemas como: Gastritis, \u00dalceras g\u00e1stricas, \u00dalceras duodenales, Colitis Ulcerosa, S\u00edndrome de Colon Irritable.<\/li>\n<\/ul>\n<p>[\/et_pb_accordion_item][\/et_pb_accordion][\/et_pb_column][et_pb_column type=\u00bb1_2&#8243; _builder_version=\u00bb4.25.1&#8243; _module_preset=\u00bbdefault\u00bb global_colors_info=\u00bb{}\u00bb][et_pb_accordion _builder_version=\u00bb4.25.1&#8243; _module_preset=\u00bbdefault\u00bb global_colors_info=\u00bb{}\u00bb][et_pb_accordion_item open=\u00bbon\u00bb _builder_version=\u00bb4.25.1&#8243; _module_preset=\u00bbdefault\u00bb global_colors_info=\u00bb{}\u00bb]<\/p>\n<p><img loading=\"lazy\" decoding=\"async\" src=\"https:\/\/www.natualfa.com.ec\/web\/wp-content\/uploads\/2024\/08\/Ulcerax-Repara-lesiones-gastrica-y-de-intestinos-1.jpg\" width=\"400\" height=\"516\" alt=\"\" class=\"wp-image-6373 aligncenter size-full\" srcset=\"https:\/\/www.natualfa.com.ec\/web\/wp-content\/uploads\/2024\/08\/Ulcerax-Repara-lesiones-gastrica-y-de-intestinos-1.jpg 400w, https:\/\/www.natualfa.com.ec\/web\/wp-content\/uploads\/2024\/08\/Ulcerax-Repara-lesiones-gastrica-y-de-intestinos-1-233x300.jpg 233w\" sizes=\"(max-width: 400px) 100vw, 400px\" \/><\/p>\n<p>&nbsp;<\/p>\n<p>[\/et_pb_accordion_item][\/et_pb_accordion][\/et_pb_column][\/et_pb_row][et_pb_row _builder_version=\u00bb4.16&#8243; background_size=\u00bbinitial\u00bb background_position=\u00bbtop_left\u00bb background_repeat=\u00bbrepeat\u00bb custom_padding=\u00bb6px||20px|||\u00bb global_colors_info=\u00bb{}\u00bb][et_pb_column type=\u00bb4_4&#8243; _builder_version=\u00bb4.16&#8243; custom_padding=\u00bb|||\u00bb global_colors_info=\u00bb{}\u00bb custom_padding__hover=\u00bb|||\u00bb][et_pb_text _builder_version=\u00bb4.16&#8243; custom_margin=\u00bb||-17px|||\u00bb global_colors_info=\u00bb{}\u00bb]<\/p>\n<h3>PRODUCTOS RELACIONADOS<\/h3>\n<p>[\/et_pb_text][\/et_pb_column][\/et_pb_row][et_pb_row column_structure=\u00bb1_3,1_3,1_3&#8243; _builder_version=\u00bb4.16&#8243; background_size=\u00bbinitial\u00bb background_position=\u00bbtop_left\u00bb background_repeat=\u00bbrepeat\u00bb custom_margin=\u00bb0px|auto||auto||\u00bb custom_padding=\u00bb2px||2px|||\u00bb global_colors_info=\u00bb{}\u00bb][et_pb_column type=\u00bb1_3&#8243; _builder_version=\u00bb4.16&#8243; custom_padding=\u00bb|||\u00bb global_colors_info=\u00bb{}\u00bb custom_padding__hover=\u00bb|||\u00bb][et_pb_image src=\u00bbhttps:\/\/www.natualfa.com.ec\/web\/wp-content\/uploads\/2026\/03\/Paico-240&#215;300.jpg\u00bb alt=\u00bbPaico\u00bb title_text=\u00bbPaico\u00bb url=\u00bbhttps:\/\/www.natualfa.com.ec\/web\/paico\/\u00bb align=\u00bbcenter\u00bb align_tablet=\u00bbcenter\u00bb align_phone=\u00bbcenter\u00bb align_last_edited=\u00bbon|desktop\u00bb _builder_version=\u00bb4.27.6&#8243; custom_padding=\u00bb0px|||||\u00bb border_width_all=\u00bb0px\u00bb border_color_all=\u00bb#fff6f2&#8243; border_style_all=\u00bbsolid\u00bb sticky=\u00bboff\u00bb use_border_color=\u00bbon\u00bb border_color=\u00bb#fff6f2&#8243; border_style=\u00bbsolid\u00bb always_center_on_mobile=\u00bbon\u00bb global_colors_info=\u00bb{}\u00bb][\/et_pb_image][\/et_pb_column][et_pb_column type=\u00bb1_3&#8243; _builder_version=\u00bb4.16&#8243; custom_padding=\u00bb|||\u00bb global_colors_info=\u00bb{}\u00bb custom_padding__hover=\u00bb|||\u00bb][et_pb_image src=\u00bbhttps:\/\/www.natualfa.com.ec\/web\/wp-content\/uploads\/2026\/03\/Higadax-240&#215;300.jpg\u00bb alt=\u00bbHigadax\u00bb title_text=\u00bbHigadax\u00bb url=\u00bbhttps:\/\/www.natualfa.com.ec\/web\/higadax\/\u00bb align=\u00bbcenter\u00bb align_tablet=\u00bbcenter\u00bb align_phone=\u00bbcenter\u00bb align_last_edited=\u00bbon|desktop\u00bb _builder_version=\u00bb4.27.6&#8243; border_width_all=\u00bb0px\u00bb border_color_all=\u00bb#fff6f2&#8243; border_style_all=\u00bbsolid\u00bb sticky=\u00bboff\u00bb use_border_color=\u00bbon\u00bb border_color=\u00bb#fff6f2&#8243; border_style=\u00bbsolid\u00bb always_center_on_mobile=\u00bbon\u00bb global_colors_info=\u00bb{}\u00bb][\/et_pb_image][\/et_pb_column][et_pb_column type=\u00bb1_3&#8243; _builder_version=\u00bb4.16&#8243; custom_padding=\u00bb|||\u00bb global_colors_info=\u00bb{}\u00bb custom_padding__hover=\u00bb|||\u00bb][et_pb_image src=\u00bbhttps:\/\/www.natualfa.com.ec\/web\/wp-content\/uploads\/2026\/03\/Condurango-240&#215;300.jpg\u00bb alt=\u00bbCondurango\u00bb title_text=\u00bbCondurango\u00bb url=\u00bbhttps:\/\/www.natualfa.com.ec\/web\/condurango\/\u00bb align=\u00bbcenter\u00bb align_tablet=\u00bbcenter\u00bb align_phone=\u00bbcenter\u00bb align_last_edited=\u00bbon|desktop\u00bb _builder_version=\u00bb4.27.6&#8243; border_width_all=\u00bb0px\u00bb border_color_all=\u00bb#fff6f2&#8243; border_style_all=\u00bbsolid\u00bb sticky=\u00bboff\u00bb use_border_color=\u00bbon\u00bb border_color=\u00bb#fff6f2&#8243; border_style=\u00bbsolid\u00bb always_center_on_mobile=\u00bbon\u00bb global_colors_info=\u00bb{}\u00bb][\/et_pb_image][\/et_pb_column][\/et_pb_row][\/et_pb_section][et_pb_section fb_built=\u00bb1&#8243; _builder_version=\u00bb4.16&#8243; custom_padding=\u00bb4px|||||\u00bb global_colors_info=\u00bb{}\u00bb][et_pb_row _builder_version=\u00bb4.16&#8243; background_size=\u00bbinitial\u00bb background_position=\u00bbtop_left\u00bb background_repeat=\u00bbrepeat\u00bb custom_margin=\u00bb-13px|auto||auto||\u00bb custom_padding=\u00bb36px|||||\u00bb global_colors_info=\u00bb{}\u00bb][et_pb_column type=\u00bb4_4&#8243; _builder_version=\u00bb4.16&#8243; custom_padding=\u00bb|||\u00bb global_colors_info=\u00bb{}\u00bb custom_padding__hover=\u00bb|||\u00bb][et_pb_comments _builder_version=\u00bb4.16&#8243; border_style=\u00bbsolid\u00bb button_letter_spacing_hover=\u00bb0&#8243; global_colors_info=\u00bb{}\u00bb button_text_size__hover_enabled=\u00bboff\u00bb button_one_text_size__hover_enabled=\u00bboff\u00bb button_two_text_size__hover_enabled=\u00bboff\u00bb button_text_color__hover_enabled=\u00bboff\u00bb button_one_text_color__hover_enabled=\u00bboff\u00bb button_two_text_color__hover_enabled=\u00bboff\u00bb button_border_width__hover_enabled=\u00bboff\u00bb button_one_border_width__hover_enabled=\u00bboff\u00bb button_two_border_width__hover_enabled=\u00bboff\u00bb button_border_color__hover_enabled=\u00bboff\u00bb button_one_border_color__hover_enabled=\u00bboff\u00bb button_two_border_color__hover_enabled=\u00bboff\u00bb button_border_radius__hover_enabled=\u00bboff\u00bb button_one_border_radius__hover_enabled=\u00bboff\u00bb button_two_border_radius__hover_enabled=\u00bboff\u00bb button_letter_spacing__hover_enabled=\u00bbon\u00bb button_letter_spacing__hover=\u00bb0&#8243; button_one_letter_spacing__hover_enabled=\u00bboff\u00bb button_two_letter_spacing__hover_enabled=\u00bboff\u00bb button_bg_color__hover_enabled=\u00bboff\u00bb button_one_bg_color__hover_enabled=\u00bboff\u00bb button_two_bg_color__hover_enabled=\u00bboff\u00bb][\/et_pb_comments][\/et_pb_column][\/et_pb_row][\/et_pb_section]<\/p>\n","protected":false},"excerpt":{"rendered":"<p>Ulcerax\u00ae Descripci\u00f3n GASTROPROTECTOR Y CICATRIZANTE NATURAL. Categor\u00edas:\u00a0Sistema Digestivo Frasco de 100 tabletasCada tableta contiene: Matico (Aristeguieta glutinosa (Lam.)R.M. King &amp; Robinson) 250.00 mg., Sangre de drago (Croton lechleri Muell Arg.) 100.00 mg., Condurango (Gonolobus condurango Triana) 50.00 mg., U\u00f1a de gato (Uncaria tomentosa (Willd)D.C.) 100.00 mg., Excipientes c.s.p. 550.00 mg.\u00a0Combate eficazmente gastritis, \u00falceras g\u00e1stricas, duodenales. [&hellip;]<\/p>\n","protected":false},"author":56,"featured_media":5248,"parent":0,"menu_order":0,"comment_status":"open","ping_status":"open","template":"","meta":{"_et_pb_use_builder":"on","_et_pb_old_content":"","_et_gb_content_width":"","footnotes":""},"class_list":["post-3416","page","type-page","status-publish","has-post-thumbnail","hentry"],"yoast_head":"<!-- This site is optimized with the Yoast SEO plugin v27.0 - https:\/\/yoast.com\/product\/yoast-seo-wordpress\/ -->\n<title>Ulcerax - Gastritis - \u00dalceras G\u00e1stricas - Laboratorios Natualfa<\/title>\n<meta name=\"description\" content=\"Ulcerax combate eficazmente gastritis, \u00falceras g\u00e1stricas, duodenales. Regenerador de mucosa g\u00e1strica e intestinal. Potente desinflamatorio.\" \/>\n<meta name=\"robots\" content=\"index, follow, max-snippet:-1, max-image-preview:large, max-video-preview:-1\" \/>\n<link rel=\"canonical\" href=\"https:\/\/www.natualfa.com.ec\/web\/ulcerax\/\" \/>\n<meta property=\"og:locale\" content=\"es_ES\" \/>\n<meta property=\"og:type\" content=\"article\" \/>\n<meta property=\"og:title\" content=\"Ulcerax - Gastritis - \u00dalceras G\u00e1stricas - Laboratorios Natualfa\" \/>\n<meta property=\"og:description\" content=\"Ulcerax combate eficazmente gastritis, \u00falceras g\u00e1stricas, duodenales. Regenerador de mucosa g\u00e1strica e intestinal. Potente desinflamatorio.\" \/>\n<meta property=\"og:url\" content=\"https:\/\/www.natualfa.com.ec\/web\/ulcerax\/\" \/>\n<meta property=\"og:site_name\" content=\"Laboratorios Natualfa\" \/>\n<meta property=\"article:publisher\" content=\"https:\/\/www.facebook.com\/natualfa\/\" \/>\n<meta property=\"article:modified_time\" content=\"2026-03-24T22:33:14+00:00\" \/>\n<meta property=\"og:image\" content=\"https:\/\/www.natualfa.com.ec\/web\/wp-content\/uploads\/2023\/06\/ULCERAX-Natualfa.jpg\" \/>\n\t<meta property=\"og:image:width\" content=\"295\" \/>\n\t<meta property=\"og:image:height\" content=\"354\" \/>\n\t<meta property=\"og:image:type\" content=\"image\/jpeg\" \/>\n<meta name=\"twitter:label1\" content=\"Tiempo de lectura\" \/>\n\t<meta name=\"twitter:data1\" content=\"6 minutos\" \/>\n<script type=\"application\/ld+json\" class=\"yoast-schema-graph\">{\"@context\":\"https:\/\/schema.org\",\"@graph\":[{\"@type\":\"WebPage\",\"@id\":\"https:\/\/www.natualfa.com.ec\/web\/ulcerax\/\",\"url\":\"https:\/\/www.natualfa.com.ec\/web\/ulcerax\/\",\"name\":\"Ulcerax - Gastritis - \u00dalceras G\u00e1stricas - Laboratorios Natualfa\",\"isPartOf\":{\"@id\":\"https:\/\/www.natualfa.com.ec\/web\/#website\"},\"primaryImageOfPage\":{\"@id\":\"https:\/\/www.natualfa.com.ec\/web\/ulcerax\/#primaryimage\"},\"image\":{\"@id\":\"https:\/\/www.natualfa.com.ec\/web\/ulcerax\/#primaryimage\"},\"thumbnailUrl\":\"https:\/\/www.natualfa.com.ec\/web\/wp-content\/uploads\/2023\/06\/ULCERAX-Natualfa.jpg\",\"datePublished\":\"2018-02-06T15:59:35+00:00\",\"dateModified\":\"2026-03-24T22:33:14+00:00\",\"description\":\"Ulcerax combate eficazmente gastritis, \u00falceras g\u00e1stricas, duodenales. Regenerador de mucosa g\u00e1strica e intestinal. Potente desinflamatorio.\",\"inLanguage\":\"es\",\"potentialAction\":[{\"@type\":\"ReadAction\",\"target\":[\"https:\/\/www.natualfa.com.ec\/web\/ulcerax\/\"]}]},{\"@type\":\"ImageObject\",\"inLanguage\":\"es\",\"@id\":\"https:\/\/www.natualfa.com.ec\/web\/ulcerax\/#primaryimage\",\"url\":\"https:\/\/www.natualfa.com.ec\/web\/wp-content\/uploads\/2023\/06\/ULCERAX-Natualfa.jpg\",\"contentUrl\":\"https:\/\/www.natualfa.com.ec\/web\/wp-content\/uploads\/2023\/06\/ULCERAX-Natualfa.jpg\",\"width\":295,\"height\":354,\"caption\":\"GASTROPROTECTOR Y CICATRIZANTE NATURAL, TRATAMIENTO DE LA GASTRITIS, ULCERAS GASTRICAS Y DUODENALES\"},{\"@type\":\"WebSite\",\"@id\":\"https:\/\/www.natualfa.com.ec\/web\/#website\",\"url\":\"https:\/\/www.natualfa.com.ec\/web\/\",\"name\":\"Laboratorios Natualfa\",\"description\":\"Elaboraci\u00f3n de productos naturales medicinales de calidad\",\"publisher\":{\"@id\":\"https:\/\/www.natualfa.com.ec\/web\/#organization\"},\"potentialAction\":[{\"@type\":\"SearchAction\",\"target\":{\"@type\":\"EntryPoint\",\"urlTemplate\":\"https:\/\/www.natualfa.com.ec\/web\/?s={search_term_string}\"},\"query-input\":{\"@type\":\"PropertyValueSpecification\",\"valueRequired\":true,\"valueName\":\"search_term_string\"}}],\"inLanguage\":\"es\"},{\"@type\":\"Organization\",\"@id\":\"https:\/\/www.natualfa.com.ec\/web\/#organization\",\"name\":\"Laboratorios Natualfa C\u00eda. Ltda.\",\"url\":\"https:\/\/www.natualfa.com.ec\/web\/\",\"logo\":{\"@type\":\"ImageObject\",\"inLanguage\":\"es\",\"@id\":\"https:\/\/www.natualfa.com.ec\/web\/#\/schema\/logo\/image\/\",\"url\":\"https:\/\/www.natualfa.com.ec\/web\/wp-content\/uploads\/2023\/02\/Logo-Natualfa-slogan-Ciencia2023.png\",\"contentUrl\":\"https:\/\/www.natualfa.com.ec\/web\/wp-content\/uploads\/2023\/02\/Logo-Natualfa-slogan-Ciencia2023.png\",\"width\":687,\"height\":344,\"caption\":\"Laboratorios Natualfa C\u00eda. Ltda.\"},\"image\":{\"@id\":\"https:\/\/www.natualfa.com.ec\/web\/#\/schema\/logo\/image\/\"},\"sameAs\":[\"https:\/\/www.facebook.com\/natualfa\/\",\"https:\/\/www.instagram.com\/natualfa\/\"]}]}<\/script>\n<!-- \/ Yoast SEO plugin. -->","yoast_head_json":{"title":"Ulcerax - Gastritis - \u00dalceras G\u00e1stricas - Laboratorios Natualfa","description":"Ulcerax combate eficazmente gastritis, \u00falceras g\u00e1stricas, duodenales. Regenerador de mucosa g\u00e1strica e intestinal. Potente desinflamatorio.","robots":{"index":"index","follow":"follow","max-snippet":"max-snippet:-1","max-image-preview":"max-image-preview:large","max-video-preview":"max-video-preview:-1"},"canonical":"https:\/\/www.natualfa.com.ec\/web\/ulcerax\/","og_locale":"es_ES","og_type":"article","og_title":"Ulcerax - Gastritis - \u00dalceras G\u00e1stricas - Laboratorios Natualfa","og_description":"Ulcerax combate eficazmente gastritis, \u00falceras g\u00e1stricas, duodenales. Regenerador de mucosa g\u00e1strica e intestinal. Potente desinflamatorio.","og_url":"https:\/\/www.natualfa.com.ec\/web\/ulcerax\/","og_site_name":"Laboratorios Natualfa","article_publisher":"https:\/\/www.facebook.com\/natualfa\/","article_modified_time":"2026-03-24T22:33:14+00:00","og_image":[{"width":295,"height":354,"url":"https:\/\/www.natualfa.com.ec\/web\/wp-content\/uploads\/2023\/06\/ULCERAX-Natualfa.jpg","type":"image\/jpeg"}],"twitter_misc":{"Tiempo de lectura":"6 minutos"},"schema":{"@context":"https:\/\/schema.org","@graph":[{"@type":"WebPage","@id":"https:\/\/www.natualfa.com.ec\/web\/ulcerax\/","url":"https:\/\/www.natualfa.com.ec\/web\/ulcerax\/","name":"Ulcerax - Gastritis - \u00dalceras G\u00e1stricas - Laboratorios Natualfa","isPartOf":{"@id":"https:\/\/www.natualfa.com.ec\/web\/#website"},"primaryImageOfPage":{"@id":"https:\/\/www.natualfa.com.ec\/web\/ulcerax\/#primaryimage"},"image":{"@id":"https:\/\/www.natualfa.com.ec\/web\/ulcerax\/#primaryimage"},"thumbnailUrl":"https:\/\/www.natualfa.com.ec\/web\/wp-content\/uploads\/2023\/06\/ULCERAX-Natualfa.jpg","datePublished":"2018-02-06T15:59:35+00:00","dateModified":"2026-03-24T22:33:14+00:00","description":"Ulcerax combate eficazmente gastritis, \u00falceras g\u00e1stricas, duodenales. Regenerador de mucosa g\u00e1strica e intestinal. Potente desinflamatorio.","inLanguage":"es","potentialAction":[{"@type":"ReadAction","target":["https:\/\/www.natualfa.com.ec\/web\/ulcerax\/"]}]},{"@type":"ImageObject","inLanguage":"es","@id":"https:\/\/www.natualfa.com.ec\/web\/ulcerax\/#primaryimage","url":"https:\/\/www.natualfa.com.ec\/web\/wp-content\/uploads\/2023\/06\/ULCERAX-Natualfa.jpg","contentUrl":"https:\/\/www.natualfa.com.ec\/web\/wp-content\/uploads\/2023\/06\/ULCERAX-Natualfa.jpg","width":295,"height":354,"caption":"GASTROPROTECTOR Y CICATRIZANTE NATURAL, TRATAMIENTO DE LA GASTRITIS, ULCERAS GASTRICAS Y DUODENALES"},{"@type":"WebSite","@id":"https:\/\/www.natualfa.com.ec\/web\/#website","url":"https:\/\/www.natualfa.com.ec\/web\/","name":"Laboratorios Natualfa","description":"Elaboraci\u00f3n de productos naturales medicinales de calidad","publisher":{"@id":"https:\/\/www.natualfa.com.ec\/web\/#organization"},"potentialAction":[{"@type":"SearchAction","target":{"@type":"EntryPoint","urlTemplate":"https:\/\/www.natualfa.com.ec\/web\/?s={search_term_string}"},"query-input":{"@type":"PropertyValueSpecification","valueRequired":true,"valueName":"search_term_string"}}],"inLanguage":"es"},{"@type":"Organization","@id":"https:\/\/www.natualfa.com.ec\/web\/#organization","name":"Laboratorios Natualfa C\u00eda. Ltda.","url":"https:\/\/www.natualfa.com.ec\/web\/","logo":{"@type":"ImageObject","inLanguage":"es","@id":"https:\/\/www.natualfa.com.ec\/web\/#\/schema\/logo\/image\/","url":"https:\/\/www.natualfa.com.ec\/web\/wp-content\/uploads\/2023\/02\/Logo-Natualfa-slogan-Ciencia2023.png","contentUrl":"https:\/\/www.natualfa.com.ec\/web\/wp-content\/uploads\/2023\/02\/Logo-Natualfa-slogan-Ciencia2023.png","width":687,"height":344,"caption":"Laboratorios Natualfa C\u00eda. Ltda."},"image":{"@id":"https:\/\/www.natualfa.com.ec\/web\/#\/schema\/logo\/image\/"},"sameAs":["https:\/\/www.facebook.com\/natualfa\/","https:\/\/www.instagram.com\/natualfa\/"]}]}},"_links":{"self":[{"href":"https:\/\/www.natualfa.com.ec\/web\/wp-json\/wp\/v2\/pages\/3416","targetHints":{"allow":["GET"]}}],"collection":[{"href":"https:\/\/www.natualfa.com.ec\/web\/wp-json\/wp\/v2\/pages"}],"about":[{"href":"https:\/\/www.natualfa.com.ec\/web\/wp-json\/wp\/v2\/types\/page"}],"author":[{"embeddable":true,"href":"https:\/\/www.natualfa.com.ec\/web\/wp-json\/wp\/v2\/users\/56"}],"replies":[{"embeddable":true,"href":"https:\/\/www.natualfa.com.ec\/web\/wp-json\/wp\/v2\/comments?post=3416"}],"version-history":[{"count":13,"href":"https:\/\/www.natualfa.com.ec\/web\/wp-json\/wp\/v2\/pages\/3416\/revisions"}],"predecessor-version":[{"id":7185,"href":"https:\/\/www.natualfa.com.ec\/web\/wp-json\/wp\/v2\/pages\/3416\/revisions\/7185"}],"wp:featuredmedia":[{"embeddable":true,"href":"https:\/\/www.natualfa.com.ec\/web\/wp-json\/wp\/v2\/media\/5248"}],"wp:attachment":[{"href":"https:\/\/www.natualfa.com.ec\/web\/wp-json\/wp\/v2\/media?parent=3416"}],"curies":[{"name":"wp","href":"https:\/\/api.w.org\/{rel}","templated":true}]}}