{"id":3394,"date":"2018-02-06T10:04:32","date_gmt":"2018-02-06T15:04:32","guid":{"rendered":"https:\/\/www.natualfa.com.ec\/web\/?page_id=3394"},"modified":"2026-03-16T16:01:33","modified_gmt":"2026-03-16T21:01:33","slug":"paico","status":"publish","type":"page","link":"https:\/\/www.natualfa.com.ec\/web\/paico\/","title":{"rendered":"Paico"},"content":{"rendered":"<p>[et_pb_section fb_built=\u00bb1&#8243; _builder_version=\u00bb4.16&#8243; custom_padding=\u00bb2px|||||\u00bb global_colors_info=\u00bb{}\u00bb][et_pb_row column_structure=\u00bb1_2,1_2&#8243; _builder_version=\u00bb4.16&#8243; background_size=\u00bbinitial\u00bb background_position=\u00bbtop_left\u00bb background_repeat=\u00bbrepeat\u00bb custom_padding=\u00bb23px||29px|||\u00bb global_colors_info=\u00bb{}\u00bb][et_pb_column type=\u00bb1_2&#8243; _builder_version=\u00bb4.16&#8243; custom_padding=\u00bb|||\u00bb global_colors_info=\u00bb{}\u00bb custom_padding__hover=\u00bb|||\u00bb][et_pb_image src=\u00bbhttps:\/\/www.natualfa.com.ec\/web\/wp-content\/uploads\/2026\/03\/Paico.jpg\u00bb alt=\u00bbPaico\u00bb title_text=\u00bbPaico\u00bb align=\u00bbcenter\u00bb _builder_version=\u00bb4.27.6&#8243; _module_preset=\u00bbdefault\u00bb custom_padding=\u00bb0px|||||\u00bb global_colors_info=\u00bb{}\u00bb][\/et_pb_image][\/et_pb_column][et_pb_column type=\u00bb1_2&#8243; _builder_version=\u00bb4.16&#8243; custom_padding=\u00bb|||\u00bb global_colors_info=\u00bb{}\u00bb custom_padding__hover=\u00bb|||\u00bb][et_pb_text _builder_version=\u00bb4.16&#8243; custom_margin=\u00bb-6px|||||\u00bb border_style=\u00bbsolid\u00bb global_colors_info=\u00bb{}\u00bb]<\/p>\n<h1 class=\"product_title entry-title\"><b>Paico<\/b><\/h1>\n<h3 class=\"product_title entry-title\">Descripci\u00f3n<\/h3>\n<p><strong><span>ANTIPARASITARIO QUE SIMULTANEAMENTE ALIVIA Y REGULA MOLESTIAS GASTROINTESTINALES PROVOCADAS POR LA PARASITOSIS, TRATAMIENTO EFICAZ EN ASCARDIASIS Y ANQUILOSTOMIASIS, UTIL EN EL TRATAMIENTO DE LEISHMANIASIS, EFECTO SUPERIOR DEL ALBENDAZOL CONTRA ASCARIS LUMBRICOIDES Y HYMENOLEPIS NANA<\/span><\/strong><\/p>\n<p><span class=\"posted_in\">Categor\u00edas:\u00a0<a href=\"https:\/\/www.natualfa.com.ec\/web\/sistema-digestivo\/\">Sistema Digestivo<\/a><\/span><\/p>\n<p>Frasco de 100 tabletas<\/p>\n<p>[\/et_pb_text][et_pb_image src=\u00bbhttps:\/\/www.natualfa.com.ec\/web\/wp-content\/uploads\/2024\/08\/Beneficios-Paico-Natualfa.jpg\u00bb alt=\u00bbBeneficios-Paico-Natualfa\u00bb title_text=\u00bbBeneficios-Paico-Natualfa\u00bb _builder_version=\u00bb4.25.1&#8243; _module_preset=\u00bbdefault\u00bb global_colors_info=\u00bb{}\u00bb][\/et_pb_image][\/et_pb_column][\/et_pb_row][et_pb_row _builder_version=\u00bb4.16&#8243; background_size=\u00bbinitial\u00bb background_position=\u00bbtop_left\u00bb background_repeat=\u00bbrepeat\u00bb custom_margin=\u00bb-8px|auto||auto||\u00bb custom_padding=\u00bb0px||0px|||\u00bb global_colors_info=\u00bb{}\u00bb][et_pb_column type=\u00bb4_4&#8243; _builder_version=\u00bb4.16&#8243; custom_padding=\u00bb|||\u00bb global_colors_info=\u00bb{}\u00bb custom_padding__hover=\u00bb|||\u00bb][et_pb_tabs active_tab_background_color=\u00bb#b67313&#8243; inactive_tab_background_color=\u00bb#FFFFFF\u00bb active_tab_text_color=\u00bb#FFFFFF\u00bb _builder_version=\u00bb4.25.1&#8243; tab_text_color=\u00bb#d3a76d\u00bb body_text_color=\u00bb#000000&#8243; body_font_size=\u00bb13px\u00bb tab_font_size=\u00bb12&#8243; background_enable_image=\u00bboff\u00bb custom_margin=\u00bb-20px|||||\u00bb border_style=\u00bbsolid\u00bb global_colors_info=\u00bb{}\u00bb][et_pb_tab title=\u00bbCOMPOSICI\u00d3N\u00bb _builder_version=\u00bb4.16&#8243; body_font=\u00bb||||\u00bb tab_font=\u00bb||||\u00bb global_colors_info=\u00bb{}\u00bb]<\/p>\n<p><strong>Cada tableta contiene:<\/strong><\/p>\n<p>Chenopodium ambrosioides L. hojas \u00a0500 mg.<br \/>(Equivalente a Taninos mayor a 2.5% p\/p)<\/p>\n<p>Excipientes c.s.p. \u00a0550 mg.\u00a0<\/p>\n<p>[\/et_pb_tab][et_pb_tab title=\u00bbINDICACIONES TERAP\u00c9UTICAS\u00bb _builder_version=\u00bb4.16&#8243; body_font=\u00bb||||\u00bb tab_font=\u00bb||||\u00bb global_colors_info=\u00bb{}\u00bb]<\/p>\n<p>Est\u00e1 indicado para el tratamiento de las parasitosis intestinales en pacientes con infestaciones de Ascaris lumbricoides e Hymenolepis nana. Sirve como coadyuvante en el tratamiento de la leishmaniasis.\u00a0<\/p>\n<p>[\/et_pb_tab][et_pb_tab title=\u00bbCONTRAINDICACIONES\u00bb _builder_version=\u00bb4.16&#8243; body_font=\u00bb||||\u00bb tab_font=\u00bb||||\u00bb global_colors_info=\u00bb{}\u00bb]<\/p>\n<p>Hipersensibilidad o alergias a los componentes. Contraindicado en mujeres embarazadas, lactantes y ni\u00f1os de hasta 3 a\u00f1os, pacientes con enfermedades hep\u00e1ticas, auditivas y renales.<\/p>\n<p>[\/et_pb_tab][et_pb_tab title=\u00bbPOSOLOG\u00cdA\u00bb _builder_version=\u00bb4.16&#8243; body_font=\u00bb||||\u00bb tab_font=\u00bb||||\u00bb global_colors_info=\u00bb{}\u00bb]<\/p>\n<p>\u00a0Tomar 4 tabletas, 3 veces al d\u00eda antes de cada comida principal con un vaso de agua, durante 4 d\u00edas.<\/p>\n<p>[\/et_pb_tab][et_pb_tab title=\u00bbPRESENTACI\u00d3N\u00bb _builder_version=\u00bb4.16&#8243; body_font=\u00bb||||\u00bb tab_font=\u00bb||||\u00bb global_colors_info=\u00bb{}\u00bb]<\/p>\n<p>Frasco de 100 tabletas<\/p>\n<p><strong>Registro Sanitario # 139-MNN-11-04<\/strong>\u00a0<\/p>\n<p>[\/et_pb_tab][\/et_pb_tabs][\/et_pb_column][\/et_pb_row][et_pb_row column_structure=\u00bb1_2,1_2&#8243; _builder_version=\u00bb4.25.1&#8243; _module_preset=\u00bbdefault\u00bb global_colors_info=\u00bb{}\u00bb][et_pb_column type=\u00bb1_2&#8243; _builder_version=\u00bb4.25.1&#8243; _module_preset=\u00bbdefault\u00bb global_colors_info=\u00bb{}\u00bb][et_pb_accordion _builder_version=\u00bb4.25.1&#8243; _module_preset=\u00bbdefault\u00bb global_colors_info=\u00bb{}\u00bb][et_pb_accordion_item title=\u00bbBeneficios\u00bb open=\u00bbon\u00bb open_toggle_text_color=\u00bb#076631&#8243; _builder_version=\u00bb4.25.1&#8243; _module_preset=\u00bbdefault\u00bb global_colors_info=\u00bb{}\u00bb toggle_level=\u00bbh1&#8243;]<\/p>\n<p><img loading=\"lazy\" decoding=\"async\" src=\"https:\/\/www.natualfa.com.ec\/web\/wp-content\/uploads\/2024\/08\/Paico-Antiparasitario-Natural.jpg\" width=\"255\" height=\"200\" alt=\"\" class=\"wp-image-6336 aligncenter size-full\" \/><\/p>\n<p>&nbsp;<\/p>\n<ul>\n<li>Regula de forma efectiva molestias como: gases, indigesti\u00f3n, dolor estomacal, incluso estre\u00f1imiento.<\/li>\n<li>Mejora s\u00edntomas relacionados a par\u00e1sitos intestinales tales como: n\u00e1useas, dolor abdominal, debilidad, p\u00e9rdida de peso y falta de apetito.<\/li>\n<li>Sirve como coadyuvante en el tratamiento de la Leishmaniasis.<\/li>\n<li>Tratamiento de las Parasitosis Intestinales en especial de nematodos como: Ascaridiasis y Anquilostomiasis.<\/li>\n<li>El Paico y Albendazol tienen eficacia similar contra Ascaris lumbricoides, pero Paico tiene el beneficio adicional de ser eficaz contra Hymenolepis nana.<\/li>\n<\/ul>\n<p>[\/et_pb_accordion_item][\/et_pb_accordion][\/et_pb_column][et_pb_column type=\u00bb1_2&#8243; _builder_version=\u00bb4.25.1&#8243; _module_preset=\u00bbdefault\u00bb global_colors_info=\u00bb{}\u00bb][et_pb_accordion _builder_version=\u00bb4.25.1&#8243; _module_preset=\u00bbdefault\u00bb global_colors_info=\u00bb{}\u00bb][et_pb_accordion_item open=\u00bbon\u00bb _builder_version=\u00bb4.25.1&#8243; _module_preset=\u00bbdefault\u00bb global_colors_info=\u00bb{}\u00bb]<\/p>\n<p><img loading=\"lazy\" decoding=\"async\" src=\"https:\/\/www.natualfa.com.ec\/web\/wp-content\/uploads\/2024\/08\/Paico-tratamiento-parasitosis-intestinales.jpg\" width=\"400\" height=\"516\" alt=\"\" class=\"wp-image-6335 aligncenter size-full\" srcset=\"https:\/\/www.natualfa.com.ec\/web\/wp-content\/uploads\/2024\/08\/Paico-tratamiento-parasitosis-intestinales.jpg 400w, https:\/\/www.natualfa.com.ec\/web\/wp-content\/uploads\/2024\/08\/Paico-tratamiento-parasitosis-intestinales-233x300.jpg 233w\" sizes=\"(max-width: 400px) 100vw, 400px\" \/><\/p>\n<p>&nbsp;<\/p>\n<p>[\/et_pb_accordion_item][\/et_pb_accordion][\/et_pb_column][\/et_pb_row][et_pb_row _builder_version=\u00bb4.16&#8243; background_size=\u00bbinitial\u00bb background_position=\u00bbtop_left\u00bb background_repeat=\u00bbrepeat\u00bb custom_padding=\u00bb4px||3px|||\u00bb global_colors_info=\u00bb{}\u00bb][et_pb_column type=\u00bb4_4&#8243; _builder_version=\u00bb4.16&#8243; custom_padding=\u00bb|||\u00bb global_colors_info=\u00bb{}\u00bb custom_padding__hover=\u00bb|||\u00bb][et_pb_text _builder_version=\u00bb4.16&#8243; custom_padding=\u00bb9px|||||\u00bb global_colors_info=\u00bb{}\u00bb]<\/p>\n<h3>PRODUCTOS RELACIONADOS<\/h3>\n<p>[\/et_pb_text][\/et_pb_column][\/et_pb_row][et_pb_row column_structure=\u00bb1_3,1_3,1_3&#8243; _builder_version=\u00bb4.16&#8243; background_size=\u00bbinitial\u00bb background_position=\u00bbtop_left\u00bb background_repeat=\u00bbrepeat\u00bb custom_margin=\u00bb-3px|auto||auto||\u00bb custom_padding=\u00bb0px||1px|||\u00bb global_colors_info=\u00bb{}\u00bb][et_pb_column type=\u00bb1_3&#8243; _builder_version=\u00bb4.16&#8243; custom_padding=\u00bb|||\u00bb global_colors_info=\u00bb{}\u00bb custom_padding__hover=\u00bb|||\u00bb][et_pb_image src=\u00bbhttps:\/\/www.natualfa.com.ec\/web\/wp-content\/uploads\/2026\/03\/Lombrix-Alfa-300&#215;300.jpg\u00bb alt=\u00bbLombrix Alfa\u00bb title_text=\u00bbLombrix Alfa\u00bb url=\u00bbhttps:\/\/www.natualfa.com.ec\/web\/lombrix-alfa\/\u00bb align=\u00bbcenter\u00bb align_tablet=\u00bbcenter\u00bb align_phone=\u00bbcenter\u00bb align_last_edited=\u00bbon|desktop\u00bb _builder_version=\u00bb4.27.6&#8243; border_width_all=\u00bb0px\u00bb border_color_all=\u00bb#fff6f2&#8243; border_style_all=\u00bbsolid\u00bb sticky=\u00bboff\u00bb use_border_color=\u00bbon\u00bb border_color=\u00bb#fff6f2&#8243; border_style=\u00bbsolid\u00bb always_center_on_mobile=\u00bbon\u00bb global_colors_info=\u00bb{}\u00bb][\/et_pb_image][\/et_pb_column][et_pb_column type=\u00bb1_3&#8243; _builder_version=\u00bb4.16&#8243; custom_padding=\u00bb|||\u00bb global_colors_info=\u00bb{}\u00bb custom_padding__hover=\u00bb|||\u00bb][et_pb_image src=\u00bbhttps:\/\/www.natualfa.com.ec\/web\/wp-content\/uploads\/2026\/03\/Carbon-Vegetal-Activado-240&#215;300.jpg\u00bb alt=\u00bbCarb\u00f3n Vegetal Activado\u00bb title_text=\u00bbCarb\u00f3n Vegetal Activado\u00bb url=\u00bbhttps:\/\/www.natualfa.com.ec\/web\/carbon-vegetal\/\u00bb align=\u00bbcenter\u00bb align_tablet=\u00bbcenter\u00bb align_phone=\u00bbcenter\u00bb align_last_edited=\u00bbon|desktop\u00bb _builder_version=\u00bb4.27.6&#8243; border_width_all=\u00bb0px\u00bb border_color_all=\u00bb#fff6f2&#8243; border_style_all=\u00bbsolid\u00bb sticky=\u00bboff\u00bb use_border_color=\u00bbon\u00bb border_color=\u00bb#fff6f2&#8243; border_style=\u00bbsolid\u00bb always_center_on_mobile=\u00bbon\u00bb global_colors_info=\u00bb{}\u00bb][\/et_pb_image][\/et_pb_column][et_pb_column type=\u00bb1_3&#8243; _builder_version=\u00bb4.16&#8243; custom_padding=\u00bb|||\u00bb global_colors_info=\u00bb{}\u00bb custom_padding__hover=\u00bb|||\u00bb][\/et_pb_column][\/et_pb_row][\/et_pb_section][et_pb_section fb_built=\u00bb1&#8243; _builder_version=\u00bb4.16&#8243; custom_margin=\u00bb-52px|||||\u00bb global_colors_info=\u00bb{}\u00bb][et_pb_row _builder_version=\u00bb4.16&#8243; background_size=\u00bbinitial\u00bb background_position=\u00bbtop_left\u00bb background_repeat=\u00bbrepeat\u00bb custom_padding=\u00bb3px|||||\u00bb global_colors_info=\u00bb{}\u00bb][et_pb_column type=\u00bb4_4&#8243; _builder_version=\u00bb4.16&#8243; custom_padding=\u00bb|||\u00bb global_colors_info=\u00bb{}\u00bb custom_padding__hover=\u00bb|||\u00bb][et_pb_comments _builder_version=\u00bb4.16&#8243; border_style=\u00bbsolid\u00bb button_letter_spacing_hover=\u00bb0&#8243; global_colors_info=\u00bb{}\u00bb button_text_size__hover_enabled=\u00bboff\u00bb button_one_text_size__hover_enabled=\u00bboff\u00bb button_two_text_size__hover_enabled=\u00bboff\u00bb button_text_color__hover_enabled=\u00bboff\u00bb button_one_text_color__hover_enabled=\u00bboff\u00bb button_two_text_color__hover_enabled=\u00bboff\u00bb button_border_width__hover_enabled=\u00bboff\u00bb button_one_border_width__hover_enabled=\u00bboff\u00bb button_two_border_width__hover_enabled=\u00bboff\u00bb button_border_color__hover_enabled=\u00bboff\u00bb button_one_border_color__hover_enabled=\u00bboff\u00bb button_two_border_color__hover_enabled=\u00bboff\u00bb button_border_radius__hover_enabled=\u00bboff\u00bb button_one_border_radius__hover_enabled=\u00bboff\u00bb button_two_border_radius__hover_enabled=\u00bboff\u00bb button_letter_spacing__hover_enabled=\u00bbon\u00bb button_letter_spacing__hover=\u00bb0&#8243; button_one_letter_spacing__hover_enabled=\u00bboff\u00bb button_two_letter_spacing__hover_enabled=\u00bboff\u00bb button_bg_color__hover_enabled=\u00bboff\u00bb button_one_bg_color__hover_enabled=\u00bboff\u00bb button_two_bg_color__hover_enabled=\u00bboff\u00bb][\/et_pb_comments][\/et_pb_column][\/et_pb_row][\/et_pb_section]<\/p>\n","protected":false},"excerpt":{"rendered":"<p>Paico Descripci\u00f3n ANTIPARASITARIO QUE SIMULTANEAMENTE ALIVIA Y REGULA MOLESTIAS GASTROINTESTINALES PROVOCADAS POR LA PARASITOSIS, TRATAMIENTO EFICAZ EN ASCARDIASIS Y ANQUILOSTOMIASIS, UTIL EN EL TRATAMIENTO DE LEISHMANIASIS, EFECTO SUPERIOR DEL ALBENDAZOL CONTRA ASCARIS LUMBRICOIDES Y HYMENOLEPIS NANA Categor\u00edas:\u00a0Sistema Digestivo Frasco de 100 tabletasCada tableta contiene: Chenopodium ambrosioides L. hojas \u00a0500 mg.(Equivalente a Taninos mayor a 2.5% [&hellip;]<\/p>\n","protected":false},"author":56,"featured_media":7120,"parent":0,"menu_order":0,"comment_status":"open","ping_status":"open","template":"","meta":{"_et_pb_use_builder":"on","_et_pb_old_content":"","_et_gb_content_width":"","footnotes":""},"class_list":["post-3394","page","type-page","status-publish","has-post-thumbnail","hentry"],"yoast_head":"<!-- This site is optimized with the Yoast SEO plugin v27.0 - https:\/\/yoast.com\/product\/yoast-seo-wordpress\/ -->\n<title>Paico - Sistema Digestivo - Laboratorios Natualfa<\/title>\n<meta name=\"description\" content=\"Paico est\u00e1 indicado para el tratamiento de las parasitosis intestinales en pacientes con infestaciones de Ascaris lumbricoides.\" \/>\n<meta name=\"robots\" content=\"index, follow, max-snippet:-1, max-image-preview:large, max-video-preview:-1\" \/>\n<link rel=\"canonical\" href=\"https:\/\/www.natualfa.com.ec\/web\/paico\/\" \/>\n<meta property=\"og:locale\" content=\"es_ES\" \/>\n<meta property=\"og:type\" content=\"article\" \/>\n<meta property=\"og:title\" content=\"Paico - Sistema Digestivo - Laboratorios Natualfa\" \/>\n<meta property=\"og:description\" content=\"Paico est\u00e1 indicado para el tratamiento de las parasitosis intestinales en pacientes con infestaciones de Ascaris lumbricoides.\" \/>\n<meta property=\"og:url\" content=\"https:\/\/www.natualfa.com.ec\/web\/paico\/\" \/>\n<meta property=\"og:site_name\" content=\"Laboratorios Natualfa\" \/>\n<meta property=\"article:publisher\" content=\"https:\/\/www.facebook.com\/natualfa\/\" \/>\n<meta property=\"article:modified_time\" content=\"2026-03-16T21:01:33+00:00\" \/>\n<meta property=\"og:image\" content=\"https:\/\/www.natualfa.com.ec\/web\/wp-content\/uploads\/2026\/03\/Paico-copia.jpg\" \/>\n\t<meta property=\"og:image:width\" content=\"400\" \/>\n\t<meta property=\"og:image:height\" content=\"400\" \/>\n\t<meta property=\"og:image:type\" content=\"image\/jpeg\" \/>\n<meta name=\"twitter:label1\" content=\"Tiempo de lectura\" \/>\n\t<meta name=\"twitter:data1\" content=\"3 minutos\" \/>\n<script type=\"application\/ld+json\" class=\"yoast-schema-graph\">{\"@context\":\"https:\/\/schema.org\",\"@graph\":[{\"@type\":\"WebPage\",\"@id\":\"https:\/\/www.natualfa.com.ec\/web\/paico\/\",\"url\":\"https:\/\/www.natualfa.com.ec\/web\/paico\/\",\"name\":\"Paico - Sistema Digestivo - Laboratorios Natualfa\",\"isPartOf\":{\"@id\":\"https:\/\/www.natualfa.com.ec\/web\/#website\"},\"primaryImageOfPage\":{\"@id\":\"https:\/\/www.natualfa.com.ec\/web\/paico\/#primaryimage\"},\"image\":{\"@id\":\"https:\/\/www.natualfa.com.ec\/web\/paico\/#primaryimage\"},\"thumbnailUrl\":\"https:\/\/www.natualfa.com.ec\/web\/wp-content\/uploads\/2026\/03\/Paico-copia.jpg\",\"datePublished\":\"2018-02-06T15:04:32+00:00\",\"dateModified\":\"2026-03-16T21:01:33+00:00\",\"description\":\"Paico est\u00e1 indicado para el tratamiento de las parasitosis intestinales en pacientes con infestaciones de Ascaris lumbricoides.\",\"inLanguage\":\"es\",\"potentialAction\":[{\"@type\":\"ReadAction\",\"target\":[\"https:\/\/www.natualfa.com.ec\/web\/paico\/\"]}]},{\"@type\":\"ImageObject\",\"inLanguage\":\"es\",\"@id\":\"https:\/\/www.natualfa.com.ec\/web\/paico\/#primaryimage\",\"url\":\"https:\/\/www.natualfa.com.ec\/web\/wp-content\/uploads\/2026\/03\/Paico-copia.jpg\",\"contentUrl\":\"https:\/\/www.natualfa.com.ec\/web\/wp-content\/uploads\/2026\/03\/Paico-copia.jpg\",\"width\":400,\"height\":400,\"caption\":\"Paico\"},{\"@type\":\"WebSite\",\"@id\":\"https:\/\/www.natualfa.com.ec\/web\/#website\",\"url\":\"https:\/\/www.natualfa.com.ec\/web\/\",\"name\":\"Laboratorios Natualfa\",\"description\":\"Elaboraci\u00f3n de productos naturales medicinales de calidad\",\"publisher\":{\"@id\":\"https:\/\/www.natualfa.com.ec\/web\/#organization\"},\"potentialAction\":[{\"@type\":\"SearchAction\",\"target\":{\"@type\":\"EntryPoint\",\"urlTemplate\":\"https:\/\/www.natualfa.com.ec\/web\/?s={search_term_string}\"},\"query-input\":{\"@type\":\"PropertyValueSpecification\",\"valueRequired\":true,\"valueName\":\"search_term_string\"}}],\"inLanguage\":\"es\"},{\"@type\":\"Organization\",\"@id\":\"https:\/\/www.natualfa.com.ec\/web\/#organization\",\"name\":\"Laboratorios Natualfa C\u00eda. Ltda.\",\"url\":\"https:\/\/www.natualfa.com.ec\/web\/\",\"logo\":{\"@type\":\"ImageObject\",\"inLanguage\":\"es\",\"@id\":\"https:\/\/www.natualfa.com.ec\/web\/#\/schema\/logo\/image\/\",\"url\":\"https:\/\/www.natualfa.com.ec\/web\/wp-content\/uploads\/2023\/02\/Logo-Natualfa-slogan-Ciencia2023.png\",\"contentUrl\":\"https:\/\/www.natualfa.com.ec\/web\/wp-content\/uploads\/2023\/02\/Logo-Natualfa-slogan-Ciencia2023.png\",\"width\":687,\"height\":344,\"caption\":\"Laboratorios Natualfa C\u00eda. Ltda.\"},\"image\":{\"@id\":\"https:\/\/www.natualfa.com.ec\/web\/#\/schema\/logo\/image\/\"},\"sameAs\":[\"https:\/\/www.facebook.com\/natualfa\/\",\"https:\/\/www.instagram.com\/natualfa\/\"]}]}<\/script>\n<!-- \/ Yoast SEO plugin. -->","yoast_head_json":{"title":"Paico - Sistema Digestivo - Laboratorios Natualfa","description":"Paico est\u00e1 indicado para el tratamiento de las parasitosis intestinales en pacientes con infestaciones de Ascaris lumbricoides.","robots":{"index":"index","follow":"follow","max-snippet":"max-snippet:-1","max-image-preview":"max-image-preview:large","max-video-preview":"max-video-preview:-1"},"canonical":"https:\/\/www.natualfa.com.ec\/web\/paico\/","og_locale":"es_ES","og_type":"article","og_title":"Paico - Sistema Digestivo - Laboratorios Natualfa","og_description":"Paico est\u00e1 indicado para el tratamiento de las parasitosis intestinales en pacientes con infestaciones de Ascaris lumbricoides.","og_url":"https:\/\/www.natualfa.com.ec\/web\/paico\/","og_site_name":"Laboratorios Natualfa","article_publisher":"https:\/\/www.facebook.com\/natualfa\/","article_modified_time":"2026-03-16T21:01:33+00:00","og_image":[{"width":400,"height":400,"url":"https:\/\/www.natualfa.com.ec\/web\/wp-content\/uploads\/2026\/03\/Paico-copia.jpg","type":"image\/jpeg"}],"twitter_misc":{"Tiempo de lectura":"3 minutos"},"schema":{"@context":"https:\/\/schema.org","@graph":[{"@type":"WebPage","@id":"https:\/\/www.natualfa.com.ec\/web\/paico\/","url":"https:\/\/www.natualfa.com.ec\/web\/paico\/","name":"Paico - Sistema Digestivo - Laboratorios Natualfa","isPartOf":{"@id":"https:\/\/www.natualfa.com.ec\/web\/#website"},"primaryImageOfPage":{"@id":"https:\/\/www.natualfa.com.ec\/web\/paico\/#primaryimage"},"image":{"@id":"https:\/\/www.natualfa.com.ec\/web\/paico\/#primaryimage"},"thumbnailUrl":"https:\/\/www.natualfa.com.ec\/web\/wp-content\/uploads\/2026\/03\/Paico-copia.jpg","datePublished":"2018-02-06T15:04:32+00:00","dateModified":"2026-03-16T21:01:33+00:00","description":"Paico est\u00e1 indicado para el tratamiento de las parasitosis intestinales en pacientes con infestaciones de Ascaris lumbricoides.","inLanguage":"es","potentialAction":[{"@type":"ReadAction","target":["https:\/\/www.natualfa.com.ec\/web\/paico\/"]}]},{"@type":"ImageObject","inLanguage":"es","@id":"https:\/\/www.natualfa.com.ec\/web\/paico\/#primaryimage","url":"https:\/\/www.natualfa.com.ec\/web\/wp-content\/uploads\/2026\/03\/Paico-copia.jpg","contentUrl":"https:\/\/www.natualfa.com.ec\/web\/wp-content\/uploads\/2026\/03\/Paico-copia.jpg","width":400,"height":400,"caption":"Paico"},{"@type":"WebSite","@id":"https:\/\/www.natualfa.com.ec\/web\/#website","url":"https:\/\/www.natualfa.com.ec\/web\/","name":"Laboratorios Natualfa","description":"Elaboraci\u00f3n de productos naturales medicinales de calidad","publisher":{"@id":"https:\/\/www.natualfa.com.ec\/web\/#organization"},"potentialAction":[{"@type":"SearchAction","target":{"@type":"EntryPoint","urlTemplate":"https:\/\/www.natualfa.com.ec\/web\/?s={search_term_string}"},"query-input":{"@type":"PropertyValueSpecification","valueRequired":true,"valueName":"search_term_string"}}],"inLanguage":"es"},{"@type":"Organization","@id":"https:\/\/www.natualfa.com.ec\/web\/#organization","name":"Laboratorios Natualfa C\u00eda. Ltda.","url":"https:\/\/www.natualfa.com.ec\/web\/","logo":{"@type":"ImageObject","inLanguage":"es","@id":"https:\/\/www.natualfa.com.ec\/web\/#\/schema\/logo\/image\/","url":"https:\/\/www.natualfa.com.ec\/web\/wp-content\/uploads\/2023\/02\/Logo-Natualfa-slogan-Ciencia2023.png","contentUrl":"https:\/\/www.natualfa.com.ec\/web\/wp-content\/uploads\/2023\/02\/Logo-Natualfa-slogan-Ciencia2023.png","width":687,"height":344,"caption":"Laboratorios Natualfa C\u00eda. Ltda."},"image":{"@id":"https:\/\/www.natualfa.com.ec\/web\/#\/schema\/logo\/image\/"},"sameAs":["https:\/\/www.facebook.com\/natualfa\/","https:\/\/www.instagram.com\/natualfa\/"]}]}},"_links":{"self":[{"href":"https:\/\/www.natualfa.com.ec\/web\/wp-json\/wp\/v2\/pages\/3394","targetHints":{"allow":["GET"]}}],"collection":[{"href":"https:\/\/www.natualfa.com.ec\/web\/wp-json\/wp\/v2\/pages"}],"about":[{"href":"https:\/\/www.natualfa.com.ec\/web\/wp-json\/wp\/v2\/types\/page"}],"author":[{"embeddable":true,"href":"https:\/\/www.natualfa.com.ec\/web\/wp-json\/wp\/v2\/users\/56"}],"replies":[{"embeddable":true,"href":"https:\/\/www.natualfa.com.ec\/web\/wp-json\/wp\/v2\/comments?post=3394"}],"version-history":[{"count":9,"href":"https:\/\/www.natualfa.com.ec\/web\/wp-json\/wp\/v2\/pages\/3394\/revisions"}],"predecessor-version":[{"id":7121,"href":"https:\/\/www.natualfa.com.ec\/web\/wp-json\/wp\/v2\/pages\/3394\/revisions\/7121"}],"wp:featuredmedia":[{"embeddable":true,"href":"https:\/\/www.natualfa.com.ec\/web\/wp-json\/wp\/v2\/media\/7120"}],"wp:attachment":[{"href":"https:\/\/www.natualfa.com.ec\/web\/wp-json\/wp\/v2\/media?parent=3394"}],"curies":[{"name":"wp","href":"https:\/\/api.w.org\/{rel}","templated":true}]}}