{"id":3359,"date":"2018-02-06T08:32:05","date_gmt":"2018-02-06T13:32:05","guid":{"rendered":"https:\/\/www.natualfa.com.ec\/web\/?page_id=3359"},"modified":"2026-03-16T16:12:09","modified_gmt":"2026-03-16T21:12:09","slug":"levadura-cerveza-100","status":"publish","type":"page","link":"https:\/\/www.natualfa.com.ec\/web\/levadura-cerveza-100\/","title":{"rendered":"Levadura de Cerveza 100"},"content":{"rendered":"<p>[et_pb_section fb_built=\u00bb1&#8243; _builder_version=\u00bb4.16&#8243; custom_padding=\u00bb29px||2px|||\u00bb global_colors_info=\u00bb{}\u00bb][et_pb_row column_structure=\u00bb1_2,1_2&#8243; _builder_version=\u00bb4.16&#8243; background_size=\u00bbinitial\u00bb background_position=\u00bbtop_left\u00bb background_repeat=\u00bbrepeat\u00bb custom_padding=\u00bb24px||0px|||\u00bb global_colors_info=\u00bb{}\u00bb][et_pb_column type=\u00bb1_2&#8243; _builder_version=\u00bb4.16&#8243; custom_padding=\u00bb|||\u00bb global_colors_info=\u00bb{}\u00bb custom_padding__hover=\u00bb|||\u00bb][et_pb_image src=\u00bbhttps:\/\/www.natualfa.com.ec\/web\/wp-content\/uploads\/2026\/03\/Levadura-de-Cerveza-100.jpg\u00bb alt=\u00bbLevadura de Cerveza 100&#8243; title_text=\u00bbLevadura de Cerveza 100&#8243; show_in_lightbox=\u00bbon\u00bb align=\u00bbcenter\u00bb align_tablet=\u00bbcenter\u00bb align_phone=\u00bbcenter\u00bb align_last_edited=\u00bbon|desktop\u00bb _builder_version=\u00bb4.27.6&#8243; background_image=\u00bbhttp:\/\/natu.peluqueriasquito.ws\/wp-content\/uploads\/2017\/11\/HOJAS-INSTITUCIONALES-2017.jpg\u00bb custom_margin=\u00bb-50px||||false|false\u00bb border_color_all=\u00bb#8ea81c\u00bb use_border_color=\u00bbon\u00bb always_center_on_mobile=\u00bbon\u00bb global_colors_info=\u00bb{}\u00bb][\/et_pb_image][\/et_pb_column][et_pb_column type=\u00bb1_2&#8243; _builder_version=\u00bb4.16&#8243; custom_padding=\u00bb|||\u00bb global_colors_info=\u00bb{}\u00bb custom_padding__hover=\u00bb|||\u00bb][et_pb_text _builder_version=\u00bb4.16&#8243; custom_margin=\u00bb-10px||2px|||\u00bb border_style=\u00bbsolid\u00bb global_colors_info=\u00bb{}\u00bb]<\/p>\n<h1 class=\"product_title entry-title\"><b>Levadura de Cerveza<\/b><\/h1>\n<h3 class=\"product_title entry-title\">Descripci\u00f3n<\/h3>\n<p><strong><span>MULTIVITAMINICO ANTIOXIDANTE NATURAL Y RESTAURADOR DE ENERGIA, UTIL EN EL TRATAMIENTO DEL ACNE, PROBIOTICO RECONSTITUYENTE DE LA FLORA INTESTINAL Y VAGINAL<\/span><\/strong><\/p>\n<p><span class=\"posted_in\">Categor\u00edas:\u00a0<a href=\"https:\/\/www.natualfa.com.ec\/web\/nutricion-vitaminas-y-minerales-de-origen-natural\/\">Nutrici\u00f3n Vitaminas y Minerales de origen Natural<\/a> \/\u00a0<a href=\"https:\/\/www.natualfa.com.ec\/web\/sistema-nervioso\/\">Sistema Nervioso<\/a><\/span><\/p>\n<p>Frasco de 100 tabletas<\/p>\n<p>[\/et_pb_text][et_pb_image src=\u00bbhttps:\/\/www.natualfa.com.ec\/web\/wp-content\/uploads\/2024\/06\/Beneficios-Levadura-de-Cerveza-Natualfa-2.jpg\u00bb title_text=\u00bbBeneficios-Levadura-de-Cerveza-Natualfa\u00bb _builder_version=\u00bb4.25.1&#8243; _module_preset=\u00bbdefault\u00bb custom_margin=\u00bb||8px|||\u00bb global_colors_info=\u00bb{}\u00bb][\/et_pb_image][\/et_pb_column][\/et_pb_row][et_pb_row _builder_version=\u00bb4.16&#8243; background_size=\u00bbinitial\u00bb background_position=\u00bbtop_left\u00bb background_repeat=\u00bbrepeat\u00bb custom_padding=\u00bb2px||19px|||\u00bb global_colors_info=\u00bb{}\u00bb][et_pb_column type=\u00bb4_4&#8243; _builder_version=\u00bb4.16&#8243; custom_padding=\u00bb|||\u00bb global_colors_info=\u00bb{}\u00bb custom_padding__hover=\u00bb|||\u00bb][et_pb_tabs active_tab_background_color=\u00bb#b67313&#8243; inactive_tab_background_color=\u00bb#FFFFFF\u00bb active_tab_text_color=\u00bb#FFFFFF\u00bb _builder_version=\u00bb4.25.1&#8243; tab_text_color=\u00bb#d3a76d\u00bb body_text_color=\u00bb#000000&#8243; body_font_size=\u00bb13px\u00bb tab_font_size=\u00bb12&#8243; background_enable_image=\u00bboff\u00bb custom_margin=\u00bb2px|||||\u00bb border_color_all=\u00bb#b67313&#8243; border_style=\u00bbsolid\u00bb global_colors_info=\u00bb{}\u00bb][et_pb_tab title=\u00bbCOMPOSICI\u00d3N\u00bb _builder_version=\u00bb4.25.1&#8243; body_font=\u00bb||||\u00bb tab_font=\u00bb||||\u00bb global_colors_info=\u00bb{}\u00bb]<\/p>\n<p><strong>Cada tableta contiene:<\/strong><\/p>\n<p>Levadura de cerveza (Saccharomyces cerevisiae) 500 mg.<\/p>\n<p>Excipientes c.s.p. 550 mg.<\/p>\n<p><a href=\"https:\/\/www.natualfa.com.ec\/web\/wp-content\/uploads\/2014\/06\/Info-Nutricional-LC.png\"><img loading=\"lazy\" decoding=\"async\" class=\"alignnone size-medium wp-image-3225\" src=\"https:\/\/www.natualfa.com.ec\/web\/wp-content\/uploads\/2014\/06\/Info-Nutricional-LC-300x300.png\" alt=\"Info-Nutricional-LC\" width=\"300\" height=\"300\" srcset=\"https:\/\/www.natualfa.com.ec\/web\/wp-content\/uploads\/2014\/06\/Info-Nutricional-LC-300x300.png 300w, https:\/\/www.natualfa.com.ec\/web\/wp-content\/uploads\/2014\/06\/Info-Nutricional-LC-150x150.png 150w, https:\/\/www.natualfa.com.ec\/web\/wp-content\/uploads\/2014\/06\/Info-Nutricional-LC-145x145.png 145w, https:\/\/www.natualfa.com.ec\/web\/wp-content\/uploads\/2014\/06\/Info-Nutricional-LC-50x50.png 50w, https:\/\/www.natualfa.com.ec\/web\/wp-content\/uploads\/2014\/06\/Info-Nutricional-LC-157x157.png 157w, https:\/\/www.natualfa.com.ec\/web\/wp-content\/uploads\/2014\/06\/Info-Nutricional-LC-400x400.png 400w, https:\/\/www.natualfa.com.ec\/web\/wp-content\/uploads\/2014\/06\/Info-Nutricional-LC.png 450w\" sizes=\"(max-width: 300px) 100vw, 300px\" \/><\/a><\/p>\n<p>[\/et_pb_tab][et_pb_tab title=\u00bbINDICACIONES TERAP\u00c9UTICAS\u00bb _builder_version=\u00bb4.16&#8243; body_font=\u00bb||||\u00bb tab_font=\u00bb||||\u00bb global_colors_info=\u00bb{}\u00bb]<\/p>\n<p>Fuente natural de prote\u00ednas y vitaminas del complejo B; relajante del sistema nervioso. Problemas digestivos, estre\u00f1imiento, restaurador de energ\u00eda, en casos de calambres musculares. Complemento diet\u00e9tico para deportistas, fisicoculturistas, en embarazo, infancia y pubertad.<\/p>\n<p>[\/et_pb_tab][et_pb_tab title=\u00bbCONTRAINDICACIONES\u00bb _builder_version=\u00bb4.16&#8243; body_font=\u00bb||||\u00bb tab_font=\u00bb||||\u00bb global_colors_info=\u00bb{}\u00bb]<\/p>\n<p>Pacientes con alergia a los componentes, enfermedad de Crohn y Colitis ulcerosa.<\/p>\n<p>[\/et_pb_tab][et_pb_tab title=\u00bbPOSOLOG\u00cdA\u00bb _builder_version=\u00bb4.16&#8243; body_font=\u00bb||||\u00bb tab_font=\u00bb||||\u00bb global_colors_info=\u00bb{}\u00bb]<\/p>\n<p>Tomar 2 tabletas, 3 veces al d\u00eda despu\u00e9s de cada comida principal, es decir: desayuno, almuerzo y merienda, con un vaso de agua o jugo.<\/p>\n<p>[\/et_pb_tab][et_pb_tab title=\u00bbPRESENTACI\u00d3N\u00bb _builder_version=\u00bb4.16&#8243; body_font=\u00bb||||\u00bb tab_font=\u00bb||||\u00bb global_colors_info=\u00bb{}\u00bb]<\/p>\n<p>\u00a0Frasco de 100 tabletas<\/p>\n<p><strong>\u00a0Registro Sanitario # 869-MNN-12-12<\/strong><\/p>\n<p>[\/et_pb_tab][\/et_pb_tabs][\/et_pb_column][\/et_pb_row][et_pb_row _builder_version=\u00bb4.16&#8243; background_size=\u00bbinitial\u00bb background_position=\u00bbtop_left\u00bb background_repeat=\u00bbrepeat\u00bb custom_padding=\u00bb0px||0px|||\u00bb global_colors_info=\u00bb{}\u00bb][et_pb_column type=\u00bb4_4&#8243; _builder_version=\u00bb4.16&#8243; custom_padding=\u00bb|||\u00bb global_colors_info=\u00bb{}\u00bb custom_padding__hover=\u00bb|||\u00bb][et_pb_text _builder_version=\u00bb4.16&#8243; global_colors_info=\u00bb{}\u00bb]<\/p>\n<h1>PRODUCTOS RELACIONADOS<\/h1>\n<p>[\/et_pb_text][\/et_pb_column][\/et_pb_row][et_pb_row column_structure=\u00bb1_2,1_2&#8243; _builder_version=\u00bb4.16&#8243; background_size=\u00bbinitial\u00bb background_position=\u00bbtop_left\u00bb background_repeat=\u00bbrepeat\u00bb custom_padding=\u00bb2px||4px|||\u00bb global_colors_info=\u00bb{}\u00bb][et_pb_column type=\u00bb1_2&#8243; _builder_version=\u00bb4.16&#8243; custom_padding=\u00bb|||\u00bb global_colors_info=\u00bb{}\u00bb custom_padding__hover=\u00bb|||\u00bb][et_pb_image src=\u00bbhttps:\/\/www.natualfa.com.ec\/web\/wp-content\/uploads\/2026\/03\/Levadura-de-Cerveza-300-300&#215;300.jpg\u00bb alt=\u00bbLevadura de Cerveza 300&#8243; title_text=\u00bbLevadura de Cerveza 300&#8243; url=\u00bbhttps:\/\/www.natualfa.com.ec\/web\/levadura-cerveza-300\/\u00bb align=\u00bbcenter\u00bb align_tablet=\u00bbcenter\u00bb align_phone=\u00bbcenter\u00bb align_last_edited=\u00bbon|desktop\u00bb _builder_version=\u00bb4.27.6&#8243; custom_margin=\u00bb||7px|||\u00bb custom_padding=\u00bb17px|||||\u00bb border_width_all=\u00bb0px\u00bb border_color_all=\u00bb#fff6f2&#8243; border_style_all=\u00bbsolid\u00bb sticky=\u00bboff\u00bb use_border_color=\u00bbon\u00bb border_color=\u00bb#fff6f2&#8243; border_style=\u00bbsolid\u00bb always_center_on_mobile=\u00bbon\u00bb global_colors_info=\u00bb{}\u00bb][\/et_pb_image][\/et_pb_column][et_pb_column type=\u00bb1_2&#8243; _builder_version=\u00bb4.27.0&#8243; _module_preset=\u00bbdefault\u00bb global_colors_info=\u00bb{}\u00bb][et_pb_image src=\u00bbhttps:\/\/www.natualfa.com.ec\/web\/wp-content\/uploads\/2026\/03\/Alfalfa-240&#215;300.jpg\u00bb alt=\u00bbAlfalfa\u00bb title_text=\u00bbAlfalfa\u00bb url=\u00bbhttps:\/\/www.natualfa.com.ec\/web\/alfalfa\/\u00bb align=\u00bbcenter\u00bb align_tablet=\u00bbcenter\u00bb align_phone=\u00bbcenter\u00bb align_last_edited=\u00bbon|desktop\u00bb _builder_version=\u00bb4.27.6&#8243; border_width_all=\u00bb0px\u00bb border_color_all=\u00bb#fff6f2&#8243; border_style_all=\u00bbsolid\u00bb sticky=\u00bboff\u00bb use_border_color=\u00bbon\u00bb border_color=\u00bb#fff6f2&#8243; border_style=\u00bbsolid\u00bb always_center_on_mobile=\u00bbon\u00bb global_colors_info=\u00bb{}\u00bb][\/et_pb_image][\/et_pb_column][\/et_pb_row][\/et_pb_section][et_pb_section fb_built=\u00bb1&#8243; _builder_version=\u00bb4.16&#8243; custom_padding=\u00bb3px||0px|||\u00bb global_colors_info=\u00bb{}\u00bb][et_pb_row _builder_version=\u00bb4.16&#8243; background_size=\u00bbinitial\u00bb background_position=\u00bbtop_left\u00bb background_repeat=\u00bbrepeat\u00bb custom_padding=\u00bb10px|||||\u00bb global_colors_info=\u00bb{}\u00bb][et_pb_column type=\u00bb4_4&#8243; _builder_version=\u00bb4.16&#8243; custom_padding=\u00bb|||\u00bb global_colors_info=\u00bb{}\u00bb custom_padding__hover=\u00bb|||\u00bb][et_pb_comments _builder_version=\u00bb4.16&#8243; custom_padding=\u00bb||0px|||\u00bb border_style=\u00bbsolid\u00bb button_letter_spacing_hover=\u00bb0&#8243; global_colors_info=\u00bb{}\u00bb button_text_size__hover_enabled=\u00bboff\u00bb button_one_text_size__hover_enabled=\u00bboff\u00bb button_two_text_size__hover_enabled=\u00bboff\u00bb button_text_color__hover_enabled=\u00bboff\u00bb button_one_text_color__hover_enabled=\u00bboff\u00bb button_two_text_color__hover_enabled=\u00bboff\u00bb button_border_width__hover_enabled=\u00bboff\u00bb button_one_border_width__hover_enabled=\u00bboff\u00bb button_two_border_width__hover_enabled=\u00bboff\u00bb button_border_color__hover_enabled=\u00bboff\u00bb button_one_border_color__hover_enabled=\u00bboff\u00bb button_two_border_color__hover_enabled=\u00bboff\u00bb button_border_radius__hover_enabled=\u00bboff\u00bb button_one_border_radius__hover_enabled=\u00bboff\u00bb button_two_border_radius__hover_enabled=\u00bboff\u00bb button_letter_spacing__hover_enabled=\u00bbon\u00bb button_letter_spacing__hover=\u00bb0&#8243; button_one_letter_spacing__hover_enabled=\u00bboff\u00bb button_two_letter_spacing__hover_enabled=\u00bboff\u00bb button_bg_color__hover_enabled=\u00bboff\u00bb button_one_bg_color__hover_enabled=\u00bboff\u00bb button_two_bg_color__hover_enabled=\u00bboff\u00bb][\/et_pb_comments][\/et_pb_column][\/et_pb_row][\/et_pb_section]<\/p>\n","protected":false},"excerpt":{"rendered":"<p>Levadura de Cerveza Descripci\u00f3n MULTIVITAMINICO ANTIOXIDANTE NATURAL Y RESTAURADOR DE ENERGIA, UTIL EN EL TRATAMIENTO DEL ACNE, PROBIOTICO RECONSTITUYENTE DE LA FLORA INTESTINAL Y VAGINAL Categor\u00edas:\u00a0Nutrici\u00f3n Vitaminas y Minerales de origen Natural \/\u00a0Sistema Nervioso Frasco de 100 tabletasCada tableta contiene: Levadura de cerveza (Saccharomyces cerevisiae) 500 mg. Excipientes c.s.p. 550 mg. Fuente natural de prote\u00ednas [&hellip;]<\/p>\n","protected":false},"author":56,"featured_media":7112,"parent":0,"menu_order":0,"comment_status":"open","ping_status":"open","template":"","meta":{"_et_pb_use_builder":"on","_et_pb_old_content":"","_et_gb_content_width":"","footnotes":""},"class_list":["post-3359","page","type-page","status-publish","has-post-thumbnail","hentry"],"yoast_head":"<!-- This site is optimized with the Yoast SEO plugin v27.0 - https:\/\/yoast.com\/product\/yoast-seo-wordpress\/ -->\n<title>Levadura de Cerveza - Energ\u00e9tico - Laboratorios Natualfa<\/title>\n<meta name=\"description\" content=\"Fuente natural de prote\u00ednas y vitaminas del complejo B; relajante del sistema nervioso. Problemas digestivos, estre\u00f1imiento\" \/>\n<meta name=\"robots\" content=\"index, follow, max-snippet:-1, max-image-preview:large, max-video-preview:-1\" \/>\n<link rel=\"canonical\" href=\"https:\/\/www.natualfa.com.ec\/web\/levadura-cerveza-100\/\" \/>\n<meta property=\"og:locale\" content=\"es_ES\" \/>\n<meta property=\"og:type\" content=\"article\" \/>\n<meta property=\"og:title\" content=\"Levadura de Cerveza - Energ\u00e9tico - Laboratorios Natualfa\" \/>\n<meta property=\"og:description\" content=\"Fuente natural de prote\u00ednas y vitaminas del complejo B; relajante del sistema nervioso. Problemas digestivos, estre\u00f1imiento\" \/>\n<meta property=\"og:url\" content=\"https:\/\/www.natualfa.com.ec\/web\/levadura-cerveza-100\/\" \/>\n<meta property=\"og:site_name\" content=\"Laboratorios Natualfa\" \/>\n<meta property=\"article:publisher\" content=\"https:\/\/www.facebook.com\/natualfa\/\" \/>\n<meta property=\"article:modified_time\" content=\"2026-03-16T21:12:09+00:00\" \/>\n<meta property=\"og:image\" content=\"https:\/\/www.natualfa.com.ec\/web\/wp-content\/uploads\/2026\/03\/Levadura-de-Cerveza-100-copia.jpg\" \/>\n\t<meta property=\"og:image:width\" content=\"400\" \/>\n\t<meta property=\"og:image:height\" content=\"400\" \/>\n\t<meta property=\"og:image:type\" content=\"image\/jpeg\" \/>\n<meta name=\"twitter:label1\" content=\"Tiempo de lectura\" \/>\n\t<meta name=\"twitter:data1\" content=\"2 minutos\" \/>\n<script type=\"application\/ld+json\" class=\"yoast-schema-graph\">{\"@context\":\"https:\/\/schema.org\",\"@graph\":[{\"@type\":\"WebPage\",\"@id\":\"https:\/\/www.natualfa.com.ec\/web\/levadura-cerveza-100\/\",\"url\":\"https:\/\/www.natualfa.com.ec\/web\/levadura-cerveza-100\/\",\"name\":\"Levadura de Cerveza - Energ\u00e9tico - Laboratorios Natualfa\",\"isPartOf\":{\"@id\":\"https:\/\/www.natualfa.com.ec\/web\/#website\"},\"primaryImageOfPage\":{\"@id\":\"https:\/\/www.natualfa.com.ec\/web\/levadura-cerveza-100\/#primaryimage\"},\"image\":{\"@id\":\"https:\/\/www.natualfa.com.ec\/web\/levadura-cerveza-100\/#primaryimage\"},\"thumbnailUrl\":\"https:\/\/www.natualfa.com.ec\/web\/wp-content\/uploads\/2026\/03\/Levadura-de-Cerveza-100-copia.jpg\",\"datePublished\":\"2018-02-06T13:32:05+00:00\",\"dateModified\":\"2026-03-16T21:12:09+00:00\",\"description\":\"Fuente natural de prote\u00ednas y vitaminas del complejo B; relajante del sistema nervioso. Problemas digestivos, estre\u00f1imiento\",\"inLanguage\":\"es\",\"potentialAction\":[{\"@type\":\"ReadAction\",\"target\":[\"https:\/\/www.natualfa.com.ec\/web\/levadura-cerveza-100\/\"]}]},{\"@type\":\"ImageObject\",\"inLanguage\":\"es\",\"@id\":\"https:\/\/www.natualfa.com.ec\/web\/levadura-cerveza-100\/#primaryimage\",\"url\":\"https:\/\/www.natualfa.com.ec\/web\/wp-content\/uploads\/2026\/03\/Levadura-de-Cerveza-100-copia.jpg\",\"contentUrl\":\"https:\/\/www.natualfa.com.ec\/web\/wp-content\/uploads\/2026\/03\/Levadura-de-Cerveza-100-copia.jpg\",\"width\":400,\"height\":400,\"caption\":\"Levadura de Cerveza 100\"},{\"@type\":\"WebSite\",\"@id\":\"https:\/\/www.natualfa.com.ec\/web\/#website\",\"url\":\"https:\/\/www.natualfa.com.ec\/web\/\",\"name\":\"Laboratorios Natualfa\",\"description\":\"Elaboraci\u00f3n de productos naturales medicinales de calidad\",\"publisher\":{\"@id\":\"https:\/\/www.natualfa.com.ec\/web\/#organization\"},\"potentialAction\":[{\"@type\":\"SearchAction\",\"target\":{\"@type\":\"EntryPoint\",\"urlTemplate\":\"https:\/\/www.natualfa.com.ec\/web\/?s={search_term_string}\"},\"query-input\":{\"@type\":\"PropertyValueSpecification\",\"valueRequired\":true,\"valueName\":\"search_term_string\"}}],\"inLanguage\":\"es\"},{\"@type\":\"Organization\",\"@id\":\"https:\/\/www.natualfa.com.ec\/web\/#organization\",\"name\":\"Laboratorios Natualfa C\u00eda. Ltda.\",\"url\":\"https:\/\/www.natualfa.com.ec\/web\/\",\"logo\":{\"@type\":\"ImageObject\",\"inLanguage\":\"es\",\"@id\":\"https:\/\/www.natualfa.com.ec\/web\/#\/schema\/logo\/image\/\",\"url\":\"https:\/\/www.natualfa.com.ec\/web\/wp-content\/uploads\/2023\/02\/Logo-Natualfa-slogan-Ciencia2023.png\",\"contentUrl\":\"https:\/\/www.natualfa.com.ec\/web\/wp-content\/uploads\/2023\/02\/Logo-Natualfa-slogan-Ciencia2023.png\",\"width\":687,\"height\":344,\"caption\":\"Laboratorios Natualfa C\u00eda. Ltda.\"},\"image\":{\"@id\":\"https:\/\/www.natualfa.com.ec\/web\/#\/schema\/logo\/image\/\"},\"sameAs\":[\"https:\/\/www.facebook.com\/natualfa\/\",\"https:\/\/www.instagram.com\/natualfa\/\"]}]}<\/script>\n<!-- \/ Yoast SEO plugin. -->","yoast_head_json":{"title":"Levadura de Cerveza - Energ\u00e9tico - Laboratorios Natualfa","description":"Fuente natural de prote\u00ednas y vitaminas del complejo B; relajante del sistema nervioso. Problemas digestivos, estre\u00f1imiento","robots":{"index":"index","follow":"follow","max-snippet":"max-snippet:-1","max-image-preview":"max-image-preview:large","max-video-preview":"max-video-preview:-1"},"canonical":"https:\/\/www.natualfa.com.ec\/web\/levadura-cerveza-100\/","og_locale":"es_ES","og_type":"article","og_title":"Levadura de Cerveza - Energ\u00e9tico - Laboratorios Natualfa","og_description":"Fuente natural de prote\u00ednas y vitaminas del complejo B; relajante del sistema nervioso. Problemas digestivos, estre\u00f1imiento","og_url":"https:\/\/www.natualfa.com.ec\/web\/levadura-cerveza-100\/","og_site_name":"Laboratorios Natualfa","article_publisher":"https:\/\/www.facebook.com\/natualfa\/","article_modified_time":"2026-03-16T21:12:09+00:00","og_image":[{"width":400,"height":400,"url":"https:\/\/www.natualfa.com.ec\/web\/wp-content\/uploads\/2026\/03\/Levadura-de-Cerveza-100-copia.jpg","type":"image\/jpeg"}],"twitter_misc":{"Tiempo de lectura":"2 minutos"},"schema":{"@context":"https:\/\/schema.org","@graph":[{"@type":"WebPage","@id":"https:\/\/www.natualfa.com.ec\/web\/levadura-cerveza-100\/","url":"https:\/\/www.natualfa.com.ec\/web\/levadura-cerveza-100\/","name":"Levadura de Cerveza - Energ\u00e9tico - Laboratorios Natualfa","isPartOf":{"@id":"https:\/\/www.natualfa.com.ec\/web\/#website"},"primaryImageOfPage":{"@id":"https:\/\/www.natualfa.com.ec\/web\/levadura-cerveza-100\/#primaryimage"},"image":{"@id":"https:\/\/www.natualfa.com.ec\/web\/levadura-cerveza-100\/#primaryimage"},"thumbnailUrl":"https:\/\/www.natualfa.com.ec\/web\/wp-content\/uploads\/2026\/03\/Levadura-de-Cerveza-100-copia.jpg","datePublished":"2018-02-06T13:32:05+00:00","dateModified":"2026-03-16T21:12:09+00:00","description":"Fuente natural de prote\u00ednas y vitaminas del complejo B; relajante del sistema nervioso. Problemas digestivos, estre\u00f1imiento","inLanguage":"es","potentialAction":[{"@type":"ReadAction","target":["https:\/\/www.natualfa.com.ec\/web\/levadura-cerveza-100\/"]}]},{"@type":"ImageObject","inLanguage":"es","@id":"https:\/\/www.natualfa.com.ec\/web\/levadura-cerveza-100\/#primaryimage","url":"https:\/\/www.natualfa.com.ec\/web\/wp-content\/uploads\/2026\/03\/Levadura-de-Cerveza-100-copia.jpg","contentUrl":"https:\/\/www.natualfa.com.ec\/web\/wp-content\/uploads\/2026\/03\/Levadura-de-Cerveza-100-copia.jpg","width":400,"height":400,"caption":"Levadura de Cerveza 100"},{"@type":"WebSite","@id":"https:\/\/www.natualfa.com.ec\/web\/#website","url":"https:\/\/www.natualfa.com.ec\/web\/","name":"Laboratorios Natualfa","description":"Elaboraci\u00f3n de productos naturales medicinales de calidad","publisher":{"@id":"https:\/\/www.natualfa.com.ec\/web\/#organization"},"potentialAction":[{"@type":"SearchAction","target":{"@type":"EntryPoint","urlTemplate":"https:\/\/www.natualfa.com.ec\/web\/?s={search_term_string}"},"query-input":{"@type":"PropertyValueSpecification","valueRequired":true,"valueName":"search_term_string"}}],"inLanguage":"es"},{"@type":"Organization","@id":"https:\/\/www.natualfa.com.ec\/web\/#organization","name":"Laboratorios Natualfa C\u00eda. Ltda.","url":"https:\/\/www.natualfa.com.ec\/web\/","logo":{"@type":"ImageObject","inLanguage":"es","@id":"https:\/\/www.natualfa.com.ec\/web\/#\/schema\/logo\/image\/","url":"https:\/\/www.natualfa.com.ec\/web\/wp-content\/uploads\/2023\/02\/Logo-Natualfa-slogan-Ciencia2023.png","contentUrl":"https:\/\/www.natualfa.com.ec\/web\/wp-content\/uploads\/2023\/02\/Logo-Natualfa-slogan-Ciencia2023.png","width":687,"height":344,"caption":"Laboratorios Natualfa C\u00eda. Ltda."},"image":{"@id":"https:\/\/www.natualfa.com.ec\/web\/#\/schema\/logo\/image\/"},"sameAs":["https:\/\/www.facebook.com\/natualfa\/","https:\/\/www.instagram.com\/natualfa\/"]}]}},"_links":{"self":[{"href":"https:\/\/www.natualfa.com.ec\/web\/wp-json\/wp\/v2\/pages\/3359","targetHints":{"allow":["GET"]}}],"collection":[{"href":"https:\/\/www.natualfa.com.ec\/web\/wp-json\/wp\/v2\/pages"}],"about":[{"href":"https:\/\/www.natualfa.com.ec\/web\/wp-json\/wp\/v2\/types\/page"}],"author":[{"embeddable":true,"href":"https:\/\/www.natualfa.com.ec\/web\/wp-json\/wp\/v2\/users\/56"}],"replies":[{"embeddable":true,"href":"https:\/\/www.natualfa.com.ec\/web\/wp-json\/wp\/v2\/comments?post=3359"}],"version-history":[{"count":20,"href":"https:\/\/www.natualfa.com.ec\/web\/wp-json\/wp\/v2\/pages\/3359\/revisions"}],"predecessor-version":[{"id":7131,"href":"https:\/\/www.natualfa.com.ec\/web\/wp-json\/wp\/v2\/pages\/3359\/revisions\/7131"}],"wp:featuredmedia":[{"embeddable":true,"href":"https:\/\/www.natualfa.com.ec\/web\/wp-json\/wp\/v2\/media\/7112"}],"wp:attachment":[{"href":"https:\/\/www.natualfa.com.ec\/web\/wp-json\/wp\/v2\/media?parent=3359"}],"curies":[{"name":"wp","href":"https:\/\/api.w.org\/{rel}","templated":true}]}}