{"id":3353,"date":"2018-02-06T08:17:41","date_gmt":"2018-02-06T13:17:41","guid":{"rendered":"https:\/\/www.natualfa.com.ec\/web\/?page_id=3353"},"modified":"2026-03-24T17:53:51","modified_gmt":"2026-03-24T22:53:51","slug":"jengibre-propoleo","status":"publish","type":"page","link":"https:\/\/www.natualfa.com.ec\/web\/jengibre-propoleo\/","title":{"rendered":"Jengibre + Prop\u00f3leo Tabletas Masticables"},"content":{"rendered":"<p>[et_pb_section fb_built=\u00bb1&#8243; _builder_version=\u00bb4.16&#8243; custom_padding=\u00bb18px||0px|||\u00bb global_colors_info=\u00bb{}\u00bb][et_pb_row column_structure=\u00bb1_2,1_2&#8243; _builder_version=\u00bb4.21.0&#8243; background_size=\u00bbinitial\u00bb background_position=\u00bbtop_left\u00bb background_repeat=\u00bbrepeat\u00bb custom_margin=\u00bb-4px|auto|-6px|auto||\u00bb custom_padding=\u00bb1px||15px|||\u00bb global_colors_info=\u00bb{}\u00bb][et_pb_column type=\u00bb1_2&#8243; _builder_version=\u00bb4.16&#8243; custom_padding=\u00bb|||\u00bb global_colors_info=\u00bb{}\u00bb custom_padding__hover=\u00bb|||\u00bb][et_pb_image src=\u00bbhttps:\/\/www.natualfa.com.ec\/web\/wp-content\/uploads\/2026\/03\/JengibrePropoleoMast-5.jpg\u00bb alt=\u00bbJengibre+Prop\u00f3leo Masticables\u00bb title_text=\u00bbJengibre+Prop\u00f3leo Masticables\u00bb _builder_version=\u00bb4.27.6&#8243; _module_preset=\u00bbdefault\u00bb hover_enabled=\u00bb0&#8243; global_colors_info=\u00bb{}\u00bb align=\u00bbcenter\u00bb sticky_enabled=\u00bb0&#8243;][\/et_pb_image][\/et_pb_column][et_pb_column type=\u00bb1_2&#8243; _builder_version=\u00bb4.25.1&#8243; _module_preset=\u00bbdefault\u00bb global_colors_info=\u00bb{}\u00bb][et_pb_text _builder_version=\u00bb4.25.1&#8243; _module_preset=\u00bbdefault\u00bb width=\u00bb86.9%\u00bb custom_margin=\u00bb|3px|8px|-1px||\u00bb custom_padding=\u00bb|0px||1px||\u00bb global_colors_info=\u00bb{}\u00bb]<\/p>\n<h1 class=\"product_title entry-title\" style=\"text-align: justify;\"><b>Jengibre + Prop\u00f3leo Tabletas Masticables<\/b><\/h1>\n<h1 class=\"product_title entry-title\">Descripci\u00f3n<\/h1>\n<p style=\"text-align: justify;\"><strong>AYUDA A MEJORAR S\u00cdNTOMAS DEL RESFRIADO COM\u00daN, SIENDO EFICAZ PARA LUBRICAR Y REFRESCAR LA GARGANTA IRRITADA, PREVIENE LA NAUSEA Y EL VOMITO, \u00daTIL EN EL TRATAMIENTO DE LESIONES BUCALES<\/strong><\/p>\n<p style=\"text-align: justify;\"><span class=\"posted_in\">Categor\u00edas:\u00a0<a href=\"https:\/\/www.natualfa.com.ec\/web\/aparato-respiratorio\/\">Aparato Respiratorio<\/a><\/span><\/p>\n<p style=\"text-align: justify;\">Frasco de 50 tabletas masticables<\/p>\n<p>[\/et_pb_text][et_pb_image src=\u00bbhttps:\/\/www.natualfa.com.ec\/web\/wp-content\/uploads\/2024\/06\/Beneficios-JengibrePropoleo.jpg\u00bb title_text=\u00bbBeneficios-Jengibre+Propoleo\u00bb _builder_version=\u00bb4.25.1&#8243; _module_preset=\u00bbdefault\u00bb global_colors_info=\u00bb{}\u00bb][\/et_pb_image][\/et_pb_column][\/et_pb_row][et_pb_row _builder_version=\u00bb4.16&#8243; background_size=\u00bbinitial\u00bb background_position=\u00bbtop_left\u00bb background_repeat=\u00bbrepeat\u00bb custom_padding=\u00bb0px||21px|||\u00bb global_colors_info=\u00bb{}\u00bb][et_pb_column type=\u00bb4_4&#8243; _builder_version=\u00bb4.16&#8243; custom_padding=\u00bb|||\u00bb global_colors_info=\u00bb{}\u00bb custom_padding__hover=\u00bb|||\u00bb][et_pb_tabs active_tab_background_color=\u00bb#b67313&#8243; inactive_tab_background_color=\u00bb#FFFFFF\u00bb active_tab_text_color=\u00bb#FFFFFF\u00bb _builder_version=\u00bb4.27.6&#8243; tab_text_color=\u00bb#d3a76d\u00bb body_text_color=\u00bb#000000&#8243; body_font_size=\u00bb13px\u00bb tab_font_size=\u00bb12&#8243; background_enable_image=\u00bboff\u00bb custom_margin=\u00bb10px||2px|||\u00bb border_color_all=\u00bb#b67313&#8243; border_style=\u00bbsolid\u00bb global_colors_info=\u00bb{}\u00bb][et_pb_tab title=\u00bbCOMPOSICI\u00d3N\u00bb _builder_version=\u00bb4.25.1&#8243; body_font=\u00bb||||\u00bb tab_font=\u00bb||||\u00bb global_colors_info=\u00bb{}\u00bb]<\/p>\n<p><strong>Cada tableta contiene:<\/strong><\/p>\n<p>Cada tableta contiene: Zingiber officinale Rosc. Ra\u00edz 50mg., Prop\u00f3leo extracto seco 3.2mg., Excipientes c.s.p. 400.00 mg.<\/p>\n<p>[\/et_pb_tab][et_pb_tab title=\u00bbINDICACIONES TERAP\u00c9UTICAS\u00bb _builder_version=\u00bb4.16&#8243; body_font=\u00bb||||\u00bb tab_font=\u00bb||||\u00bb global_colors_info=\u00bb{}\u00bb]<\/p>\n<p>Medicamento \u00fatil en el tratamiento de infecci\u00f3n e inflamaci\u00f3n relacionado con la cavidad bucofar\u00edngea producido por el resfriado com\u00fan, siendo eficaz para lubricar y refrescar la garganta irritada. Por sus caracter\u00edsticas carminativas y absorbentes est\u00e1 indicado en el tratamiento preventivo de la n\u00e1usea y el v\u00f3mito.\u00a0<\/p>\n<p>[\/et_pb_tab][et_pb_tab title=\u00bbCONTRAINDICACIONES\u00bb _builder_version=\u00bb4.27.6&#8243; body_font=\u00bb||||\u00bb tab_font=\u00bb||||\u00bb global_colors_info=\u00bb{}\u00bb]<\/p>\n<p>Se puede administrar en el embarazo en periodos cortos y con control m\u00e9dico. No usar en ni\u00f1os menores de 6 a\u00f1os.<br \/>No usar simult\u00e1neamente con anticoagulantes.<\/p>\n<p>[\/et_pb_tab][et_pb_tab title=\u00bbPOSOLOG\u00cdA\u00bb _builder_version=\u00bb4.16&#8243; body_font=\u00bb||||\u00bb tab_font=\u00bb||||\u00bb global_colors_info=\u00bb{}\u00bb]<\/p>\n<p>Chupar o masticar 4 tabletas cada 4 horas durante 8 d\u00edas.<\/p>\n<p>Se puede utilizar en ni\u00f1os mayores de 6 a\u00f1os que no presenten alergia a componentes.\u00a0<\/p>\n<p>[\/et_pb_tab][et_pb_tab title=\u00bbPRESENTACI\u00d3N\u00bb _builder_version=\u00bb4.16&#8243; body_font=\u00bb||||\u00bb tab_font=\u00bb||||\u00bb global_colors_info=\u00bb{}\u00bb]<\/p>\n<p>Frasco de 50 tabletas masticables<\/p>\n<p><strong>Registro Sanitario # 380-MNN-10-09<\/strong>\u00a0<\/p>\n<p>[\/et_pb_tab][\/et_pb_tabs][\/et_pb_column][\/et_pb_row][et_pb_row column_structure=\u00bb1_2,1_2&#8243; _builder_version=\u00bb4.25.1&#8243; _module_preset=\u00bbdefault\u00bb global_colors_info=\u00bb{}\u00bb custom_padding=\u00bb5px|||||\u00bb][et_pb_column type=\u00bb1_2&#8243; _builder_version=\u00bb4.25.1&#8243; _module_preset=\u00bbdefault\u00bb global_colors_info=\u00bb{}\u00bb][et_pb_accordion _builder_version=\u00bb4.25.1&#8243; _module_preset=\u00bbdefault\u00bb border_color_all=\u00bb#e8e8e8&#8243; global_colors_info=\u00bb{}\u00bb][et_pb_accordion_item title=\u00bbBeneficios\u00bb open=\u00bbon\u00bb open_toggle_text_color=\u00bb#076631&#8243; _builder_version=\u00bb4.25.1&#8243; _module_preset=\u00bbdefault\u00bb global_colors_info=\u00bb{}\u00bb toggle_level=\u00bbh1&#8243;]<\/p>\n<p><img loading=\"lazy\" decoding=\"async\" class=\"wp-image-6241 aligncenter size-full\" src=\"https:\/\/www.natualfa.com.ec\/web\/wp-content\/uploads\/2024\/06\/Tratamiento-para-la-cavidad-bucofaringea-1.jpg\" alt=\"\" width=\"296\" height=\"192\" \/><\/p>\n<p>&nbsp;<\/p>\n<ul>\n<li style=\"text-align: justify\">Lubrica, as\u00ed como alivia el dolor y ardor de la garganta irritada.<\/li>\n<li style=\"text-align: justify\">Evita n\u00e1useas, c\u00f3licos de est\u00f3mago e intestino, muy \u00fatil en emesis provocada despu\u00e9s de la quimioterapia Oncol\u00f3gica o de una cirug\u00eda.<\/li>\n<li style=\"text-align: justify\">Previene mareos ocasionados por viajes y mejora n\u00e1useas provocadas por el embarazo.<\/li>\n<li style=\"text-align: justify\">Eficaz en el tratamiento de lesiones bucales, pues protege la mucosa oral, adem\u00e1s previene las caries y enfermedades bucales.<\/li>\n<li style=\"text-align: justify\">Ayuda a mejorar s\u00edntomas del resfriado com\u00fan, faringitis, amigdalitis, entre otros, pues ayuda a combatir virus y bacterias que lo ocasionan.<\/li>\n<li style=\"text-align: justify\">Esta f\u00f3rmula farmac\u00e9utica concentrada libre de alcohol, permite que su actividad terap\u00e9utica se vaya accionando efectivamente desde la boca, hacia garganta y tracto respiratorio facilitando su asimilaci\u00f3n a trav\u00e9s de las mucosas hacia el torrente sangu\u00edneo y a su vez a la asimilaci\u00f3n v\u00eda g\u00e1strica.<\/li>\n<li>Es sumamente \u00fatil para evitar o mejorar el llamado \u201csoroche\u201d o \u201cmal de altura\u201d, pues incrementa la circulaci\u00f3n sangu\u00ednea por lo que ayuda a un mejor suministro del ox\u00edgeno, siendo ideal para actividades relacionadas con viajes de media- alta monta\u00f1a.<\/li>\n<\/ul>\n<p>[\/et_pb_accordion_item][\/et_pb_accordion][\/et_pb_column][et_pb_column type=\u00bb1_2&#8243; _builder_version=\u00bb4.25.1&#8243; _module_preset=\u00bbdefault\u00bb global_colors_info=\u00bb{}\u00bb][et_pb_accordion _builder_version=\u00bb4.25.1&#8243; _module_preset=\u00bbdefault\u00bb border_color_all=\u00bb#e8e8e8&#8243; global_colors_info=\u00bb{}\u00bb][et_pb_accordion_item open=\u00bbon\u00bb _builder_version=\u00bb4.25.1&#8243; _module_preset=\u00bbdefault\u00bb global_colors_info=\u00bb{}\u00bb]<\/p>\n<p><img loading=\"lazy\" decoding=\"async\" src=\"https:\/\/www.natualfa.com.ec\/web\/wp-content\/uploads\/2024\/06\/Desinflama-y-Alivia-la-garganta-irritada-1.jpg\" width=\"400\" height=\"516\" alt=\"\" class=\"wp-image-6256 aligncenter size-full\" srcset=\"https:\/\/www.natualfa.com.ec\/web\/wp-content\/uploads\/2024\/06\/Desinflama-y-Alivia-la-garganta-irritada-1.jpg 400w, https:\/\/www.natualfa.com.ec\/web\/wp-content\/uploads\/2024\/06\/Desinflama-y-Alivia-la-garganta-irritada-1-233x300.jpg 233w\" sizes=\"(max-width: 400px) 100vw, 400px\" \/><\/p>\n<p style=\"text-align: justify\">\n<p>[\/et_pb_accordion_item][\/et_pb_accordion][\/et_pb_column][\/et_pb_row][et_pb_row _builder_version=\u00bb4.16&#8243; background_size=\u00bbinitial\u00bb background_position=\u00bbtop_left\u00bb background_repeat=\u00bbrepeat\u00bb custom_padding=\u00bb0px||1px|||\u00bb global_colors_info=\u00bb{}\u00bb][et_pb_column type=\u00bb4_4&#8243; _builder_version=\u00bb4.16&#8243; custom_padding=\u00bb|||\u00bb global_colors_info=\u00bb{}\u00bb custom_padding__hover=\u00bb|||\u00bb][et_pb_text _builder_version=\u00bb4.16&#8243; global_colors_info=\u00bb{}\u00bb]<\/p>\n<h3>PRODUCTOS RELACIONADOS<\/h3>\n<p>[\/et_pb_text][\/et_pb_column][\/et_pb_row][et_pb_row column_structure=\u00bb1_3,1_3,1_3&#8243; _builder_version=\u00bb4.16&#8243; background_size=\u00bbinitial\u00bb background_position=\u00bbtop_left\u00bb background_repeat=\u00bbrepeat\u00bb custom_padding=\u00bb0px||0px|||\u00bb global_colors_info=\u00bb{}\u00bb][et_pb_column type=\u00bb1_3&#8243; _builder_version=\u00bb4.16&#8243; custom_padding=\u00bb|||\u00bb global_colors_info=\u00bb{}\u00bb custom_padding__hover=\u00bb|||\u00bb][et_pb_image src=\u00bbhttps:\/\/www.natualfa.com.ec\/web\/wp-content\/uploads\/2026\/03\/EquinaceaPropoleo-300&#215;300.jpg\u00bb alt=\u00bbEquin\u00e1cea+Prop\u00f3leo\u00bb title_text=\u00bbEquin\u00e1cea+Prop\u00f3leo\u00bb url=\u00bbhttps:\/\/www.natualfa.com.ec\/web\/equinacea-propoleo\/\u00bb align=\u00bbcenter\u00bb _builder_version=\u00bb4.27.6&#8243; _module_preset=\u00bbdefault\u00bb global_colors_info=\u00bb{}\u00bb][\/et_pb_image][\/et_pb_column][et_pb_column type=\u00bb1_3&#8243; _builder_version=\u00bb4.16&#8243; custom_padding=\u00bb|||\u00bb global_colors_info=\u00bb{}\u00bb custom_padding__hover=\u00bb|||\u00bb][et_pb_image src=\u00bbhttps:\/\/www.natualfa.com.ec\/web\/wp-content\/uploads\/2026\/03\/JengibrePropoleoSprayNaranja-184&#215;300.jpg\u00bb alt=\u00bbJengibre+PropoleoSprayNaranja\u00bb title_text=\u00bbJengibre+PropoleoSprayNaranja\u00bb url=\u00bbhttps:\/\/www.natualfa.com.ec\/web\/jengibre-propoleo-spray-oral-sabor-naranja\/\u00bb align=\u00bbcenter\u00bb _builder_version=\u00bb4.27.6&#8243; _module_preset=\u00bbdefault\u00bb global_colors_info=\u00bb{}\u00bb][\/et_pb_image][\/et_pb_column][et_pb_column type=\u00bb1_3&#8243; _builder_version=\u00bb4.16&#8243; custom_padding=\u00bb|||\u00bb global_colors_info=\u00bb{}\u00bb custom_padding__hover=\u00bb|||\u00bb][et_pb_image src=\u00bbhttps:\/\/www.natualfa.com.ec\/web\/wp-content\/uploads\/2026\/03\/JengibrePropoleoSprayMenta-184&#215;300.jpg\u00bb alt=\u00bbJengibre+PropoleoSprayMenta&#038;Eucalipto\u00bb title_text=\u00bbJengibre+PropoleoSprayMenta&#038;Eucalipto\u00bb url=\u00bbhttps:\/\/www.natualfa.com.ec\/web\/jengibre-propoleo-spray-oral-sabor-menta-eucalipto\/\u00bb _builder_version=\u00bb4.27.6&#8243; _module_preset=\u00bbdefault\u00bb hover_enabled=\u00bb0&#8243; global_colors_info=\u00bb{}\u00bb align=\u00bbcenter\u00bb sticky_enabled=\u00bb0&#8243;][\/et_pb_image][\/et_pb_column][\/et_pb_row][\/et_pb_section][et_pb_section fb_built=\u00bb1&#8243; _builder_version=\u00bb4.16&#8243; custom_padding=\u00bb0px||1px|||\u00bb global_colors_info=\u00bb{}\u00bb][et_pb_row _builder_version=\u00bb4.16&#8243; background_size=\u00bbinitial\u00bb background_position=\u00bbtop_left\u00bb background_repeat=\u00bbrepeat\u00bb custom_margin=\u00bb1px|auto||auto||\u00bb custom_padding=\u00bb0px|||||\u00bb global_colors_info=\u00bb{}\u00bb][et_pb_column type=\u00bb4_4&#8243; _builder_version=\u00bb4.16&#8243; custom_padding=\u00bb|||\u00bb global_colors_info=\u00bb{}\u00bb custom_padding__hover=\u00bb|||\u00bb][et_pb_comments _builder_version=\u00bb4.16&#8243; border_style=\u00bbsolid\u00bb button_letter_spacing_hover=\u00bb0&#8243; global_colors_info=\u00bb{}\u00bb button_text_size__hover_enabled=\u00bboff\u00bb button_one_text_size__hover_enabled=\u00bboff\u00bb button_two_text_size__hover_enabled=\u00bboff\u00bb button_text_color__hover_enabled=\u00bboff\u00bb button_one_text_color__hover_enabled=\u00bboff\u00bb button_two_text_color__hover_enabled=\u00bboff\u00bb button_border_width__hover_enabled=\u00bboff\u00bb button_one_border_width__hover_enabled=\u00bboff\u00bb button_two_border_width__hover_enabled=\u00bboff\u00bb button_border_color__hover_enabled=\u00bboff\u00bb button_one_border_color__hover_enabled=\u00bboff\u00bb button_two_border_color__hover_enabled=\u00bboff\u00bb button_border_radius__hover_enabled=\u00bboff\u00bb button_one_border_radius__hover_enabled=\u00bboff\u00bb button_two_border_radius__hover_enabled=\u00bboff\u00bb button_letter_spacing__hover_enabled=\u00bbon\u00bb button_letter_spacing__hover=\u00bb0&#8243; button_one_letter_spacing__hover_enabled=\u00bboff\u00bb button_two_letter_spacing__hover_enabled=\u00bboff\u00bb button_bg_color__hover_enabled=\u00bboff\u00bb button_one_bg_color__hover_enabled=\u00bboff\u00bb button_two_bg_color__hover_enabled=\u00bboff\u00bb][\/et_pb_comments][\/et_pb_column][\/et_pb_row][\/et_pb_section]<\/p>\n","protected":false},"excerpt":{"rendered":"<p>Jengibre + Prop\u00f3leo Tabletas Masticables Descripci\u00f3n AYUDA A MEJORAR S\u00cdNTOMAS DEL RESFRIADO COM\u00daN, SIENDO EFICAZ PARA LUBRICAR Y REFRESCAR LA GARGANTA IRRITADA, PREVIENE LA NAUSEA Y EL VOMITO, \u00daTIL EN EL TRATAMIENTO DE LESIONES BUCALES Categor\u00edas:\u00a0Aparato Respiratorio Frasco de 50 tabletas masticablesCada tableta contiene: Cada tableta contiene: Zingiber officinale Rosc. Ra\u00edz 50mg., Prop\u00f3leo extracto seco [&hellip;]<\/p>\n","protected":false},"author":56,"featured_media":6774,"parent":0,"menu_order":0,"comment_status":"open","ping_status":"open","template":"","meta":{"_et_pb_use_builder":"on","_et_pb_old_content":"","_et_gb_content_width":"","footnotes":""},"class_list":["post-3353","page","type-page","status-publish","has-post-thumbnail","hentry"],"yoast_head":"<!-- This site is optimized with the Yoast SEO plugin v27.0 - https:\/\/yoast.com\/product\/yoast-seo-wordpress\/ -->\n<title>Jengibre + Prop\u00f3leo Tabletas Masticables sin alcohol<\/title>\n<meta name=\"description\" content=\"Tratamiento para la infecci\u00f3n e inflamaci\u00f3n de la cavidad bucofar\u00edngea. Lubrica y alivia la garganta irritada. Mejora s\u00edntomas del resfriado com\u00fan.\" \/>\n<meta name=\"robots\" content=\"index, follow, max-snippet:-1, max-image-preview:large, max-video-preview:-1\" \/>\n<link rel=\"canonical\" href=\"https:\/\/www.natualfa.com.ec\/web\/jengibre-propoleo\/\" \/>\n<meta property=\"og:locale\" content=\"es_ES\" \/>\n<meta property=\"og:type\" content=\"article\" \/>\n<meta property=\"og:title\" content=\"Jengibre + Prop\u00f3leo Tabletas Masticables sin alcohol\" \/>\n<meta property=\"og:description\" content=\"Tratamiento para la infecci\u00f3n e inflamaci\u00f3n de la cavidad bucofar\u00edngea. Lubrica y alivia la garganta irritada. Mejora s\u00edntomas del resfriado com\u00fan.\" \/>\n<meta property=\"og:url\" content=\"https:\/\/www.natualfa.com.ec\/web\/jengibre-propoleo\/\" \/>\n<meta property=\"og:site_name\" content=\"Laboratorios Natualfa\" \/>\n<meta property=\"article:publisher\" content=\"https:\/\/www.facebook.com\/natualfa\/\" \/>\n<meta property=\"article:modified_time\" content=\"2026-03-24T22:53:51+00:00\" \/>\n<meta property=\"og:image\" content=\"https:\/\/www.natualfa.com.ec\/web\/wp-content\/uploads\/2026\/03\/JengibrePropoleoMast-5.jpg\" \/>\n\t<meta property=\"og:image:width\" content=\"400\" \/>\n\t<meta property=\"og:image:height\" content=\"400\" \/>\n\t<meta property=\"og:image:type\" content=\"image\/jpeg\" \/>\n<meta name=\"twitter:label1\" content=\"Tiempo de lectura\" \/>\n\t<meta name=\"twitter:data1\" content=\"4 minutos\" \/>\n<script type=\"application\/ld+json\" class=\"yoast-schema-graph\">{\"@context\":\"https:\/\/schema.org\",\"@graph\":[{\"@type\":\"WebPage\",\"@id\":\"https:\/\/www.natualfa.com.ec\/web\/jengibre-propoleo\/\",\"url\":\"https:\/\/www.natualfa.com.ec\/web\/jengibre-propoleo\/\",\"name\":\"Jengibre + Prop\u00f3leo Tabletas Masticables sin alcohol\",\"isPartOf\":{\"@id\":\"https:\/\/www.natualfa.com.ec\/web\/#website\"},\"primaryImageOfPage\":{\"@id\":\"https:\/\/www.natualfa.com.ec\/web\/jengibre-propoleo\/#primaryimage\"},\"image\":{\"@id\":\"https:\/\/www.natualfa.com.ec\/web\/jengibre-propoleo\/#primaryimage\"},\"thumbnailUrl\":\"https:\/\/www.natualfa.com.ec\/web\/wp-content\/uploads\/2026\/03\/JengibrePropoleoMast-5.jpg\",\"datePublished\":\"2018-02-06T13:17:41+00:00\",\"dateModified\":\"2026-03-24T22:53:51+00:00\",\"description\":\"Tratamiento para la infecci\u00f3n e inflamaci\u00f3n de la cavidad bucofar\u00edngea. Lubrica y alivia la garganta irritada. Mejora s\u00edntomas del resfriado com\u00fan.\",\"inLanguage\":\"es\",\"potentialAction\":[{\"@type\":\"ReadAction\",\"target\":[\"https:\/\/www.natualfa.com.ec\/web\/jengibre-propoleo\/\"]}]},{\"@type\":\"ImageObject\",\"inLanguage\":\"es\",\"@id\":\"https:\/\/www.natualfa.com.ec\/web\/jengibre-propoleo\/#primaryimage\",\"url\":\"https:\/\/www.natualfa.com.ec\/web\/wp-content\/uploads\/2026\/03\/JengibrePropoleoMast-5.jpg\",\"contentUrl\":\"https:\/\/www.natualfa.com.ec\/web\/wp-content\/uploads\/2026\/03\/JengibrePropoleoMast-5.jpg\",\"width\":400,\"height\":400,\"caption\":\"Jengibre+Prop\u00f3leo Masticables\"},{\"@type\":\"WebSite\",\"@id\":\"https:\/\/www.natualfa.com.ec\/web\/#website\",\"url\":\"https:\/\/www.natualfa.com.ec\/web\/\",\"name\":\"Laboratorios Natualfa\",\"description\":\"Elaboraci\u00f3n de productos naturales medicinales de calidad\",\"publisher\":{\"@id\":\"https:\/\/www.natualfa.com.ec\/web\/#organization\"},\"potentialAction\":[{\"@type\":\"SearchAction\",\"target\":{\"@type\":\"EntryPoint\",\"urlTemplate\":\"https:\/\/www.natualfa.com.ec\/web\/?s={search_term_string}\"},\"query-input\":{\"@type\":\"PropertyValueSpecification\",\"valueRequired\":true,\"valueName\":\"search_term_string\"}}],\"inLanguage\":\"es\"},{\"@type\":\"Organization\",\"@id\":\"https:\/\/www.natualfa.com.ec\/web\/#organization\",\"name\":\"Laboratorios Natualfa C\u00eda. Ltda.\",\"url\":\"https:\/\/www.natualfa.com.ec\/web\/\",\"logo\":{\"@type\":\"ImageObject\",\"inLanguage\":\"es\",\"@id\":\"https:\/\/www.natualfa.com.ec\/web\/#\/schema\/logo\/image\/\",\"url\":\"https:\/\/www.natualfa.com.ec\/web\/wp-content\/uploads\/2023\/02\/Logo-Natualfa-slogan-Ciencia2023.png\",\"contentUrl\":\"https:\/\/www.natualfa.com.ec\/web\/wp-content\/uploads\/2023\/02\/Logo-Natualfa-slogan-Ciencia2023.png\",\"width\":687,\"height\":344,\"caption\":\"Laboratorios Natualfa C\u00eda. Ltda.\"},\"image\":{\"@id\":\"https:\/\/www.natualfa.com.ec\/web\/#\/schema\/logo\/image\/\"},\"sameAs\":[\"https:\/\/www.facebook.com\/natualfa\/\",\"https:\/\/www.instagram.com\/natualfa\/\"]}]}<\/script>\n<!-- \/ Yoast SEO plugin. -->","yoast_head_json":{"title":"Jengibre + Prop\u00f3leo Tabletas Masticables sin alcohol","description":"Tratamiento para la infecci\u00f3n e inflamaci\u00f3n de la cavidad bucofar\u00edngea. Lubrica y alivia la garganta irritada. Mejora s\u00edntomas del resfriado com\u00fan.","robots":{"index":"index","follow":"follow","max-snippet":"max-snippet:-1","max-image-preview":"max-image-preview:large","max-video-preview":"max-video-preview:-1"},"canonical":"https:\/\/www.natualfa.com.ec\/web\/jengibre-propoleo\/","og_locale":"es_ES","og_type":"article","og_title":"Jengibre + Prop\u00f3leo Tabletas Masticables sin alcohol","og_description":"Tratamiento para la infecci\u00f3n e inflamaci\u00f3n de la cavidad bucofar\u00edngea. Lubrica y alivia la garganta irritada. Mejora s\u00edntomas del resfriado com\u00fan.","og_url":"https:\/\/www.natualfa.com.ec\/web\/jengibre-propoleo\/","og_site_name":"Laboratorios Natualfa","article_publisher":"https:\/\/www.facebook.com\/natualfa\/","article_modified_time":"2026-03-24T22:53:51+00:00","og_image":[{"width":400,"height":400,"url":"https:\/\/www.natualfa.com.ec\/web\/wp-content\/uploads\/2026\/03\/JengibrePropoleoMast-5.jpg","type":"image\/jpeg"}],"twitter_misc":{"Tiempo de lectura":"4 minutos"},"schema":{"@context":"https:\/\/schema.org","@graph":[{"@type":"WebPage","@id":"https:\/\/www.natualfa.com.ec\/web\/jengibre-propoleo\/","url":"https:\/\/www.natualfa.com.ec\/web\/jengibre-propoleo\/","name":"Jengibre + Prop\u00f3leo Tabletas Masticables sin alcohol","isPartOf":{"@id":"https:\/\/www.natualfa.com.ec\/web\/#website"},"primaryImageOfPage":{"@id":"https:\/\/www.natualfa.com.ec\/web\/jengibre-propoleo\/#primaryimage"},"image":{"@id":"https:\/\/www.natualfa.com.ec\/web\/jengibre-propoleo\/#primaryimage"},"thumbnailUrl":"https:\/\/www.natualfa.com.ec\/web\/wp-content\/uploads\/2026\/03\/JengibrePropoleoMast-5.jpg","datePublished":"2018-02-06T13:17:41+00:00","dateModified":"2026-03-24T22:53:51+00:00","description":"Tratamiento para la infecci\u00f3n e inflamaci\u00f3n de la cavidad bucofar\u00edngea. Lubrica y alivia la garganta irritada. Mejora s\u00edntomas del resfriado com\u00fan.","inLanguage":"es","potentialAction":[{"@type":"ReadAction","target":["https:\/\/www.natualfa.com.ec\/web\/jengibre-propoleo\/"]}]},{"@type":"ImageObject","inLanguage":"es","@id":"https:\/\/www.natualfa.com.ec\/web\/jengibre-propoleo\/#primaryimage","url":"https:\/\/www.natualfa.com.ec\/web\/wp-content\/uploads\/2026\/03\/JengibrePropoleoMast-5.jpg","contentUrl":"https:\/\/www.natualfa.com.ec\/web\/wp-content\/uploads\/2026\/03\/JengibrePropoleoMast-5.jpg","width":400,"height":400,"caption":"Jengibre+Prop\u00f3leo Masticables"},{"@type":"WebSite","@id":"https:\/\/www.natualfa.com.ec\/web\/#website","url":"https:\/\/www.natualfa.com.ec\/web\/","name":"Laboratorios Natualfa","description":"Elaboraci\u00f3n de productos naturales medicinales de calidad","publisher":{"@id":"https:\/\/www.natualfa.com.ec\/web\/#organization"},"potentialAction":[{"@type":"SearchAction","target":{"@type":"EntryPoint","urlTemplate":"https:\/\/www.natualfa.com.ec\/web\/?s={search_term_string}"},"query-input":{"@type":"PropertyValueSpecification","valueRequired":true,"valueName":"search_term_string"}}],"inLanguage":"es"},{"@type":"Organization","@id":"https:\/\/www.natualfa.com.ec\/web\/#organization","name":"Laboratorios Natualfa C\u00eda. Ltda.","url":"https:\/\/www.natualfa.com.ec\/web\/","logo":{"@type":"ImageObject","inLanguage":"es","@id":"https:\/\/www.natualfa.com.ec\/web\/#\/schema\/logo\/image\/","url":"https:\/\/www.natualfa.com.ec\/web\/wp-content\/uploads\/2023\/02\/Logo-Natualfa-slogan-Ciencia2023.png","contentUrl":"https:\/\/www.natualfa.com.ec\/web\/wp-content\/uploads\/2023\/02\/Logo-Natualfa-slogan-Ciencia2023.png","width":687,"height":344,"caption":"Laboratorios Natualfa C\u00eda. Ltda."},"image":{"@id":"https:\/\/www.natualfa.com.ec\/web\/#\/schema\/logo\/image\/"},"sameAs":["https:\/\/www.facebook.com\/natualfa\/","https:\/\/www.instagram.com\/natualfa\/"]}]}},"_links":{"self":[{"href":"https:\/\/www.natualfa.com.ec\/web\/wp-json\/wp\/v2\/pages\/3353","targetHints":{"allow":["GET"]}}],"collection":[{"href":"https:\/\/www.natualfa.com.ec\/web\/wp-json\/wp\/v2\/pages"}],"about":[{"href":"https:\/\/www.natualfa.com.ec\/web\/wp-json\/wp\/v2\/types\/page"}],"author":[{"embeddable":true,"href":"https:\/\/www.natualfa.com.ec\/web\/wp-json\/wp\/v2\/users\/56"}],"replies":[{"embeddable":true,"href":"https:\/\/www.natualfa.com.ec\/web\/wp-json\/wp\/v2\/comments?post=3353"}],"version-history":[{"count":49,"href":"https:\/\/www.natualfa.com.ec\/web\/wp-json\/wp\/v2\/pages\/3353\/revisions"}],"predecessor-version":[{"id":7201,"href":"https:\/\/www.natualfa.com.ec\/web\/wp-json\/wp\/v2\/pages\/3353\/revisions\/7201"}],"wp:featuredmedia":[{"embeddable":true,"href":"https:\/\/www.natualfa.com.ec\/web\/wp-json\/wp\/v2\/media\/6774"}],"wp:attachment":[{"href":"https:\/\/www.natualfa.com.ec\/web\/wp-json\/wp\/v2\/media?parent=3353"}],"curies":[{"name":"wp","href":"https:\/\/api.w.org\/{rel}","templated":true}]}}