{"id":3331,"date":"2018-02-05T21:48:13","date_gmt":"2018-02-06T02:48:13","guid":{"rendered":"https:\/\/www.natualfa.com.ec\/web\/?page_id=3331"},"modified":"2026-03-24T17:16:20","modified_gmt":"2026-03-24T22:16:20","slug":"condurango","status":"publish","type":"page","link":"https:\/\/www.natualfa.com.ec\/web\/condurango\/","title":{"rendered":"Condurango"},"content":{"rendered":"<p>[et_pb_section fb_built=\u00bb1&#8243; _builder_version=\u00bb4.16&#8243; custom_padding=\u00bb4px||0px|||\u00bb global_colors_info=\u00bb{}\u00bb][et_pb_row column_structure=\u00bb1_2,1_2&#8243; _builder_version=\u00bb4.16&#8243; background_size=\u00bbinitial\u00bb background_position=\u00bbtop_left\u00bb background_repeat=\u00bbrepeat\u00bb custom_margin=\u00bb-6px|auto||auto||\u00bb custom_padding=\u00bb17px||33px|||\u00bb global_colors_info=\u00bb{}\u00bb][et_pb_column type=\u00bb1_2&#8243; _builder_version=\u00bb4.16&#8243; custom_padding=\u00bb|||\u00bb global_colors_info=\u00bb{}\u00bb custom_padding__hover=\u00bb|||\u00bb][et_pb_image src=\u00bbhttps:\/\/www.natualfa.com.ec\/web\/wp-content\/uploads\/2026\/03\/Condurango.jpg\u00bb alt=\u00bbCondurango\u00bb title_text=\u00bbCondurango\u00bb show_in_lightbox=\u00bbon\u00bb align=\u00bbcenter\u00bb align_tablet=\u00bbcenter\u00bb align_phone=\u00bbcenter\u00bb align_last_edited=\u00bbon|desktop\u00bb _builder_version=\u00bb4.27.6&#8243; background_image=\u00bbhttp:\/\/natu.peluqueriasquito.ws\/wp-content\/uploads\/2017\/11\/HOJAS-INSTITUCIONALES-2017.jpg\u00bb custom_margin=\u00bb-2px||-20px||false|false\u00bb border_width_all=\u00bb0px\u00bb border_color_all=\u00bb#8ea81c\u00bb border_style_all=\u00bbsolid\u00bb sticky=\u00bboff\u00bb use_border_color=\u00bbon\u00bb border_color=\u00bb#8ea81c\u00bb border_style=\u00bbsolid\u00bb always_center_on_mobile=\u00bbon\u00bb global_colors_info=\u00bb{}\u00bb][\/et_pb_image][\/et_pb_column][et_pb_column type=\u00bb1_2&#8243; _builder_version=\u00bb4.16&#8243; custom_padding=\u00bb|||\u00bb global_colors_info=\u00bb{}\u00bb custom_padding__hover=\u00bb|||\u00bb][et_pb_text _builder_version=\u00bb4.16&#8243; custom_margin=\u00bb6px||12px|||\u00bb border_style=\u00bbsolid\u00bb global_colors_info=\u00bb{}\u00bb]<\/p>\n<h1 class=\"product_title entry-title\"><b>Condurango<\/b><\/h1>\n<h3 class=\"product_title entry-title\">Descripci\u00f3n<\/h3>\n<p><strong><span>TRATAMIENTO PARA ALIVIAR TRASTORNOS DEL ESTOMAGO RELACIONADOS CON LA GASTRITIS, REDUCE EL REFLUJO GASTROESOFAGICO Y EL ACIDO ESTOMACAL, ES UN ANALGESICO GASTRICO<\/span><\/strong><\/p>\n<p><span class=\"posted_in\">Categor\u00edas:\u00a0<a href=\"https:\/\/www.natualfa.com.ec\/web\/sistema-digestivo\/\">Sistema Digestivo<\/a><\/span><\/p>\n<p>Frasco de 100 tabletas<\/p>\n<p>[\/et_pb_text][et_pb_image src=\u00bbhttps:\/\/www.natualfa.com.ec\/web\/wp-content\/uploads\/2024\/06\/Beneficios-Condurango-Natualfa.jpg\u00bb title_text=\u00bbBeneficios-Condurango-Natualfa\u00bb _builder_version=\u00bb4.25.1&#8243; _module_preset=\u00bbdefault\u00bb custom_margin=\u00bb||4px|||\u00bb global_colors_info=\u00bb{}\u00bb][\/et_pb_image][\/et_pb_column][\/et_pb_row][et_pb_row _builder_version=\u00bb4.16&#8243; background_size=\u00bbinitial\u00bb background_position=\u00bbtop_left\u00bb background_repeat=\u00bbrepeat\u00bb custom_padding=\u00bb0px|||||\u00bb global_colors_info=\u00bb{}\u00bb][et_pb_column type=\u00bb4_4&#8243; _builder_version=\u00bb4.16&#8243; custom_padding=\u00bb|||\u00bb global_colors_info=\u00bb{}\u00bb custom_padding__hover=\u00bb|||\u00bb][et_pb_tabs active_tab_background_color=\u00bb#b67313&#8243; inactive_tab_background_color=\u00bb#FFFFFF\u00bb active_tab_text_color=\u00bb#FFFFFF\u00bb disabled_on=\u00bboff|off|\u00bb _builder_version=\u00bb4.25.1&#8243; tab_text_color=\u00bb#d3a76d\u00bb body_text_color=\u00bb#000000&#8243; body_font_size=\u00bb13px\u00bb tab_font_size=\u00bb12&#8243; background_enable_image=\u00bboff\u00bb custom_margin=\u00bb-13px|||||\u00bb border_color_all=\u00bb#b67313&#8243; border_style=\u00bbsolid\u00bb global_colors_info=\u00bb{}\u00bb][et_pb_tab title=\u00bbCOMPOSICI\u00d3N\u00bb _builder_version=\u00bb4.25.1&#8243; body_font=\u00bb||||\u00bb body_text_color=\u00bb#000000&#8243; body_font_size=\u00bb13px\u00bb tab_font=\u00bb||||\u00bb global_colors_info=\u00bb{}\u00bb]<\/p>\n<p><strong>Cada tableta contiene:<\/strong><\/p>\n<p>Marsdenia cundurango Nichols corteza 500.00 mg. Excipientes c.s.p. 550.00 mg.\u00a0<\/p>\n<p>[\/et_pb_tab][et_pb_tab title=\u00bbINDICACIONES TERAP\u00c9UTICAS\u00bb _builder_version=\u00bb4.16&#8243; body_font=\u00bb||||\u00bb tab_font=\u00bb||||\u00bb global_colors_info=\u00bb{}\u00bb]<\/p>\n<p>Coadyuvante en el tratamiento de \u00falceras; reflujo gastroesof\u00e1gico, una condici\u00f3n en la que el reflujo del \u00e1cido del est\u00f3mago provoca pirosis (calor estomacal) y lesiones en el es\u00f3fago; y en aquellas condiciones en las que el est\u00f3mago produce demasiado \u00e1cido. Analg\u00e9sico g\u00e1strico.<\/p>\n<p>[\/et_pb_tab][et_pb_tab title=\u00bbCONTRAINDICACIONES\u00bb _builder_version=\u00bb4.16&#8243; body_font=\u00bb||||\u00bb tab_font=\u00bb||||\u00bb global_colors_info=\u00bb{}\u00bb]<\/p>\n<p>Hipersensibilidad o alergias a los componentes. No recomendado en el embarazo.<br \/>Si los s\u00edntomas persisten consulte a su m\u00e9dico.<\/p>\n<p>[\/et_pb_tab][et_pb_tab title=\u00bbPOSOLOG\u00cdA\u00bb _builder_version=\u00bb4.16&#8243; body_font=\u00bb||||\u00bb tab_font=\u00bb||||\u00bb global_colors_info=\u00bb{}\u00bb]<\/p>\n<p>Tomar 2 tabletas, 3 veces al d\u00eda antes de cada comida principal, durante 15 d\u00edas con un vaso de agua.<\/p>\n<p>[\/et_pb_tab][et_pb_tab title=\u00bbPRESENTACI\u00d3N\u00bb _builder_version=\u00bb4.16&#8243; body_font=\u00bb||||\u00bb tab_font=\u00bb||||\u00bb global_colors_info=\u00bb{}\u00bb]<\/p>\n<p>Frasco de 100 tabletas<\/p>\n<p><strong>Registro Sanitario # 122-MNN-08-03<\/strong><\/p>\n<p>[\/et_pb_tab][\/et_pb_tabs][\/et_pb_column][\/et_pb_row][et_pb_row _builder_version=\u00bb4.16&#8243; background_size=\u00bbinitial\u00bb background_position=\u00bbtop_left\u00bb background_repeat=\u00bbrepeat\u00bb min_height=\u00bb14px\u00bb custom_margin=\u00bb-6px|auto||auto||\u00bb custom_padding=\u00bb0px|||||\u00bb global_colors_info=\u00bb{}\u00bb][et_pb_column type=\u00bb4_4&#8243; _builder_version=\u00bb4.16&#8243; custom_padding=\u00bb|||\u00bb global_colors_info=\u00bb{}\u00bb custom_padding__hover=\u00bb|||\u00bb][et_pb_text _builder_version=\u00bb4.16&#8243; custom_margin=\u00bb||-19px|||\u00bb global_colors_info=\u00bb{}\u00bb]<\/p>\n<h3>PRODUCTOS RELACIONADOS<\/h3>\n<p>[\/et_pb_text][\/et_pb_column][\/et_pb_row][et_pb_row column_structure=\u00bb1_3,1_3,1_3&#8243; _builder_version=\u00bb4.16&#8243; background_size=\u00bbinitial\u00bb background_position=\u00bbtop_left\u00bb background_repeat=\u00bbrepeat\u00bb custom_padding=\u00bb0px|||||\u00bb global_colors_info=\u00bb{}\u00bb][et_pb_column type=\u00bb1_3&#8243; _builder_version=\u00bb4.16&#8243; custom_padding=\u00bb|||\u00bb global_colors_info=\u00bb{}\u00bb custom_padding__hover=\u00bb|||\u00bb][et_pb_image src=\u00bbhttps:\/\/www.natualfa.com.ec\/web\/wp-content\/uploads\/2026\/03\/Ulcerax-240&#215;300.jpg\u00bb alt=\u00bbULCERAX\u00ae\u00bb title_text=\u00bbUlcerax\u00bb url=\u00bbhttps:\/\/www.natualfa.com.ec\/web\/ulcerax\/\u00bb _builder_version=\u00bb4.27.6&#8243; _module_preset=\u00bbdefault\u00bb global_colors_info=\u00bb{}\u00bb][\/et_pb_image][\/et_pb_column][et_pb_column type=\u00bb1_3&#8243; _builder_version=\u00bb4.16&#8243; custom_padding=\u00bb|||\u00bb global_colors_info=\u00bb{}\u00bb custom_padding__hover=\u00bb|||\u00bb][et_pb_image src=\u00bbhttps:\/\/www.natualfa.com.ec\/web\/wp-content\/uploads\/2026\/03\/Boldo-240&#215;300.jpg\u00bb alt=\u00bbBoldo\u00bb title_text=\u00bbBoldo\u00bb url=\u00bbhttps:\/\/www.natualfa.com.ec\/web\/boldo\/\u00bb align=\u00bbcenter\u00bb align_tablet=\u00bbcenter\u00bb align_phone=\u00bbcenter\u00bb align_last_edited=\u00bbon|desktop\u00bb _builder_version=\u00bb4.27.6&#8243; border_width_all=\u00bb0px\u00bb border_color_all=\u00bb#fff6f2&#8243; border_style_all=\u00bbsolid\u00bb sticky=\u00bboff\u00bb use_border_color=\u00bbon\u00bb border_color=\u00bb#fff6f2&#8243; border_style=\u00bbsolid\u00bb always_center_on_mobile=\u00bbon\u00bb global_colors_info=\u00bb{}\u00bb][\/et_pb_image][\/et_pb_column][et_pb_column type=\u00bb1_3&#8243; _builder_version=\u00bb4.16&#8243; custom_padding=\u00bb|||\u00bb global_colors_info=\u00bb{}\u00bb custom_padding__hover=\u00bb|||\u00bb][et_pb_image src=\u00bbhttps:\/\/www.natualfa.com.ec\/web\/wp-content\/uploads\/2026\/03\/Carbon-Vegetal-Activado-240&#215;300.jpg\u00bb alt=\u00bbCarb\u00f3n Vegetal Activado\u00bb title_text=\u00bbCarb\u00f3n Vegetal Activado\u00bb url=\u00bbhttps:\/\/www.natualfa.com.ec\/web\/carbon-vegetal\/\u00bb align=\u00bbcenter\u00bb align_tablet=\u00bbcenter\u00bb align_phone=\u00bbcenter\u00bb align_last_edited=\u00bbon|desktop\u00bb _builder_version=\u00bb4.27.6&#8243; border_width_all=\u00bb0px\u00bb border_color_all=\u00bb#fff6f2&#8243; border_style_all=\u00bbsolid\u00bb sticky=\u00bboff\u00bb use_border_color=\u00bbon\u00bb border_color=\u00bb#fff6f2&#8243; border_style=\u00bbsolid\u00bb always_center_on_mobile=\u00bbon\u00bb global_colors_info=\u00bb{}\u00bb][\/et_pb_image][\/et_pb_column][\/et_pb_row][\/et_pb_section]<\/p>\n","protected":false},"excerpt":{"rendered":"<p>Condurango Descripci\u00f3n TRATAMIENTO PARA ALIVIAR TRASTORNOS DEL ESTOMAGO RELACIONADOS CON LA GASTRITIS, REDUCE EL REFLUJO GASTROESOFAGICO Y EL ACIDO ESTOMACAL, ES UN ANALGESICO GASTRICO Categor\u00edas:\u00a0Sistema Digestivo Frasco de 100 tabletasCada tableta contiene: Marsdenia cundurango Nichols corteza 500.00 mg. Excipientes c.s.p. 550.00 mg.\u00a0Coadyuvante en el tratamiento de \u00falceras; reflujo gastroesof\u00e1gico, una condici\u00f3n en la que el [&hellip;]<\/p>\n","protected":false},"author":56,"featured_media":7108,"parent":0,"menu_order":0,"comment_status":"open","ping_status":"open","template":"","meta":{"_et_pb_use_builder":"on","_et_pb_old_content":"","_et_gb_content_width":"","footnotes":""},"class_list":["post-3331","page","type-page","status-publish","has-post-thumbnail","hentry"],"yoast_head":"<!-- This site is optimized with the Yoast SEO plugin v27.0 - https:\/\/yoast.com\/product\/yoast-seo-wordpress\/ -->\n<title>Condurango - Gastritis - laboratorios Natualfa<\/title>\n<meta name=\"description\" content=\"EL CONDURANGO SE UTILIZA EN TRATAMIENTO PARA ALIVIAR TRASTORNOS DEL\u00a0EST\u00d3MAGO RELACIONADOS CON LA GASTRITIS.\" \/>\n<meta name=\"robots\" content=\"index, follow, max-snippet:-1, max-image-preview:large, max-video-preview:-1\" \/>\n<link rel=\"canonical\" href=\"https:\/\/www.natualfa.com.ec\/web\/condurango\/\" \/>\n<meta property=\"og:locale\" content=\"es_ES\" \/>\n<meta property=\"og:type\" content=\"article\" \/>\n<meta property=\"og:title\" content=\"Condurango - Gastritis - laboratorios Natualfa\" \/>\n<meta property=\"og:description\" content=\"EL CONDURANGO SE UTILIZA EN TRATAMIENTO PARA ALIVIAR TRASTORNOS DEL\u00a0EST\u00d3MAGO RELACIONADOS CON LA GASTRITIS.\" \/>\n<meta property=\"og:url\" content=\"https:\/\/www.natualfa.com.ec\/web\/condurango\/\" \/>\n<meta property=\"og:site_name\" content=\"Laboratorios Natualfa\" \/>\n<meta property=\"article:publisher\" content=\"https:\/\/www.facebook.com\/natualfa\/\" \/>\n<meta property=\"article:modified_time\" content=\"2026-03-24T22:16:20+00:00\" \/>\n<meta property=\"og:image\" content=\"https:\/\/www.natualfa.com.ec\/web\/wp-content\/uploads\/2026\/03\/Condurango-copia.jpg\" \/>\n\t<meta property=\"og:image:width\" content=\"400\" \/>\n\t<meta property=\"og:image:height\" content=\"400\" \/>\n\t<meta property=\"og:image:type\" content=\"image\/jpeg\" \/>\n<meta name=\"twitter:label1\" content=\"Tiempo de lectura\" \/>\n\t<meta name=\"twitter:data1\" content=\"2 minutos\" \/>\n<script type=\"application\/ld+json\" class=\"yoast-schema-graph\">{\"@context\":\"https:\/\/schema.org\",\"@graph\":[{\"@type\":\"WebPage\",\"@id\":\"https:\/\/www.natualfa.com.ec\/web\/condurango\/\",\"url\":\"https:\/\/www.natualfa.com.ec\/web\/condurango\/\",\"name\":\"Condurango - Gastritis - laboratorios Natualfa\",\"isPartOf\":{\"@id\":\"https:\/\/www.natualfa.com.ec\/web\/#website\"},\"primaryImageOfPage\":{\"@id\":\"https:\/\/www.natualfa.com.ec\/web\/condurango\/#primaryimage\"},\"image\":{\"@id\":\"https:\/\/www.natualfa.com.ec\/web\/condurango\/#primaryimage\"},\"thumbnailUrl\":\"https:\/\/www.natualfa.com.ec\/web\/wp-content\/uploads\/2026\/03\/Condurango-copia.jpg\",\"datePublished\":\"2018-02-06T02:48:13+00:00\",\"dateModified\":\"2026-03-24T22:16:20+00:00\",\"description\":\"EL CONDURANGO SE UTILIZA EN TRATAMIENTO PARA ALIVIAR TRASTORNOS DEL\u00a0EST\u00d3MAGO RELACIONADOS CON LA GASTRITIS.\",\"inLanguage\":\"es\",\"potentialAction\":[{\"@type\":\"ReadAction\",\"target\":[\"https:\/\/www.natualfa.com.ec\/web\/condurango\/\"]}]},{\"@type\":\"ImageObject\",\"inLanguage\":\"es\",\"@id\":\"https:\/\/www.natualfa.com.ec\/web\/condurango\/#primaryimage\",\"url\":\"https:\/\/www.natualfa.com.ec\/web\/wp-content\/uploads\/2026\/03\/Condurango-copia.jpg\",\"contentUrl\":\"https:\/\/www.natualfa.com.ec\/web\/wp-content\/uploads\/2026\/03\/Condurango-copia.jpg\",\"width\":400,\"height\":400,\"caption\":\"Condurango\"},{\"@type\":\"WebSite\",\"@id\":\"https:\/\/www.natualfa.com.ec\/web\/#website\",\"url\":\"https:\/\/www.natualfa.com.ec\/web\/\",\"name\":\"Laboratorios Natualfa\",\"description\":\"Elaboraci\u00f3n de productos naturales medicinales de calidad\",\"publisher\":{\"@id\":\"https:\/\/www.natualfa.com.ec\/web\/#organization\"},\"potentialAction\":[{\"@type\":\"SearchAction\",\"target\":{\"@type\":\"EntryPoint\",\"urlTemplate\":\"https:\/\/www.natualfa.com.ec\/web\/?s={search_term_string}\"},\"query-input\":{\"@type\":\"PropertyValueSpecification\",\"valueRequired\":true,\"valueName\":\"search_term_string\"}}],\"inLanguage\":\"es\"},{\"@type\":\"Organization\",\"@id\":\"https:\/\/www.natualfa.com.ec\/web\/#organization\",\"name\":\"Laboratorios Natualfa C\u00eda. Ltda.\",\"url\":\"https:\/\/www.natualfa.com.ec\/web\/\",\"logo\":{\"@type\":\"ImageObject\",\"inLanguage\":\"es\",\"@id\":\"https:\/\/www.natualfa.com.ec\/web\/#\/schema\/logo\/image\/\",\"url\":\"https:\/\/www.natualfa.com.ec\/web\/wp-content\/uploads\/2023\/02\/Logo-Natualfa-slogan-Ciencia2023.png\",\"contentUrl\":\"https:\/\/www.natualfa.com.ec\/web\/wp-content\/uploads\/2023\/02\/Logo-Natualfa-slogan-Ciencia2023.png\",\"width\":687,\"height\":344,\"caption\":\"Laboratorios Natualfa C\u00eda. Ltda.\"},\"image\":{\"@id\":\"https:\/\/www.natualfa.com.ec\/web\/#\/schema\/logo\/image\/\"},\"sameAs\":[\"https:\/\/www.facebook.com\/natualfa\/\",\"https:\/\/www.instagram.com\/natualfa\/\"]}]}<\/script>\n<!-- \/ Yoast SEO plugin. -->","yoast_head_json":{"title":"Condurango - Gastritis - laboratorios Natualfa","description":"EL CONDURANGO SE UTILIZA EN TRATAMIENTO PARA ALIVIAR TRASTORNOS DEL\u00a0EST\u00d3MAGO RELACIONADOS CON LA GASTRITIS.","robots":{"index":"index","follow":"follow","max-snippet":"max-snippet:-1","max-image-preview":"max-image-preview:large","max-video-preview":"max-video-preview:-1"},"canonical":"https:\/\/www.natualfa.com.ec\/web\/condurango\/","og_locale":"es_ES","og_type":"article","og_title":"Condurango - Gastritis - laboratorios Natualfa","og_description":"EL CONDURANGO SE UTILIZA EN TRATAMIENTO PARA ALIVIAR TRASTORNOS DEL\u00a0EST\u00d3MAGO RELACIONADOS CON LA GASTRITIS.","og_url":"https:\/\/www.natualfa.com.ec\/web\/condurango\/","og_site_name":"Laboratorios Natualfa","article_publisher":"https:\/\/www.facebook.com\/natualfa\/","article_modified_time":"2026-03-24T22:16:20+00:00","og_image":[{"width":400,"height":400,"url":"https:\/\/www.natualfa.com.ec\/web\/wp-content\/uploads\/2026\/03\/Condurango-copia.jpg","type":"image\/jpeg"}],"twitter_misc":{"Tiempo de lectura":"2 minutos"},"schema":{"@context":"https:\/\/schema.org","@graph":[{"@type":"WebPage","@id":"https:\/\/www.natualfa.com.ec\/web\/condurango\/","url":"https:\/\/www.natualfa.com.ec\/web\/condurango\/","name":"Condurango - Gastritis - laboratorios Natualfa","isPartOf":{"@id":"https:\/\/www.natualfa.com.ec\/web\/#website"},"primaryImageOfPage":{"@id":"https:\/\/www.natualfa.com.ec\/web\/condurango\/#primaryimage"},"image":{"@id":"https:\/\/www.natualfa.com.ec\/web\/condurango\/#primaryimage"},"thumbnailUrl":"https:\/\/www.natualfa.com.ec\/web\/wp-content\/uploads\/2026\/03\/Condurango-copia.jpg","datePublished":"2018-02-06T02:48:13+00:00","dateModified":"2026-03-24T22:16:20+00:00","description":"EL CONDURANGO SE UTILIZA EN TRATAMIENTO PARA ALIVIAR TRASTORNOS DEL\u00a0EST\u00d3MAGO RELACIONADOS CON LA GASTRITIS.","inLanguage":"es","potentialAction":[{"@type":"ReadAction","target":["https:\/\/www.natualfa.com.ec\/web\/condurango\/"]}]},{"@type":"ImageObject","inLanguage":"es","@id":"https:\/\/www.natualfa.com.ec\/web\/condurango\/#primaryimage","url":"https:\/\/www.natualfa.com.ec\/web\/wp-content\/uploads\/2026\/03\/Condurango-copia.jpg","contentUrl":"https:\/\/www.natualfa.com.ec\/web\/wp-content\/uploads\/2026\/03\/Condurango-copia.jpg","width":400,"height":400,"caption":"Condurango"},{"@type":"WebSite","@id":"https:\/\/www.natualfa.com.ec\/web\/#website","url":"https:\/\/www.natualfa.com.ec\/web\/","name":"Laboratorios Natualfa","description":"Elaboraci\u00f3n de productos naturales medicinales de calidad","publisher":{"@id":"https:\/\/www.natualfa.com.ec\/web\/#organization"},"potentialAction":[{"@type":"SearchAction","target":{"@type":"EntryPoint","urlTemplate":"https:\/\/www.natualfa.com.ec\/web\/?s={search_term_string}"},"query-input":{"@type":"PropertyValueSpecification","valueRequired":true,"valueName":"search_term_string"}}],"inLanguage":"es"},{"@type":"Organization","@id":"https:\/\/www.natualfa.com.ec\/web\/#organization","name":"Laboratorios Natualfa C\u00eda. Ltda.","url":"https:\/\/www.natualfa.com.ec\/web\/","logo":{"@type":"ImageObject","inLanguage":"es","@id":"https:\/\/www.natualfa.com.ec\/web\/#\/schema\/logo\/image\/","url":"https:\/\/www.natualfa.com.ec\/web\/wp-content\/uploads\/2023\/02\/Logo-Natualfa-slogan-Ciencia2023.png","contentUrl":"https:\/\/www.natualfa.com.ec\/web\/wp-content\/uploads\/2023\/02\/Logo-Natualfa-slogan-Ciencia2023.png","width":687,"height":344,"caption":"Laboratorios Natualfa C\u00eda. Ltda."},"image":{"@id":"https:\/\/www.natualfa.com.ec\/web\/#\/schema\/logo\/image\/"},"sameAs":["https:\/\/www.facebook.com\/natualfa\/","https:\/\/www.instagram.com\/natualfa\/"]}]}},"_links":{"self":[{"href":"https:\/\/www.natualfa.com.ec\/web\/wp-json\/wp\/v2\/pages\/3331","targetHints":{"allow":["GET"]}}],"collection":[{"href":"https:\/\/www.natualfa.com.ec\/web\/wp-json\/wp\/v2\/pages"}],"about":[{"href":"https:\/\/www.natualfa.com.ec\/web\/wp-json\/wp\/v2\/types\/page"}],"author":[{"embeddable":true,"href":"https:\/\/www.natualfa.com.ec\/web\/wp-json\/wp\/v2\/users\/56"}],"replies":[{"embeddable":true,"href":"https:\/\/www.natualfa.com.ec\/web\/wp-json\/wp\/v2\/comments?post=3331"}],"version-history":[{"count":8,"href":"https:\/\/www.natualfa.com.ec\/web\/wp-json\/wp\/v2\/pages\/3331\/revisions"}],"predecessor-version":[{"id":7174,"href":"https:\/\/www.natualfa.com.ec\/web\/wp-json\/wp\/v2\/pages\/3331\/revisions\/7174"}],"wp:featuredmedia":[{"embeddable":true,"href":"https:\/\/www.natualfa.com.ec\/web\/wp-json\/wp\/v2\/media\/7108"}],"wp:attachment":[{"href":"https:\/\/www.natualfa.com.ec\/web\/wp-json\/wp\/v2\/media?parent=3331"}],"curies":[{"name":"wp","href":"https:\/\/api.w.org\/{rel}","templated":true}]}}