{"id":3322,"date":"2018-02-05T21:23:39","date_gmt":"2018-02-06T02:23:39","guid":{"rendered":"https:\/\/www.natualfa.com.ec\/web\/?page_id=3322"},"modified":"2026-03-24T17:11:51","modified_gmt":"2026-03-24T22:11:51","slug":"chancapiedra-capsulas","status":"publish","type":"page","link":"https:\/\/www.natualfa.com.ec\/web\/chancapiedra-capsulas\/","title":{"rendered":"Chancapiedra C\u00e1psulas"},"content":{"rendered":"<p>[et_pb_section fb_built=\u00bb1&#8243; _builder_version=\u00bb4.16&#8243; custom_padding=\u00bb7px|||||\u00bb global_colors_info=\u00bb{}\u00bb][et_pb_row column_structure=\u00bb1_2,1_2&#8243; _builder_version=\u00bb4.16&#8243; background_size=\u00bbinitial\u00bb background_position=\u00bbtop_left\u00bb background_repeat=\u00bbrepeat\u00bb custom_margin=\u00bb0px|auto||auto||\u00bb custom_padding=\u00bb9px||15px|||\u00bb global_colors_info=\u00bb{}\u00bb][et_pb_column type=\u00bb1_2&#8243; _builder_version=\u00bb4.16&#8243; custom_padding=\u00bb|||\u00bb global_colors_info=\u00bb{}\u00bb custom_padding__hover=\u00bb|||\u00bb][et_pb_image src=\u00bbhttps:\/\/www.natualfa.com.ec\/web\/wp-content\/uploads\/2026\/03\/Chancapiedra-capsulas.jpg\u00bb alt=\u00bbChancapiedra c\u00e1psulas\u00bb title_text=\u00bbChancapiedra c\u00e1psulas\u00bb show_in_lightbox=\u00bbon\u00bb align=\u00bbcenter\u00bb align_tablet=\u00bbcenter\u00bb align_phone=\u00bbcenter\u00bb align_last_edited=\u00bbon|desktop\u00bb _builder_version=\u00bb4.27.6&#8243; background_image=\u00bbhttp:\/\/natu.peluqueriasquito.ws\/wp-content\/uploads\/2017\/11\/HOJAS-INSTITUCIONALES-2017.jpg\u00bb custom_margin=\u00bb-33px||0px||false|false\u00bb custom_padding=\u00bb0px|||||\u00bb border_width_all=\u00bb0px\u00bb border_color_all=\u00bb#8ea81c\u00bb border_style_all=\u00bbsolid\u00bb sticky=\u00bboff\u00bb use_border_color=\u00bbon\u00bb border_color=\u00bb#8ea81c\u00bb border_style=\u00bbsolid\u00bb always_center_on_mobile=\u00bbon\u00bb global_colors_info=\u00bb{}\u00bb][\/et_pb_image][\/et_pb_column][et_pb_column type=\u00bb1_2&#8243; _builder_version=\u00bb4.16&#8243; custom_padding=\u00bb|||\u00bb global_colors_info=\u00bb{}\u00bb custom_padding__hover=\u00bb|||\u00bb][et_pb_text _builder_version=\u00bb4.16&#8243; custom_margin=\u00bb2px||15px|||\u00bb border_style=\u00bbsolid\u00bb global_colors_info=\u00bb{}\u00bb]<\/p>\n<h1 class=\"product_title entry-title\"><strong>Chancapiedra C\u00e1psulas<\/strong><\/h1>\n<h3 class=\"product_title entry-title\">Descripci\u00f3n<\/h3>\n<p><strong>ELIMINA O PREVIENE LA FORMACION DE CALCULOS RENALES, ACTIVA LA FUNCION RENAL A LA VEZ QUE EQUILIBRA, DESINTOXICA Y PROTEGE LOS RI\u00d1ONES <\/strong><\/p>\n<p><span class=\"posted_in\">Categor\u00edas:\u00a0<a href=\"https:\/\/www.natualfa.com.ec\/web\/aparato-excretor\/\">Aparato Excretor<\/a><\/span><\/p>\n<p>Frasco de 60 c\u00e1psulas<\/p>\n<p>[\/et_pb_text][et_pb_image src=\u00bbhttps:\/\/www.natualfa.com.ec\/web\/wp-content\/uploads\/2024\/06\/Beneficios-Chancapiedra-Natualfa.jpg\u00bb title_text=\u00bbBeneficios-Chancapiedra-Natualfa\u00bb _builder_version=\u00bb4.25.1&#8243; _module_preset=\u00bbdefault\u00bb custom_margin=\u00bb2px|||||\u00bb global_colors_info=\u00bb{}\u00bb][\/et_pb_image][\/et_pb_column][\/et_pb_row][et_pb_row _builder_version=\u00bb4.16&#8243; custom_padding=\u00bb0px||19px|||\u00bb global_colors_info=\u00bb{}\u00bb][et_pb_column type=\u00bb4_4&#8243; _builder_version=\u00bb4.16&#8243; custom_padding=\u00bb|||\u00bb global_colors_info=\u00bb{}\u00bb custom_padding__hover=\u00bb|||\u00bb][et_pb_tabs active_tab_background_color=\u00bb#b67313&#8243; inactive_tab_background_color=\u00bb#FFFFFF\u00bb active_tab_text_color=\u00bb#FFFFFF\u00bb _builder_version=\u00bb4.25.1&#8243; tab_text_color=\u00bb#d3a76d\u00bb body_text_color=\u00bb#000000&#8243; body_font_size=\u00bb13px\u00bb tab_font_size=\u00bb12&#8243; background_enable_image=\u00bboff\u00bb border_color_all=\u00bb#b67313&#8243; border_style=\u00bbsolid\u00bb global_colors_info=\u00bb{}\u00bb][et_pb_tab title=\u00bbCOMPOSICI\u00d3N\u00bb _builder_version=\u00bb4.16&#8243; body_font=\u00bb||||\u00bb tab_font=\u00bb||||\u00bb global_colors_info=\u00bb{}\u00bb]<\/p>\n<p><strong>Cada c\u00e1psula contiene:<\/strong><\/p>\n<p>Phyllantus Niruri L. hojas y tallos 400.00 mg.,<br \/>Excipientes c.s.p. 424.00 mg.<\/p>\n<p>[\/et_pb_tab][et_pb_tab title=\u00bbINDICACIONES TERAP\u00c9UTICAS\u00bb _builder_version=\u00bb4.16&#8243; body_font=\u00bb||||\u00bb tab_font=\u00bb||||\u00bb global_colors_info=\u00bb{}\u00bb]<\/p>\n<p>Por su reconocida actividad diur\u00e9tica, activa la funci\u00f3n renal a la vez que equilibra, desintoxica y protege los ri\u00f1ones, adem\u00e1s es \u00fatil en el tratamiento de afecciones genitourinarias. \u00a0Presenta la capacidad de eliminar o prevenir la formaci\u00f3n de \u00a0c\u00e1lculos en el sistema urinario.<\/p>\n<p>[\/et_pb_tab][et_pb_tab title=\u00bbCONTRAINDICACIONES\u00bb _builder_version=\u00bb4.16&#8243; body_font=\u00bb||||\u00bb tab_font=\u00bb||||\u00bb global_colors_info=\u00bb{}\u00bb]<\/p>\n<p>No existen estudios de seguridad para utilizar en embarazo, lactancia, y en ni\u00f1os menores de 12 a\u00f1os; por lo que no se recomienda su administraci\u00f3n.<br \/>Pacientes con hipersensibilidad o alergia a los componentes.\u00a0<\/p>\n<p>[\/et_pb_tab][et_pb_tab title=\u00bbPOSOLOG\u00cdA\u00bb _builder_version=\u00bb4.16&#8243; body_font=\u00bb||||\u00bb tab_font=\u00bb||||\u00bb global_colors_info=\u00bb{}\u00bb]<\/p>\n<p>\u00a0Tomar 2 c\u00e1psulas 3 veces al d\u00eda con un vaso de agua.\u00a0<\/p>\n<p>[\/et_pb_tab][et_pb_tab title=\u00bbPRESENTACI\u00d3N\u00bb _builder_version=\u00bb4.16&#8243; body_font=\u00bb||||\u00bb tab_font=\u00bb||||\u00bb global_colors_info=\u00bb{}\u00bb]<\/p>\n<p>Frasco de 60 c\u00e1psulas<\/p>\n<p><strong>Registro Sanitario #\u00a0\u00a0 083-MNN-01-04<\/strong><span style=\"font-size: 14px;\">\u00a0<\/span>\u00a0<\/p>\n<p>[\/et_pb_tab][\/et_pb_tabs][\/et_pb_column][\/et_pb_row][et_pb_row column_structure=\u00bb1_2,1_2&#8243; _builder_version=\u00bb4.25.1&#8243; _module_preset=\u00bbdefault\u00bb global_colors_info=\u00bb{}\u00bb][et_pb_column type=\u00bb1_2&#8243; _builder_version=\u00bb4.25.1&#8243; _module_preset=\u00bbdefault\u00bb global_colors_info=\u00bb{}\u00bb][et_pb_accordion _builder_version=\u00bb4.25.1&#8243; _module_preset=\u00bbdefault\u00bb global_colors_info=\u00bb{}\u00bb][et_pb_accordion_item title=\u00bbBeneficios\u00bb open=\u00bbon\u00bb open_toggle_text_color=\u00bb#076631&#8243; _builder_version=\u00bb4.25.1&#8243; _module_preset=\u00bbdefault\u00bb global_colors_info=\u00bb{}\u00bb toggle_level=\u00bbh1&#8243;]<\/p>\n<p><img loading=\"lazy\" decoding=\"async\" src=\"https:\/\/www.natualfa.com.ec\/web\/wp-content\/uploads\/2024\/08\/Chancapiedra-previene-y-elimina-calculos-renales-biliares.jpg\" width=\"205\" height=\"198\" alt=\"\" class=\"wp-image-6355 aligncenter size-full\" \/><\/p>\n<p>&nbsp;<\/p>\n<ul>\n<li style=\"text-align: justify;\">Previene y Elimina la formaci\u00f3n de cristales y\/o c\u00e1lculos renales y biliares.<\/li>\n<li style=\"text-align: justify;\">Tratamiento de Afecciones Genitourinarias que por su capacidad antiinflamatoria y antis\u00e9ptica reduce, elimina o inactiva microorganismos.<\/li>\n<li style=\"text-align: justify;\">Equilibra, desintoxica y protege los ri\u00f1ones, pues elimina eficientemente niveles de \u00e1cido \u00farico y dem\u00e1s desechos t\u00f3xicos.<\/li>\n<li style=\"text-align: justify;\">Diur\u00e9tico, pues aumenta la excreci\u00f3n urinaria que elimina el exceso de agua y minerales que el cuerpo no necesita.<\/li>\n<\/ul>\n<p>[\/et_pb_accordion_item][\/et_pb_accordion][\/et_pb_column][et_pb_column type=\u00bb1_2&#8243; _builder_version=\u00bb4.25.1&#8243; _module_preset=\u00bbdefault\u00bb global_colors_info=\u00bb{}\u00bb][et_pb_accordion _builder_version=\u00bb4.25.1&#8243; _module_preset=\u00bbdefault\u00bb global_colors_info=\u00bb{}\u00bb][et_pb_accordion_item open=\u00bbon\u00bb _builder_version=\u00bb4.25.1&#8243; _module_preset=\u00bbdefault\u00bb global_colors_info=\u00bb{}\u00bb]<\/p>\n<p><img loading=\"lazy\" decoding=\"async\" src=\"https:\/\/www.natualfa.com.ec\/web\/wp-content\/uploads\/2024\/08\/Chancapiedra-Desintoxica-Protege-Rinones.jpg\" width=\"400\" height=\"516\" alt=\"\" class=\"wp-image-6360 aligncenter size-full\" srcset=\"https:\/\/www.natualfa.com.ec\/web\/wp-content\/uploads\/2024\/08\/Chancapiedra-Desintoxica-Protege-Rinones.jpg 400w, https:\/\/www.natualfa.com.ec\/web\/wp-content\/uploads\/2024\/08\/Chancapiedra-Desintoxica-Protege-Rinones-233x300.jpg 233w\" sizes=\"(max-width: 400px) 100vw, 400px\" \/><\/p>\n<p>&nbsp;<\/p>\n<p>[\/et_pb_accordion_item][\/et_pb_accordion][\/et_pb_column][\/et_pb_row][et_pb_row _builder_version=\u00bb4.16&#8243; min_height=\u00bb88px\u00bb custom_padding=\u00bb0px||0px|||\u00bb global_colors_info=\u00bb{}\u00bb][et_pb_column type=\u00bb4_4&#8243; _builder_version=\u00bb4.16&#8243; custom_padding=\u00bb|||\u00bb global_colors_info=\u00bb{}\u00bb custom_padding__hover=\u00bb|||\u00bb][et_pb_text _builder_version=\u00bb4.16&#8243; global_colors_info=\u00bb{}\u00bb]<\/p>\n<h1>PRODUCTOS RELACIONADOS<\/h1>\n<p>[\/et_pb_text][\/et_pb_column][\/et_pb_row][et_pb_row column_structure=\u00bb1_3,1_3,1_3&#8243; _builder_version=\u00bb4.16&#8243; background_size=\u00bbinitial\u00bb background_position=\u00bbtop_left\u00bb background_repeat=\u00bbrepeat\u00bb custom_margin=\u00bb0px|auto||auto||\u00bb custom_padding=\u00bb0px||0px|||\u00bb global_colors_info=\u00bb{}\u00bb][et_pb_column type=\u00bb1_3&#8243; _builder_version=\u00bb4.16&#8243; custom_padding=\u00bb|||\u00bb global_colors_info=\u00bb{}\u00bb custom_padding__hover=\u00bb|||\u00bb][et_pb_image src=\u00bbhttps:\/\/www.natualfa.com.ec\/web\/wp-content\/uploads\/2026\/03\/Zarzaparrilla-240&#215;300.jpg\u00bb alt=\u00bbZarzaparrilla\u00bb title_text=\u00bbZarzaparrilla\u00bb url=\u00bbhttps:\/\/www.natualfa.com.ec\/web\/zarzaparrilla\/\u00bb align=\u00bbcenter\u00bb align_tablet=\u00bbcenter\u00bb align_phone=\u00bbcenter\u00bb align_last_edited=\u00bbon|desktop\u00bb _builder_version=\u00bb4.27.6&#8243; custom_margin=\u00bb9px|||||\u00bb border_width_all=\u00bb0px\u00bb border_color_all=\u00bb#fff6f2&#8243; border_style_all=\u00bbsolid\u00bb sticky=\u00bboff\u00bb use_border_color=\u00bbon\u00bb border_color=\u00bb#fff6f2&#8243; border_style=\u00bbsolid\u00bb always_center_on_mobile=\u00bbon\u00bb global_colors_info=\u00bb{}\u00bb][\/et_pb_image][\/et_pb_column][et_pb_column type=\u00bb1_3&#8243; _builder_version=\u00bb4.16&#8243; custom_padding=\u00bb|||\u00bb global_colors_info=\u00bb{}\u00bb custom_padding__hover=\u00bb|||\u00bb][et_pb_image src=\u00bbhttps:\/\/www.natualfa.com.ec\/web\/wp-content\/uploads\/2026\/03\/Ortiga-240&#215;300.jpg\u00bb alt=\u00bbOrtiga\u00bb title_text=\u00bbOrtiga\u00bb url=\u00bbhttps:\/\/www.natualfa.com.ec\/web\/ortiga\/\u00bb align=\u00bbcenter\u00bb align_tablet=\u00bbcenter\u00bb align_phone=\u00bbcenter\u00bb align_last_edited=\u00bbon|desktop\u00bb _builder_version=\u00bb4.27.6&#8243; border_width_all=\u00bb0px\u00bb border_color_all=\u00bb#fff6f2&#8243; border_style_all=\u00bbsolid\u00bb sticky=\u00bboff\u00bb use_border_color=\u00bbon\u00bb border_color=\u00bb#fff6f2&#8243; border_style=\u00bbsolid\u00bb always_center_on_mobile=\u00bbon\u00bb global_colors_info=\u00bb{}\u00bb][\/et_pb_image][\/et_pb_column][et_pb_column type=\u00bb1_3&#8243; _builder_version=\u00bb4.16&#8243; custom_padding=\u00bb|||\u00bb global_colors_info=\u00bb{}\u00bb custom_padding__hover=\u00bb|||\u00bb][et_pb_image src=\u00bbhttps:\/\/www.natualfa.com.ec\/web\/wp-content\/uploads\/2026\/03\/Prostatex-Alfa-240&#215;300.jpg\u00bb alt=\u00bbProstatex Alfa\u00bb title_text=\u00bbProstatex Alfa\u00bb url=\u00bbhttps:\/\/www.natualfa.com.ec\/web\/prostatex-alfa\/\u00bb align=\u00bbcenter\u00bb align_tablet=\u00bbcenter\u00bb align_phone=\u00bbcenter\u00bb align_last_edited=\u00bbon|desktop\u00bb _builder_version=\u00bb4.27.6&#8243; border_width_all=\u00bb0px\u00bb border_color_all=\u00bb#fff6f2&#8243; border_style_all=\u00bbsolid\u00bb sticky=\u00bboff\u00bb use_border_color=\u00bbon\u00bb border_color=\u00bb#fff6f2&#8243; border_style=\u00bbsolid\u00bb always_center_on_mobile=\u00bbon\u00bb global_colors_info=\u00bb{}\u00bb][\/et_pb_image][\/et_pb_column][\/et_pb_row][\/et_pb_section][et_pb_section fb_built=\u00bb1&#8243; _builder_version=\u00bb4.16&#8243; custom_padding=\u00bb4px|||||\u00bb global_colors_info=\u00bb{}\u00bb][et_pb_row _builder_version=\u00bb4.16&#8243; background_size=\u00bbinitial\u00bb background_position=\u00bbtop_left\u00bb background_repeat=\u00bbrepeat\u00bb custom_padding=\u00bb3px|||||\u00bb global_colors_info=\u00bb{}\u00bb][et_pb_column type=\u00bb4_4&#8243; _builder_version=\u00bb4.16&#8243; custom_padding=\u00bb|||\u00bb global_colors_info=\u00bb{}\u00bb custom_padding__hover=\u00bb|||\u00bb][et_pb_comments _builder_version=\u00bb4.16&#8243; border_style=\u00bbsolid\u00bb button_letter_spacing_hover=\u00bb0&#8243; global_colors_info=\u00bb{}\u00bb button_text_size__hover_enabled=\u00bboff\u00bb button_one_text_size__hover_enabled=\u00bboff\u00bb button_two_text_size__hover_enabled=\u00bboff\u00bb button_text_color__hover_enabled=\u00bboff\u00bb button_one_text_color__hover_enabled=\u00bboff\u00bb button_two_text_color__hover_enabled=\u00bboff\u00bb button_border_width__hover_enabled=\u00bboff\u00bb button_one_border_width__hover_enabled=\u00bboff\u00bb button_two_border_width__hover_enabled=\u00bboff\u00bb button_border_color__hover_enabled=\u00bboff\u00bb button_one_border_color__hover_enabled=\u00bboff\u00bb button_two_border_color__hover_enabled=\u00bboff\u00bb button_border_radius__hover_enabled=\u00bboff\u00bb button_one_border_radius__hover_enabled=\u00bboff\u00bb button_two_border_radius__hover_enabled=\u00bboff\u00bb button_letter_spacing__hover_enabled=\u00bbon\u00bb button_letter_spacing__hover=\u00bb0&#8243; button_one_letter_spacing__hover_enabled=\u00bboff\u00bb button_two_letter_spacing__hover_enabled=\u00bboff\u00bb button_bg_color__hover_enabled=\u00bboff\u00bb button_one_bg_color__hover_enabled=\u00bboff\u00bb button_two_bg_color__hover_enabled=\u00bboff\u00bb][\/et_pb_comments][\/et_pb_column][\/et_pb_row][\/et_pb_section]<\/p>\n","protected":false},"excerpt":{"rendered":"<p>Chancapiedra C\u00e1psulas Descripci\u00f3n ELIMINA O PREVIENE LA FORMACION DE CALCULOS RENALES, ACTIVA LA FUNCION RENAL A LA VEZ QUE EQUILIBRA, DESINTOXICA Y PROTEGE LOS RI\u00d1ONES Categor\u00edas:\u00a0Aparato Excretor Frasco de 60 c\u00e1psulasCada c\u00e1psula contiene: Phyllantus Niruri L. hojas y tallos 400.00 mg.,Excipientes c.s.p. 424.00 mg.Por su reconocida actividad diur\u00e9tica, activa la funci\u00f3n renal a la vez [&hellip;]<\/p>\n","protected":false},"author":56,"featured_media":7104,"parent":0,"menu_order":0,"comment_status":"open","ping_status":"open","template":"","meta":{"_et_pb_use_builder":"on","_et_pb_old_content":"","_et_gb_content_width":"","footnotes":""},"class_list":["post-3322","page","type-page","status-publish","has-post-thumbnail","hentry"],"yoast_head":"<!-- This site is optimized with the Yoast SEO plugin v27.0 - https:\/\/yoast.com\/product\/yoast-seo-wordpress\/ -->\n<title>Chancapiedra C\u00e1psulas - C\u00e1lculos Renales - Laboratorios Natualfa<\/title>\n<meta name=\"description\" content=\"Elimina y\/o previene la formaci\u00f3n de c\u00e1lculos renales y biliares; adem\u00e1s activa y equilibra la funci\u00f3n renal.\" \/>\n<meta name=\"robots\" content=\"index, follow, max-snippet:-1, max-image-preview:large, max-video-preview:-1\" \/>\n<link rel=\"canonical\" href=\"https:\/\/www.natualfa.com.ec\/web\/chancapiedra-capsulas\/\" \/>\n<meta property=\"og:locale\" content=\"es_ES\" \/>\n<meta property=\"og:type\" content=\"article\" \/>\n<meta property=\"og:title\" content=\"Chancapiedra C\u00e1psulas - C\u00e1lculos Renales - Laboratorios Natualfa\" \/>\n<meta property=\"og:description\" content=\"Elimina y\/o previene la formaci\u00f3n de c\u00e1lculos renales y biliares; adem\u00e1s activa y equilibra la funci\u00f3n renal.\" \/>\n<meta property=\"og:url\" content=\"https:\/\/www.natualfa.com.ec\/web\/chancapiedra-capsulas\/\" \/>\n<meta property=\"og:site_name\" content=\"Laboratorios Natualfa\" \/>\n<meta property=\"article:publisher\" content=\"https:\/\/www.facebook.com\/natualfa\/\" \/>\n<meta property=\"article:modified_time\" content=\"2026-03-24T22:11:51+00:00\" \/>\n<meta property=\"og:image\" content=\"https:\/\/www.natualfa.com.ec\/web\/wp-content\/uploads\/2026\/03\/Chancapiedra-capsulas-copia.jpg\" \/>\n\t<meta property=\"og:image:width\" content=\"400\" \/>\n\t<meta property=\"og:image:height\" content=\"400\" \/>\n\t<meta property=\"og:image:type\" content=\"image\/jpeg\" \/>\n<meta name=\"twitter:label1\" content=\"Tiempo de lectura\" \/>\n\t<meta name=\"twitter:data1\" content=\"3 minutos\" \/>\n<script type=\"application\/ld+json\" class=\"yoast-schema-graph\">{\"@context\":\"https:\/\/schema.org\",\"@graph\":[{\"@type\":\"WebPage\",\"@id\":\"https:\/\/www.natualfa.com.ec\/web\/chancapiedra-capsulas\/\",\"url\":\"https:\/\/www.natualfa.com.ec\/web\/chancapiedra-capsulas\/\",\"name\":\"Chancapiedra C\u00e1psulas - C\u00e1lculos Renales - Laboratorios Natualfa\",\"isPartOf\":{\"@id\":\"https:\/\/www.natualfa.com.ec\/web\/#website\"},\"primaryImageOfPage\":{\"@id\":\"https:\/\/www.natualfa.com.ec\/web\/chancapiedra-capsulas\/#primaryimage\"},\"image\":{\"@id\":\"https:\/\/www.natualfa.com.ec\/web\/chancapiedra-capsulas\/#primaryimage\"},\"thumbnailUrl\":\"https:\/\/www.natualfa.com.ec\/web\/wp-content\/uploads\/2026\/03\/Chancapiedra-capsulas-copia.jpg\",\"datePublished\":\"2018-02-06T02:23:39+00:00\",\"dateModified\":\"2026-03-24T22:11:51+00:00\",\"description\":\"Elimina y\/o previene la formaci\u00f3n de c\u00e1lculos renales y biliares; adem\u00e1s activa y equilibra la funci\u00f3n renal.\",\"inLanguage\":\"es\",\"potentialAction\":[{\"@type\":\"ReadAction\",\"target\":[\"https:\/\/www.natualfa.com.ec\/web\/chancapiedra-capsulas\/\"]}]},{\"@type\":\"ImageObject\",\"inLanguage\":\"es\",\"@id\":\"https:\/\/www.natualfa.com.ec\/web\/chancapiedra-capsulas\/#primaryimage\",\"url\":\"https:\/\/www.natualfa.com.ec\/web\/wp-content\/uploads\/2026\/03\/Chancapiedra-capsulas-copia.jpg\",\"contentUrl\":\"https:\/\/www.natualfa.com.ec\/web\/wp-content\/uploads\/2026\/03\/Chancapiedra-capsulas-copia.jpg\",\"width\":400,\"height\":400,\"caption\":\"Chancapiedra c\u00e1psulas\"},{\"@type\":\"WebSite\",\"@id\":\"https:\/\/www.natualfa.com.ec\/web\/#website\",\"url\":\"https:\/\/www.natualfa.com.ec\/web\/\",\"name\":\"Laboratorios Natualfa\",\"description\":\"Elaboraci\u00f3n de productos naturales medicinales de calidad\",\"publisher\":{\"@id\":\"https:\/\/www.natualfa.com.ec\/web\/#organization\"},\"potentialAction\":[{\"@type\":\"SearchAction\",\"target\":{\"@type\":\"EntryPoint\",\"urlTemplate\":\"https:\/\/www.natualfa.com.ec\/web\/?s={search_term_string}\"},\"query-input\":{\"@type\":\"PropertyValueSpecification\",\"valueRequired\":true,\"valueName\":\"search_term_string\"}}],\"inLanguage\":\"es\"},{\"@type\":\"Organization\",\"@id\":\"https:\/\/www.natualfa.com.ec\/web\/#organization\",\"name\":\"Laboratorios Natualfa C\u00eda. Ltda.\",\"url\":\"https:\/\/www.natualfa.com.ec\/web\/\",\"logo\":{\"@type\":\"ImageObject\",\"inLanguage\":\"es\",\"@id\":\"https:\/\/www.natualfa.com.ec\/web\/#\/schema\/logo\/image\/\",\"url\":\"https:\/\/www.natualfa.com.ec\/web\/wp-content\/uploads\/2023\/02\/Logo-Natualfa-slogan-Ciencia2023.png\",\"contentUrl\":\"https:\/\/www.natualfa.com.ec\/web\/wp-content\/uploads\/2023\/02\/Logo-Natualfa-slogan-Ciencia2023.png\",\"width\":687,\"height\":344,\"caption\":\"Laboratorios Natualfa C\u00eda. Ltda.\"},\"image\":{\"@id\":\"https:\/\/www.natualfa.com.ec\/web\/#\/schema\/logo\/image\/\"},\"sameAs\":[\"https:\/\/www.facebook.com\/natualfa\/\",\"https:\/\/www.instagram.com\/natualfa\/\"]}]}<\/script>\n<!-- \/ Yoast SEO plugin. -->","yoast_head_json":{"title":"Chancapiedra C\u00e1psulas - C\u00e1lculos Renales - Laboratorios Natualfa","description":"Elimina y\/o previene la formaci\u00f3n de c\u00e1lculos renales y biliares; adem\u00e1s activa y equilibra la funci\u00f3n renal.","robots":{"index":"index","follow":"follow","max-snippet":"max-snippet:-1","max-image-preview":"max-image-preview:large","max-video-preview":"max-video-preview:-1"},"canonical":"https:\/\/www.natualfa.com.ec\/web\/chancapiedra-capsulas\/","og_locale":"es_ES","og_type":"article","og_title":"Chancapiedra C\u00e1psulas - C\u00e1lculos Renales - Laboratorios Natualfa","og_description":"Elimina y\/o previene la formaci\u00f3n de c\u00e1lculos renales y biliares; adem\u00e1s activa y equilibra la funci\u00f3n renal.","og_url":"https:\/\/www.natualfa.com.ec\/web\/chancapiedra-capsulas\/","og_site_name":"Laboratorios Natualfa","article_publisher":"https:\/\/www.facebook.com\/natualfa\/","article_modified_time":"2026-03-24T22:11:51+00:00","og_image":[{"width":400,"height":400,"url":"https:\/\/www.natualfa.com.ec\/web\/wp-content\/uploads\/2026\/03\/Chancapiedra-capsulas-copia.jpg","type":"image\/jpeg"}],"twitter_misc":{"Tiempo de lectura":"3 minutos"},"schema":{"@context":"https:\/\/schema.org","@graph":[{"@type":"WebPage","@id":"https:\/\/www.natualfa.com.ec\/web\/chancapiedra-capsulas\/","url":"https:\/\/www.natualfa.com.ec\/web\/chancapiedra-capsulas\/","name":"Chancapiedra C\u00e1psulas - C\u00e1lculos Renales - Laboratorios Natualfa","isPartOf":{"@id":"https:\/\/www.natualfa.com.ec\/web\/#website"},"primaryImageOfPage":{"@id":"https:\/\/www.natualfa.com.ec\/web\/chancapiedra-capsulas\/#primaryimage"},"image":{"@id":"https:\/\/www.natualfa.com.ec\/web\/chancapiedra-capsulas\/#primaryimage"},"thumbnailUrl":"https:\/\/www.natualfa.com.ec\/web\/wp-content\/uploads\/2026\/03\/Chancapiedra-capsulas-copia.jpg","datePublished":"2018-02-06T02:23:39+00:00","dateModified":"2026-03-24T22:11:51+00:00","description":"Elimina y\/o previene la formaci\u00f3n de c\u00e1lculos renales y biliares; adem\u00e1s activa y equilibra la funci\u00f3n renal.","inLanguage":"es","potentialAction":[{"@type":"ReadAction","target":["https:\/\/www.natualfa.com.ec\/web\/chancapiedra-capsulas\/"]}]},{"@type":"ImageObject","inLanguage":"es","@id":"https:\/\/www.natualfa.com.ec\/web\/chancapiedra-capsulas\/#primaryimage","url":"https:\/\/www.natualfa.com.ec\/web\/wp-content\/uploads\/2026\/03\/Chancapiedra-capsulas-copia.jpg","contentUrl":"https:\/\/www.natualfa.com.ec\/web\/wp-content\/uploads\/2026\/03\/Chancapiedra-capsulas-copia.jpg","width":400,"height":400,"caption":"Chancapiedra c\u00e1psulas"},{"@type":"WebSite","@id":"https:\/\/www.natualfa.com.ec\/web\/#website","url":"https:\/\/www.natualfa.com.ec\/web\/","name":"Laboratorios Natualfa","description":"Elaboraci\u00f3n de productos naturales medicinales de calidad","publisher":{"@id":"https:\/\/www.natualfa.com.ec\/web\/#organization"},"potentialAction":[{"@type":"SearchAction","target":{"@type":"EntryPoint","urlTemplate":"https:\/\/www.natualfa.com.ec\/web\/?s={search_term_string}"},"query-input":{"@type":"PropertyValueSpecification","valueRequired":true,"valueName":"search_term_string"}}],"inLanguage":"es"},{"@type":"Organization","@id":"https:\/\/www.natualfa.com.ec\/web\/#organization","name":"Laboratorios Natualfa C\u00eda. Ltda.","url":"https:\/\/www.natualfa.com.ec\/web\/","logo":{"@type":"ImageObject","inLanguage":"es","@id":"https:\/\/www.natualfa.com.ec\/web\/#\/schema\/logo\/image\/","url":"https:\/\/www.natualfa.com.ec\/web\/wp-content\/uploads\/2023\/02\/Logo-Natualfa-slogan-Ciencia2023.png","contentUrl":"https:\/\/www.natualfa.com.ec\/web\/wp-content\/uploads\/2023\/02\/Logo-Natualfa-slogan-Ciencia2023.png","width":687,"height":344,"caption":"Laboratorios Natualfa C\u00eda. Ltda."},"image":{"@id":"https:\/\/www.natualfa.com.ec\/web\/#\/schema\/logo\/image\/"},"sameAs":["https:\/\/www.facebook.com\/natualfa\/","https:\/\/www.instagram.com\/natualfa\/"]}]}},"_links":{"self":[{"href":"https:\/\/www.natualfa.com.ec\/web\/wp-json\/wp\/v2\/pages\/3322","targetHints":{"allow":["GET"]}}],"collection":[{"href":"https:\/\/www.natualfa.com.ec\/web\/wp-json\/wp\/v2\/pages"}],"about":[{"href":"https:\/\/www.natualfa.com.ec\/web\/wp-json\/wp\/v2\/types\/page"}],"author":[{"embeddable":true,"href":"https:\/\/www.natualfa.com.ec\/web\/wp-json\/wp\/v2\/users\/56"}],"replies":[{"embeddable":true,"href":"https:\/\/www.natualfa.com.ec\/web\/wp-json\/wp\/v2\/comments?post=3322"}],"version-history":[{"count":16,"href":"https:\/\/www.natualfa.com.ec\/web\/wp-json\/wp\/v2\/pages\/3322\/revisions"}],"predecessor-version":[{"id":7171,"href":"https:\/\/www.natualfa.com.ec\/web\/wp-json\/wp\/v2\/pages\/3322\/revisions\/7171"}],"wp:featuredmedia":[{"embeddable":true,"href":"https:\/\/www.natualfa.com.ec\/web\/wp-json\/wp\/v2\/media\/7104"}],"wp:attachment":[{"href":"https:\/\/www.natualfa.com.ec\/web\/wp-json\/wp\/v2\/media?parent=3322"}],"curies":[{"name":"wp","href":"https:\/\/api.w.org\/{rel}","templated":true}]}}