{"id":321,"date":"2015-07-15T21:15:24","date_gmt":"2015-07-15T21:15:24","guid":{"rendered":"http:\/\/natu.peluqueriasquito.ws\/\/?page_id=2"},"modified":"2026-05-04T16:16:29","modified_gmt":"2026-05-04T21:16:29","slug":"medicina-natural","status":"publish","type":"page","link":"https:\/\/www.natualfa.com.ec\/web\/","title":{"rendered":"Inicio"},"content":{"rendered":"<p>[et_pb_section fb_built=\u00bb1&#8243; fullwidth=\u00bbon\u00bb disabled_on=\u00bbon|on|off\u00bb _builder_version=\u00bb4.16&#8243; background_video_mp4=\u00bbhttps:\/\/www.natualfa.com.ec\/web\/wp-content\/uploads\/2018\/02\/finalvideo3optimo.mp4&#8243; background_video_webm=\u00bbhttp:\/\/natu.peluqueriasquito.ws\/wp-content\/uploads\/2017\/11\/videooptimizado1-1.webm\u00bb global_colors_info=\u00bb{}\u00bb][et_pb_fullwidth_image src=\u00bbhttps:\/\/www.natualfa.com.ec\/web\/wp-content\/uploads\/2017\/12\/franja-1.png\u00bb disabled_on=\u00bbon|on|off\u00bb _builder_version=\u00bb4.16&#8243; custom_padding=\u00bb||0px|||\u00bb animation_style=\u00bbslide\u00bb animation_direction=\u00bbleft\u00bb animation_duration=\u00bb500ms\u00bb animation_intensity_slide=\u00bb10%\u00bb global_colors_info=\u00bb{}\u00bb]&nbsp;<br \/>\n[\/et_pb_fullwidth_image][\/et_pb_section][et_pb_section fb_built=\u00bb1&#8243; fullwidth=\u00bbon\u00bb _builder_version=\u00bb4.16&#8243; global_colors_info=\u00bb{}\u00bb][et_pb_fullwidth_image src=\u00bbhttps:\/\/www.natualfa.com.ec\/web\/wp-content\/uploads\/2026\/05\/banner-productos-clinicamente-demostrados-scaled.jpg\u00bb alt=\u00bbPRODUCTOS NATUALFA 100 NATURAL\u00bb title_text=\u00bbbanner-productos clinicamente demostrados\u00bb admin_label=\u00bbImagen de anchura completa\u00bb _builder_version=\u00bb4.27.6&#8243; hover_enabled=\u00bb0&#8243; global_colors_info=\u00bb{}\u00bb sticky_enabled=\u00bb0&#8243;]&nbsp;<br \/>\n[\/et_pb_fullwidth_image][\/et_pb_section][et_pb_section fb_built=\u00bb1&#8243; fullwidth=\u00bbon\u00bb disabled_on=\u00bboff|off|\u00bb _builder_version=\u00bb4.16&#8243; background_image=\u00bbhttps:\/\/www.natualfa.com.ec\/web\/wp-content\/uploads\/2017\/12\/Equinacea.png\u00bb background_video_mp4=\u00bbhttps:\/\/www.natualfa.com.ec\/web\/wp-content\/uploads\/2018\/02\/Fondoflor-1.m4v\u00bb global_colors_info=\u00bb{}\u00bb][et_pb_fullwidth_image src=\u00bbhttps:\/\/www.natualfa.com.ec\/web\/wp-content\/uploads\/2024\/03\/Banner-creacion-Natualfa-2024.jpg\u00bb alt=\u00bbNatualfa, Ciencia y Naturaleza para su salud\u00bb title_text=\u00bbEl sue\u00f1o de su creadora\u00bb url=\u00bbhttps:\/\/www.natualfa.com.ec\/web\/nosotros\/\u00bb disabled_on=\u00bboff|off|\u00bb _builder_version=\u00bb4.23.1&#8243; hover_enabled=\u00bb0&#8243; global_colors_info=\u00bb{}\u00bb sticky_enabled=\u00bb0&#8243;]&nbsp;<br \/>\n[\/et_pb_fullwidth_image][\/et_pb_section][et_pb_section fb_built=\u00bb1&#8243; _builder_version=\u00bb4.16&#8243; background_color=\u00bbRGBA(255,255,255,0)\u00bb use_background_color_gradient=\u00bbon\u00bb background_color_gradient_stops=\u00bbrgba(255,255,255,0) 0%|rgba(255,255,255,0) 100%\u00bb background_color_gradient_start=\u00bbrgba(255,255,255,0)\u00bb background_color_gradient_end=\u00bbrgba(255,255,255,0)\u00bb max_width_tablet=\u00bb\u00bb max_width_phone=\u00bb\u00bb max_width_last_edited=\u00bbon|phone\u00bb min_height=\u00bb100px\u00bb custom_padding=\u00bb4px||9px|||\u00bb global_colors_info=\u00bb{}\u00bb][et_pb_row _builder_version=\u00bb4.16&#8243; _module_preset=\u00bbdefault\u00bb module_alignment=\u00bbcenter\u00bb min_height=\u00bb225.7px\u00bb custom_margin=\u00bb2px|auto|-79px|auto||\u00bb custom_padding=\u00bb10px||1px|||\u00bb module_alignment_tablet=\u00bbcenter\u00bb module_alignment_phone=\u00bbcenter\u00bb module_alignment_last_edited=\u00bbon|desktop\u00bb global_colors_info=\u00bb{}\u00bb][et_pb_column type=\u00bb4_4&#8243; _builder_version=\u00bb4.16&#8243; _module_preset=\u00bbdefault\u00bb global_colors_info=\u00bb{}\u00bb][et_pb_image src=\u00bbhttps:\/\/www.natualfa.com.ec\/web\/wp-content\/uploads\/2024\/04\/Banner-Experiencia-Calidad-Clinico.jpg\u00bb alt=\u00bbPioneros desde 1992&#8243; title_text=\u00bbBanner-Experiencia-Calidad-Clinico\u00bb align=\u00bbcenter\u00bb _builder_version=\u00bb4.23.1&#8243; _module_preset=\u00bbdefault\u00bb custom_margin=\u00bb-2px||0px|||\u00bb hover_enabled=\u00bb0&#8243; global_colors_info=\u00bb{}\u00bb sticky_enabled=\u00bb0&#8243;][\/et_pb_image][\/et_pb_column][\/et_pb_row][et_pb_row _builder_version=\u00bb4.25.1&#8243; _module_preset=\u00bbdefault\u00bb custom_padding=\u00bb0px|||||\u00bb global_colors_info=\u00bb{}\u00bb][et_pb_column type=\u00bb4_4&#8243; _builder_version=\u00bb4.25.1&#8243; _module_preset=\u00bbdefault\u00bb global_colors_info=\u00bb{}\u00bb][et_pb_post_slider posts_number=\u00bb3&#8243; _builder_version=\u00bb4.25.1&#8243; _module_preset=\u00bbdefault\u00bb custom_padding=\u00bb0px|||||\u00bb global_colors_info=\u00bb{}\u00bb][\/et_pb_post_slider][\/et_pb_column][\/et_pb_row][\/et_pb_section]<\/p>\n","protected":false},"excerpt":{"rendered":"<p>&nbsp; &nbsp; &nbsp;<\/p>\n","protected":false},"author":56,"featured_media":0,"parent":0,"menu_order":0,"comment_status":"open","ping_status":"open","template":"","meta":{"_et_pb_use_builder":"on","_et_pb_old_content":"<p><span style=\"vertical-align: inherit;\"><span style=\"vertical-align: inherit;\">Esta es una pagina de ejemplo. <\/span><span style=\"vertical-align: inherit;\">Es diferente de una publicaci\u00f3n de blog porque permanecer\u00e1 en un lugar y se mostrar\u00e1 en la navegaci\u00f3n de su sitio (en la mayor\u00eda de los temas). <\/span><span style=\"vertical-align: inherit;\">La mayor\u00eda de las personas comienzan con una p\u00e1gina Acerca de que los presenta a posibles visitantes del sitio. <\/span><span style=\"vertical-align: inherit;\">Podr\u00eda decir algo como esto:<\/span><\/span><\/p><blockquote><p><span style=\"vertical-align: inherit;\"><span style=\"vertical-align: inherit;\">\u00a1Hola! <\/span><span style=\"vertical-align: inherit;\">Soy un mensajero en bicicleta de d\u00eda, aspirante a actor por la noche, y este es mi blog. <\/span><span style=\"vertical-align: inherit;\">Vivo en Los \u00c1ngeles, tengo un gran perro llamado Jack y me gustan las pi\u00f1as coladas. <\/span><span style=\"vertical-align: inherit;\">(Y quedar atrapado en la lluvia.)<\/span><\/span><\/p><\/blockquote><p><span style=\"vertical-align: inherit;\"><span style=\"vertical-align: inherit;\">...o algo como esto:<\/span><\/span><\/p><blockquote><p><span style=\"vertical-align: inherit;\"><span style=\"vertical-align: inherit;\">La empresa XYZ Doohickey se fund\u00f3 en 1971 y desde entonces ofrece productos de calidad al p\u00fablico. <\/span><span style=\"vertical-align: inherit;\">Ubicado en Gotham City, XYZ emplea a m\u00e1s de 2,000 personas y hace todo tipo de cosas incre\u00edbles para la comunidad de Gotham.<\/span><\/span><\/p><\/blockquote><p><span style=\"vertical-align: inherit;\"><span style=\"vertical-align: inherit;\">Como nuevo usuario de WordPress, debe ir al <\/span><\/span><a href=\"http:\/\/natu.peluqueriasquito.ws\/\/wp-admin\/\"><span style=\"vertical-align: inherit;\"><span style=\"vertical-align: inherit;\">panel<\/span><\/span><\/a><span style=\"vertical-align: inherit;\"><span style=\"vertical-align: inherit;\"> de <\/span><a href=\"http:\/\/natu.peluqueriasquito.ws\/\/wp-admin\/\"><span style=\"vertical-align: inherit;\">control<\/span><\/a><span style=\"vertical-align: inherit;\"> para eliminar esta p\u00e1gina y crear p\u00e1ginas nuevas para su contenido. <\/span><span style=\"vertical-align: inherit;\">\u00a1Que te diviertas!<\/span><\/span><\/p>","_et_gb_content_width":"","footnotes":""},"class_list":["post-321","page","type-page","status-publish","hentry"],"yoast_head":"<!-- This site is optimized with the Yoast SEO plugin v27.0 - https:\/\/yoast.com\/product\/yoast-seo-wordpress\/ -->\n<title>Productos Naturales de calidad<\/title>\n<meta name=\"description\" content=\"Laboratorios NATUALFA\u00ae C\u00eda. Ltda., empresa ecuatoriana que elabora productos medicinales de calidad, 100% naturales\" \/>\n<meta name=\"robots\" content=\"index, follow, max-snippet:-1, max-image-preview:large, max-video-preview:-1\" \/>\n<link rel=\"canonical\" href=\"https:\/\/www.natualfa.com.ec\/web\/\" \/>\n<meta property=\"og:locale\" content=\"es_ES\" \/>\n<meta property=\"og:type\" content=\"article\" \/>\n<meta property=\"og:title\" content=\"Productos Naturales de calidad\" \/>\n<meta property=\"og:description\" content=\"Laboratorios NATUALFA\u00ae C\u00eda. Ltda., empresa ecuatoriana que elabora productos medicinales de calidad, 100% naturales\" \/>\n<meta property=\"og:url\" content=\"https:\/\/www.natualfa.com.ec\/web\/\" \/>\n<meta property=\"og:site_name\" content=\"Laboratorios Natualfa\" \/>\n<meta property=\"article:publisher\" content=\"https:\/\/www.facebook.com\/natualfa\/\" \/>\n<meta property=\"article:modified_time\" content=\"2026-05-04T21:16:29+00:00\" \/>\n<meta name=\"twitter:label1\" content=\"Tiempo de lectura\" \/>\n\t<meta name=\"twitter:data1\" content=\"2 minutos\" \/>\n<script type=\"application\/ld+json\" class=\"yoast-schema-graph\">{\"@context\":\"https:\/\/schema.org\",\"@graph\":[{\"@type\":\"WebPage\",\"@id\":\"https:\/\/www.natualfa.com.ec\/web\/\",\"url\":\"https:\/\/www.natualfa.com.ec\/web\/\",\"name\":\"Productos Naturales de calidad\",\"isPartOf\":{\"@id\":\"https:\/\/www.natualfa.com.ec\/web\/#website\"},\"datePublished\":\"2015-07-15T21:15:24+00:00\",\"dateModified\":\"2026-05-04T21:16:29+00:00\",\"description\":\"Laboratorios NATUALFA\u00ae C\u00eda. Ltda., empresa ecuatoriana que elabora productos medicinales de calidad, 100% naturales\",\"inLanguage\":\"es\",\"potentialAction\":[{\"@type\":\"ReadAction\",\"target\":[\"https:\/\/www.natualfa.com.ec\/web\/\"]}]},{\"@type\":\"WebSite\",\"@id\":\"https:\/\/www.natualfa.com.ec\/web\/#website\",\"url\":\"https:\/\/www.natualfa.com.ec\/web\/\",\"name\":\"Laboratorios Natualfa\",\"description\":\"Elaboraci\u00f3n de productos naturales medicinales de calidad\",\"publisher\":{\"@id\":\"https:\/\/www.natualfa.com.ec\/web\/#organization\"},\"potentialAction\":[{\"@type\":\"SearchAction\",\"target\":{\"@type\":\"EntryPoint\",\"urlTemplate\":\"https:\/\/www.natualfa.com.ec\/web\/?s={search_term_string}\"},\"query-input\":{\"@type\":\"PropertyValueSpecification\",\"valueRequired\":true,\"valueName\":\"search_term_string\"}}],\"inLanguage\":\"es\"},{\"@type\":\"Organization\",\"@id\":\"https:\/\/www.natualfa.com.ec\/web\/#organization\",\"name\":\"Laboratorios Natualfa C\u00eda. Ltda.\",\"url\":\"https:\/\/www.natualfa.com.ec\/web\/\",\"logo\":{\"@type\":\"ImageObject\",\"inLanguage\":\"es\",\"@id\":\"https:\/\/www.natualfa.com.ec\/web\/#\/schema\/logo\/image\/\",\"url\":\"https:\/\/www.natualfa.com.ec\/web\/wp-content\/uploads\/2023\/02\/Logo-Natualfa-slogan-Ciencia2023.png\",\"contentUrl\":\"https:\/\/www.natualfa.com.ec\/web\/wp-content\/uploads\/2023\/02\/Logo-Natualfa-slogan-Ciencia2023.png\",\"width\":687,\"height\":344,\"caption\":\"Laboratorios Natualfa C\u00eda. Ltda.\"},\"image\":{\"@id\":\"https:\/\/www.natualfa.com.ec\/web\/#\/schema\/logo\/image\/\"},\"sameAs\":[\"https:\/\/www.facebook.com\/natualfa\/\",\"https:\/\/www.instagram.com\/natualfa\/\"]}]}<\/script>\n<!-- \/ Yoast SEO plugin. -->","yoast_head_json":{"title":"Productos Naturales de calidad","description":"Laboratorios NATUALFA\u00ae C\u00eda. Ltda., empresa ecuatoriana que elabora productos medicinales de calidad, 100% naturales","robots":{"index":"index","follow":"follow","max-snippet":"max-snippet:-1","max-image-preview":"max-image-preview:large","max-video-preview":"max-video-preview:-1"},"canonical":"https:\/\/www.natualfa.com.ec\/web\/","og_locale":"es_ES","og_type":"article","og_title":"Productos Naturales de calidad","og_description":"Laboratorios NATUALFA\u00ae C\u00eda. Ltda., empresa ecuatoriana que elabora productos medicinales de calidad, 100% naturales","og_url":"https:\/\/www.natualfa.com.ec\/web\/","og_site_name":"Laboratorios Natualfa","article_publisher":"https:\/\/www.facebook.com\/natualfa\/","article_modified_time":"2026-05-04T21:16:29+00:00","twitter_misc":{"Tiempo de lectura":"2 minutos"},"schema":{"@context":"https:\/\/schema.org","@graph":[{"@type":"WebPage","@id":"https:\/\/www.natualfa.com.ec\/web\/","url":"https:\/\/www.natualfa.com.ec\/web\/","name":"Productos Naturales de calidad","isPartOf":{"@id":"https:\/\/www.natualfa.com.ec\/web\/#website"},"datePublished":"2015-07-15T21:15:24+00:00","dateModified":"2026-05-04T21:16:29+00:00","description":"Laboratorios NATUALFA\u00ae C\u00eda. Ltda., empresa ecuatoriana que elabora productos medicinales de calidad, 100% naturales","inLanguage":"es","potentialAction":[{"@type":"ReadAction","target":["https:\/\/www.natualfa.com.ec\/web\/"]}]},{"@type":"WebSite","@id":"https:\/\/www.natualfa.com.ec\/web\/#website","url":"https:\/\/www.natualfa.com.ec\/web\/","name":"Laboratorios Natualfa","description":"Elaboraci\u00f3n de productos naturales medicinales de calidad","publisher":{"@id":"https:\/\/www.natualfa.com.ec\/web\/#organization"},"potentialAction":[{"@type":"SearchAction","target":{"@type":"EntryPoint","urlTemplate":"https:\/\/www.natualfa.com.ec\/web\/?s={search_term_string}"},"query-input":{"@type":"PropertyValueSpecification","valueRequired":true,"valueName":"search_term_string"}}],"inLanguage":"es"},{"@type":"Organization","@id":"https:\/\/www.natualfa.com.ec\/web\/#organization","name":"Laboratorios Natualfa C\u00eda. Ltda.","url":"https:\/\/www.natualfa.com.ec\/web\/","logo":{"@type":"ImageObject","inLanguage":"es","@id":"https:\/\/www.natualfa.com.ec\/web\/#\/schema\/logo\/image\/","url":"https:\/\/www.natualfa.com.ec\/web\/wp-content\/uploads\/2023\/02\/Logo-Natualfa-slogan-Ciencia2023.png","contentUrl":"https:\/\/www.natualfa.com.ec\/web\/wp-content\/uploads\/2023\/02\/Logo-Natualfa-slogan-Ciencia2023.png","width":687,"height":344,"caption":"Laboratorios Natualfa C\u00eda. Ltda."},"image":{"@id":"https:\/\/www.natualfa.com.ec\/web\/#\/schema\/logo\/image\/"},"sameAs":["https:\/\/www.facebook.com\/natualfa\/","https:\/\/www.instagram.com\/natualfa\/"]}]}},"_links":{"self":[{"href":"https:\/\/www.natualfa.com.ec\/web\/wp-json\/wp\/v2\/pages\/321","targetHints":{"allow":["GET"]}}],"collection":[{"href":"https:\/\/www.natualfa.com.ec\/web\/wp-json\/wp\/v2\/pages"}],"about":[{"href":"https:\/\/www.natualfa.com.ec\/web\/wp-json\/wp\/v2\/types\/page"}],"author":[{"embeddable":true,"href":"https:\/\/www.natualfa.com.ec\/web\/wp-json\/wp\/v2\/users\/56"}],"replies":[{"embeddable":true,"href":"https:\/\/www.natualfa.com.ec\/web\/wp-json\/wp\/v2\/comments?post=321"}],"version-history":[{"count":56,"href":"https:\/\/www.natualfa.com.ec\/web\/wp-json\/wp\/v2\/pages\/321\/revisions"}],"predecessor-version":[{"id":7206,"href":"https:\/\/www.natualfa.com.ec\/web\/wp-json\/wp\/v2\/pages\/321\/revisions\/7206"}],"wp:attachment":[{"href":"https:\/\/www.natualfa.com.ec\/web\/wp-json\/wp\/v2\/media?parent=321"}],"curies":[{"name":"wp","href":"https:\/\/api.w.org\/{rel}","templated":true}]}}