{"id":291,"date":"2017-11-25T16:03:42","date_gmt":"2017-11-25T21:03:42","guid":{"rendered":"http:\/\/natu.peluqueriasquito.ws\/?page_id=291"},"modified":"2026-03-20T13:00:31","modified_gmt":"2026-03-20T18:00:31","slug":"adelgazante-alfa","status":"publish","type":"page","link":"https:\/\/www.natualfa.com.ec\/web\/adelgazante-alfa\/","title":{"rendered":"Adelgazante Alfa\u00ae"},"content":{"rendered":"<p>[et_pb_section fb_built=\u00bb1&#8243; _builder_version=\u00bb4.16&#8243; min_height=\u00bb1188.4px\u00bb custom_padding=\u00bb13px||2px|||\u00bb global_colors_info=\u00bb{}\u00bb][et_pb_row column_structure=\u00bb1_2,1_2&#8243; _builder_version=\u00bb4.16&#8243; background_size=\u00bbinitial\u00bb background_position=\u00bbtop_left\u00bb background_repeat=\u00bbrepeat\u00bb custom_margin=\u00bb|auto|-4px|auto||\u00bb custom_padding=\u00bb0px||9px|||\u00bb global_colors_info=\u00bb{}\u00bb][et_pb_column type=\u00bb1_2&#8243; _builder_version=\u00bb4.16&#8243; custom_padding=\u00bb|||\u00bb global_colors_info=\u00bb{}\u00bb custom_padding__hover=\u00bb|||\u00bb][et_pb_image src=\u00bbhttps:\/\/www.natualfa.com.ec\/web\/wp-content\/uploads\/2026\/03\/Adelgazante-Alfa.jpg\u00bb alt=\u00bbAdelgazante Alfa\u00bb title_text=\u00bbAdelgazante Alfa\u00bb show_in_lightbox=\u00bbon\u00bb align=\u00bbcenter\u00bb align_tablet=\u00bbcenter\u00bb align_phone=\u00bbcenter\u00bb align_last_edited=\u00bbon|desktop\u00bb _builder_version=\u00bb4.27.6&#8243; background_image=\u00bbhttp:\/\/natu.peluqueriasquito.ws\/wp-content\/uploads\/2017\/11\/HOJAS-INSTITUCIONALES-2017.jpg\u00bb min_height=\u00bb313px\u00bb custom_margin=\u00bb-2px||-20px||false|false\u00bb custom_padding=\u00bb0px||2px||false|false\u00bb animation_direction=\u00bbleft\u00bb border_width_all=\u00bb0px\u00bb border_color_all=\u00bb#8ea81c\u00bb border_style_all=\u00bbsolid\u00bb sticky=\u00bboff\u00bb use_border_color=\u00bbon\u00bb border_color=\u00bb#8ea81c\u00bb border_style=\u00bbsolid\u00bb always_center_on_mobile=\u00bbon\u00bb global_colors_info=\u00bb{}\u00bb][\/et_pb_image][\/et_pb_column][et_pb_column type=\u00bb1_2&#8243; _builder_version=\u00bb4.16&#8243; custom_padding=\u00bb|||\u00bb global_colors_info=\u00bb{}\u00bb custom_padding__hover=\u00bb|||\u00bb][et_pb_text _builder_version=\u00bb4.25.1&#8243; module_alignment=\u00bbleft\u00bb custom_margin=\u00bb||15px|||\u00bb custom_padding=\u00bb0px|||||\u00bb global_colors_info=\u00bb{}\u00bb]<\/p>\n<h1 class=\"product_title entry-title\"><strong style=\"text-align: justify; font-size: 30px;\">Adelgazante Alfa<\/strong><b style=\"text-align: justify; font-size: 30px;\">\u00ae<\/b><\/h1>\n<h3 class=\"product_title entry-title\" style=\"text-align: justify;\">Descripci\u00f3n<\/h3>\n<p style=\"text-align: justify;\"><strong>UTILIZADO EN PROBLEMAS DE SOBREPESO Y OBESIDAD SIN EFECTO REBOTE, OPTIMIZA EL METABOLISMO E INSULINA PARA AYUDARTE ADELGAZAR, MEJORA CELULITIS, REDUCE MEDIDAS<\/strong><\/p>\n<p style=\"text-align: justify;\">Categor\u00edas:\u00a0<a href=\"https:\/\/www.natualfa.com.ec\/web\/control-de-peso\/\">Control de Peso<\/a><\/p>\n<p style=\"text-align: justify;\">Frasco de 50 tabletas<\/p>\n<p>[\/et_pb_text][et_pb_image src=\u00bbhttps:\/\/www.natualfa.com.ec\/web\/wp-content\/uploads\/2024\/06\/Beneficios-Adelgazante-Alfa.jpg\u00bb alt=\u00bbBeneficios-Adelgazante-Alfa\u00bb title_text=\u00bbBeneficios-Adelgazante-Alfa\u00bb _builder_version=\u00bb4.25.1&#8243; _module_preset=\u00bbdefault\u00bb global_colors_info=\u00bb{}\u00bb][\/et_pb_image][\/et_pb_column][\/et_pb_row][et_pb_row _builder_version=\u00bb4.21.0&#8243; background_enable_color=\u00bboff\u00bb background_size=\u00bbinitial\u00bb background_position=\u00bbtop_left\u00bb background_repeat=\u00bbrepeat\u00bb min_height=\u00bb222.4px\u00bb custom_margin=\u00bb4px|auto|-70px|auto|false|false\u00bb custom_padding=\u00bb0px||0px||false|false\u00bb hover_enabled=\u00bb0&#8243; global_colors_info=\u00bb{}\u00bb sticky_enabled=\u00bb0&#8243;][et_pb_column type=\u00bb4_4&#8243; _builder_version=\u00bb4.16&#8243; custom_padding=\u00bb|||\u00bb global_colors_info=\u00bb{}\u00bb custom_padding__hover=\u00bb|||\u00bb][et_pb_tabs active_tab_background_color=\u00bb#b67313&#8243; inactive_tab_background_color=\u00bb#FFFFFF\u00bb active_tab_text_color=\u00bb#FFFFFF\u00bb _builder_version=\u00bb4.25.1&#8243; _module_preset=\u00bbdefault\u00bb tab_text_color=\u00bb#d3a76d\u00bb body_text_color=\u00bb#000000&#8243; body_font_size=\u00bb13px\u00bb tab_font=\u00bb||||||||\u00bb tab_font_size=\u00bb12px\u00bb background_color=\u00bb#FFFFFF\u00bb background_enable_image=\u00bboff\u00bb custom_margin=\u00bb8px||0px|||\u00bb custom_padding=\u00bb||0px|31px||\u00bb border_color_all=\u00bb#b67313&#8243; global_colors_info=\u00bb{}\u00bb min_height=\u00bb115px\u00bb][et_pb_tab title=\u00bbCOMPOSICI\u00d3N\u00bb _builder_version=\u00bb4.25.1&#8243; _module_preset=\u00bbdefault\u00bb global_colors_info=\u00bb{}\u00bb]<\/p>\n<p><strong>Cada tableta contiene:<\/strong><\/p>\n<p>Te amargo (Gentianella alborosea (Gilg) Fabris) 190.0 mg., Alcachofa (Cynara scolymus L.) 85.0 mg., Te verde (Thea sinensis L.) 85.0 mg., Excipientes c.s.p. 400.0 mg.<\/p>\n<p>&nbsp;<\/p>\n<p>[\/et_pb_tab][et_pb_tab title=\u00bbINDICACIONES TERAP\u00c9UTICAS\u00bb _builder_version=\u00bb4.21.0&#8243; _module_preset=\u00bbdefault\u00bb global_colors_info=\u00bb{}\u00bb]<\/p>\n<p>Utilizado en problemas de sobrepeso y obesidad. Indicado para reducir el colesterol y los triglic\u00e9ridos. Regula el metabolismo, niveles de insulina. Arrastra grasas residuales.<\/p>\n<p>[\/et_pb_tab][et_pb_tab title=\u00bbCONTRAINDICACIONES\u00bb _builder_version=\u00bb4.21.0&#8243; _module_preset=\u00bbdefault\u00bb global_colors_info=\u00bb{}\u00bb]<\/p>\n<p>No usar en embarazo y lactancia. Pacientes con hipersensibilidad o alergia a los componentes.<\/p>\n<p>[\/et_pb_tab][et_pb_tab title=\u00bbPOSOLOG\u00cdA\u00bb _builder_version=\u00bb4.25.1&#8243; _module_preset=\u00bbdefault\u00bb global_colors_info=\u00bb{}\u00bb]<\/p>\n<p>Tomar 2 tabletas tres veces al d\u00eda, 1\/2 a 1 hora antes de las comidas con un vaso de agua.<\/p>\n<p>[\/et_pb_tab][et_pb_tab title=\u00bbRECOMENDACIONES\u00bb _builder_version=\u00bb4.21.0&#8243; _module_preset=\u00bbdefault\u00bb global_colors_info=\u00bb{}\u00bb]<\/p>\n<p>Antes de empezar el tratamiento con Adelgazante Alfa\u00ae, es importante hacer un proceso de desparasitaci\u00f3n y desintoxicaci\u00f3n del organismo.<\/p>\n<p>Se recomienda el consumo constante del tratamiento, alg\u00fan tipo de actividad f\u00edsica, acompa\u00f1ado de una dieta rica en fibra proveniente de verduras, leguminosas, evitar los l\u00e1cteos y reducir el consumo de az\u00facar, harinas refinadas, utraprocesados.<\/p>\n<p>Beber suficiente agua seg\u00fan su peso : el c\u00e1lculo se obtiene dividiendo su peso en kilos para 7 = cantidad de vasos de 250 ml al d\u00eda; es decir si pesa 60 kg \/ 7 = 8,6 vasos de 250 ml de agua para tomar a diario<\/p>\n<p>Todo en conjunto facilita el proceso de eliminaci\u00f3n de grasas del organismo y ayudan a mantener un peso saludable.\u00a0<\/p>\n<p>[\/et_pb_tab][et_pb_tab title=\u00bbPRESENTACI\u00d3N\u00bb _builder_version=\u00bb4.21.0&#8243; _module_preset=\u00bbdefault\u00bb global_colors_info=\u00bb{}\u00bb]<\/p>\n<p>Frasco de 50 tabletas<\/p>\n<p><strong>Registro Sanitario # 1188-MNN-11-13<\/strong><\/p>\n<p>[\/et_pb_tab][\/et_pb_tabs][\/et_pb_column][\/et_pb_row][et_pb_row column_structure=\u00bb1_2,1_2&#8243; _builder_version=\u00bb4.21.0&#8243; background_enable_color=\u00bboff\u00bb background_size=\u00bbinitial\u00bb background_position=\u00bbtop_left\u00bb background_repeat=\u00bbrepeat\u00bb min_height=\u00bb385.4px\u00bb custom_margin=\u00bb1px|auto|-70px|auto|false|false\u00bb custom_padding=\u00bb29px||0px||false|false\u00bb global_colors_info=\u00bb{}\u00bb][et_pb_column type=\u00bb1_2&#8243; _builder_version=\u00bb4.25.1&#8243; _module_preset=\u00bbdefault\u00bb global_colors_info=\u00bb{}\u00bb][et_pb_accordion _builder_version=\u00bb4.25.1&#8243; _module_preset=\u00bbdefault\u00bb border_color_all=\u00bb#e8e8e8&#8243; global_colors_info=\u00bb{}\u00bb][et_pb_accordion_item title=\u00bbBeneficios\u00bb open=\u00bbon\u00bb open_toggle_text_color=\u00bb#5c8633&#8243; _builder_version=\u00bb4.25.1&#8243; _module_preset=\u00bbdefault\u00bb global_colors_info=\u00bb{}\u00bb toggle_level=\u00bbh1&#8243;]<\/p>\n<p style=\"text-align: justify;\"><img loading=\"lazy\" decoding=\"async\" src=\"https:\/\/www.natualfa.com.ec\/web\/wp-content\/uploads\/2024\/06\/Adelgaza-sin-efecto-rebote-1.jpg\" width=\"253\" height=\"181\" alt=\"\" class=\"wp-image-6226 aligncenter size-full\" \/><\/p>\n<p>&nbsp;<\/p>\n<ul>\n<li style=\"text-align: justify;\">Regula insulina, ayudando a mantener niveles equilibrados de glucosa en sangre, regulando el apetito, apoyando a la p\u00e9rdida de grasa corporal.<\/li>\n<li style=\"text-align: justify;\">Optimiza el metabolismo, por lo que mejora los procesos del organismo, entre ellos, la \u201cquema\u201d de calor\u00edas m\u00e1s efectivamente que te ayuda adelgazar.<\/li>\n<li style=\"text-align: justify;\">Previene y mejora trastornos metab\u00f3licos como: Diabetes, Ovario Poliqu\u00edstico, Hiperinsulinismo.<\/li>\n<li style=\"text-align: justify;\">Ayuda a digerir eficientemente las grasas de los alimentos, evitando su acumulaci\u00f3n en el cuerpo y reduciendo medidas.<\/li>\n<\/ul>\n<p>[\/et_pb_accordion_item][\/et_pb_accordion][\/et_pb_column][et_pb_column type=\u00bb1_2&#8243; _builder_version=\u00bb4.25.1&#8243; _module_preset=\u00bbdefault\u00bb global_colors_info=\u00bb{}\u00bb][et_pb_accordion _builder_version=\u00bb4.25.1&#8243; _module_preset=\u00bbdefault\u00bb custom_margin=\u00bb0px|||||\u00bb border_color_all=\u00bb#e8e8e8&#8243; global_colors_info=\u00bb{}\u00bb][et_pb_accordion_item open=\u00bbon\u00bb _builder_version=\u00bb4.25.1&#8243; _module_preset=\u00bbdefault\u00bb global_colors_info=\u00bb{}\u00bb]<\/p>\n<p><img loading=\"lazy\" decoding=\"async\" src=\"https:\/\/www.natualfa.com.ec\/web\/wp-content\/uploads\/2024\/06\/Formula-Adelgazante-Alfa-1.jpg\" width=\"400\" height=\"516\" alt=\"\" class=\"wp-image-6281 aligncenter size-full\" srcset=\"https:\/\/www.natualfa.com.ec\/web\/wp-content\/uploads\/2024\/06\/Formula-Adelgazante-Alfa-1.jpg 400w, https:\/\/www.natualfa.com.ec\/web\/wp-content\/uploads\/2024\/06\/Formula-Adelgazante-Alfa-1-233x300.jpg 233w\" sizes=\"(max-width: 400px) 100vw, 400px\" \/>\u00a0<\/p>\n<p>[\/et_pb_accordion_item][\/et_pb_accordion][\/et_pb_column][\/et_pb_row][et_pb_row _builder_version=\u00bb4.21.0&#8243; background_size=\u00bbinitial\u00bb background_position=\u00bbtop_left\u00bb background_repeat=\u00bbrepeat\u00bb min_height=\u00bb69px\u00bb custom_margin=\u00bb-1px|auto||auto|false|false\u00bb custom_padding=\u00bb41px||0px||false|false\u00bb global_colors_info=\u00bb{}\u00bb][et_pb_column type=\u00bb4_4&#8243; _builder_version=\u00bb4.16&#8243; custom_padding=\u00bb|||\u00bb global_colors_info=\u00bb{}\u00bb custom_padding__hover=\u00bb|||\u00bb][et_pb_text _builder_version=\u00bb4.21.0&#8243; module_alignment=\u00bbleft\u00bb custom_margin=\u00bb13px|||||\u00bb border_style=\u00bbsolid\u00bb global_colors_info=\u00bb{}\u00bb]<\/p>\n<h1>PRODUCTOS RELACIONADOS<\/h1>\n<p>[\/et_pb_text][\/et_pb_column][\/et_pb_row][et_pb_row column_structure=\u00bb1_3,1_3,1_3&#8243; _builder_version=\u00bb4.21.0&#8243; background_size=\u00bbinitial\u00bb background_position=\u00bbtop_left\u00bb background_repeat=\u00bbrepeat\u00bb custom_padding=\u00bb0px||4px|||\u00bb global_colors_info=\u00bb{}\u00bb][et_pb_column type=\u00bb1_3&#8243; _builder_version=\u00bb4.21.0&#8243; custom_padding=\u00bb|||\u00bb global_colors_info=\u00bb{}\u00bb custom_padding__hover=\u00bb|||\u00bb][et_pb_image src=\u00bbhttps:\/\/www.natualfa.com.ec\/web\/wp-content\/uploads\/2026\/03\/Carbon-Vegetal-Activado-240&#215;300.jpg\u00bb alt=\u00bbCarb\u00f3n Vegetal Activado\u00bb title_text=\u00bbCarb\u00f3n Vegetal Activado\u00bb url=\u00bbhttps:\/\/www.natualfa.com.ec\/web\/carbon-vegetal\/\u00bb align=\u00bbcenter\u00bb _builder_version=\u00bb4.27.6&#8243; _module_preset=\u00bbdefault\u00bb global_colors_info=\u00bb{}\u00bb][\/et_pb_image][\/et_pb_column][et_pb_column type=\u00bb1_3&#8243; _builder_version=\u00bb4.16&#8243; custom_padding=\u00bb|||\u00bb global_colors_info=\u00bb{}\u00bb custom_padding__hover=\u00bb|||\u00bb][et_pb_image src=\u00bbhttps:\/\/www.natualfa.com.ec\/web\/wp-content\/uploads\/2026\/03\/Alcahofa-2-240&#215;300.jpg\u00bb alt=\u00bbALCACHOFA-Natualfa\u00bb title_text=\u00bbAlcahofa\u00bb url=\u00bbhttps:\/\/www.natualfa.com.ec\/web\/alcachofa\/\u00bb align=\u00bbcenter\u00bb _builder_version=\u00bb4.27.6&#8243; _module_preset=\u00bbdefault\u00bb global_colors_info=\u00bb{}\u00bb][\/et_pb_image][\/et_pb_column][et_pb_column type=\u00bb1_3&#8243; _builder_version=\u00bb4.16&#8243; custom_padding=\u00bb|||\u00bb global_colors_info=\u00bb{}\u00bb custom_padding__hover=\u00bb|||\u00bb][\/et_pb_column][\/et_pb_row][\/et_pb_section][et_pb_section fb_built=\u00bb1&#8243; _builder_version=\u00bb4.16&#8243; custom_padding=\u00bb15px|||||\u00bb global_colors_info=\u00bb{}\u00bb][et_pb_row _builder_version=\u00bb4.16&#8243; background_size=\u00bbinitial\u00bb background_position=\u00bbtop_left\u00bb background_repeat=\u00bbrepeat\u00bb global_colors_info=\u00bb{}\u00bb][et_pb_column type=\u00bb4_4&#8243; _builder_version=\u00bb4.16&#8243; custom_padding=\u00bb|||\u00bb global_colors_info=\u00bb{}\u00bb custom_padding__hover=\u00bb|||\u00bb][et_pb_comments _builder_version=\u00bb4.16&#8243; border_style=\u00bbsolid\u00bb button_letter_spacing_hover=\u00bb0&#8243; global_colors_info=\u00bb{}\u00bb button_text_size__hover_enabled=\u00bboff\u00bb button_one_text_size__hover_enabled=\u00bboff\u00bb button_two_text_size__hover_enabled=\u00bboff\u00bb button_text_color__hover_enabled=\u00bboff\u00bb button_one_text_color__hover_enabled=\u00bboff\u00bb button_two_text_color__hover_enabled=\u00bboff\u00bb button_border_width__hover_enabled=\u00bboff\u00bb button_one_border_width__hover_enabled=\u00bboff\u00bb button_two_border_width__hover_enabled=\u00bboff\u00bb button_border_color__hover_enabled=\u00bboff\u00bb button_one_border_color__hover_enabled=\u00bboff\u00bb button_two_border_color__hover_enabled=\u00bboff\u00bb button_border_radius__hover_enabled=\u00bboff\u00bb button_one_border_radius__hover_enabled=\u00bboff\u00bb button_two_border_radius__hover_enabled=\u00bboff\u00bb button_letter_spacing__hover_enabled=\u00bbon\u00bb button_letter_spacing__hover=\u00bb0&#8243; button_one_letter_spacing__hover_enabled=\u00bboff\u00bb button_two_letter_spacing__hover_enabled=\u00bboff\u00bb button_bg_color__hover_enabled=\u00bboff\u00bb button_one_bg_color__hover_enabled=\u00bboff\u00bb button_two_bg_color__hover_enabled=\u00bboff\u00bb][\/et_pb_comments][\/et_pb_column][\/et_pb_row][\/et_pb_section]<\/p>\n","protected":false},"excerpt":{"rendered":"<p>Adelgazante Alfa\u00ae Descripci\u00f3n UTILIZADO EN PROBLEMAS DE SOBREPESO Y OBESIDAD SIN EFECTO REBOTE, OPTIMIZA EL METABOLISMO E INSULINA PARA AYUDARTE ADELGAZAR, MEJORA CELULITIS, REDUCE MEDIDAS Categor\u00edas:\u00a0Control de Peso Frasco de 50 tabletasCada tableta contiene: Te amargo (Gentianella alborosea (Gilg) Fabris) 190.0 mg., Alcachofa (Cynara scolymus L.) 85.0 mg., Te verde (Thea sinensis L.) 85.0 mg., [&hellip;]<\/p>\n","protected":false},"author":56,"featured_media":6778,"parent":0,"menu_order":0,"comment_status":"open","ping_status":"open","template":"","meta":{"_et_pb_use_builder":"on","_et_pb_old_content":"","_et_gb_content_width":"","footnotes":""},"class_list":["post-291","page","type-page","status-publish","has-post-thumbnail","hentry"],"yoast_head":"<!-- This site is optimized with the Yoast SEO plugin v27.0 - https:\/\/yoast.com\/product\/yoast-seo-wordpress\/ -->\n<title>Adelgazante Alfa - Control de Peso - Laboratorios Natualfa<\/title>\n<meta name=\"description\" content=\"Utilizado en problemas de sobrepeso y obesidad sin efecto rebote. Regula niveles de insulina, optimiza el metabolismo para adelgazar.\" \/>\n<meta name=\"robots\" content=\"index, follow, max-snippet:-1, max-image-preview:large, max-video-preview:-1\" \/>\n<link rel=\"canonical\" href=\"https:\/\/www.natualfa.com.ec\/web\/adelgazante-alfa\/\" \/>\n<meta property=\"og:locale\" content=\"es_ES\" \/>\n<meta property=\"og:type\" content=\"article\" \/>\n<meta property=\"og:title\" content=\"Adelgazante Alfa - Control de Peso - Laboratorios Natualfa\" \/>\n<meta property=\"og:description\" content=\"Utilizado en problemas de sobrepeso y obesidad sin efecto rebote. Regula niveles de insulina, optimiza el metabolismo para adelgazar.\" \/>\n<meta property=\"og:url\" content=\"https:\/\/www.natualfa.com.ec\/web\/adelgazante-alfa\/\" \/>\n<meta property=\"og:site_name\" content=\"Laboratorios Natualfa\" \/>\n<meta property=\"article:publisher\" content=\"https:\/\/www.facebook.com\/natualfa\/\" \/>\n<meta property=\"article:modified_time\" content=\"2026-03-20T18:00:31+00:00\" \/>\n<meta property=\"og:image\" content=\"https:\/\/www.natualfa.com.ec\/web\/wp-content\/uploads\/2026\/03\/Adelgazante-Alfa.jpg\" \/>\n\t<meta property=\"og:image:width\" content=\"400\" \/>\n\t<meta property=\"og:image:height\" content=\"400\" \/>\n\t<meta property=\"og:image:type\" content=\"image\/jpeg\" \/>\n<meta name=\"twitter:label1\" content=\"Tiempo de lectura\" \/>\n\t<meta name=\"twitter:data1\" content=\"3 minutos\" \/>\n<script type=\"application\/ld+json\" class=\"yoast-schema-graph\">{\"@context\":\"https:\/\/schema.org\",\"@graph\":[{\"@type\":\"WebPage\",\"@id\":\"https:\/\/www.natualfa.com.ec\/web\/adelgazante-alfa\/\",\"url\":\"https:\/\/www.natualfa.com.ec\/web\/adelgazante-alfa\/\",\"name\":\"Adelgazante Alfa - Control de Peso - Laboratorios Natualfa\",\"isPartOf\":{\"@id\":\"https:\/\/www.natualfa.com.ec\/web\/#website\"},\"primaryImageOfPage\":{\"@id\":\"https:\/\/www.natualfa.com.ec\/web\/adelgazante-alfa\/#primaryimage\"},\"image\":{\"@id\":\"https:\/\/www.natualfa.com.ec\/web\/adelgazante-alfa\/#primaryimage\"},\"thumbnailUrl\":\"https:\/\/www.natualfa.com.ec\/web\/wp-content\/uploads\/2026\/03\/Adelgazante-Alfa.jpg\",\"datePublished\":\"2017-11-25T21:03:42+00:00\",\"dateModified\":\"2026-03-20T18:00:31+00:00\",\"description\":\"Utilizado en problemas de sobrepeso y obesidad sin efecto rebote. Regula niveles de insulina, optimiza el metabolismo para adelgazar.\",\"inLanguage\":\"es\",\"potentialAction\":[{\"@type\":\"ReadAction\",\"target\":[\"https:\/\/www.natualfa.com.ec\/web\/adelgazante-alfa\/\"]}]},{\"@type\":\"ImageObject\",\"inLanguage\":\"es\",\"@id\":\"https:\/\/www.natualfa.com.ec\/web\/adelgazante-alfa\/#primaryimage\",\"url\":\"https:\/\/www.natualfa.com.ec\/web\/wp-content\/uploads\/2026\/03\/Adelgazante-Alfa.jpg\",\"contentUrl\":\"https:\/\/www.natualfa.com.ec\/web\/wp-content\/uploads\/2026\/03\/Adelgazante-Alfa.jpg\",\"width\":400,\"height\":400,\"caption\":\"Adelgazante Alfa\"},{\"@type\":\"WebSite\",\"@id\":\"https:\/\/www.natualfa.com.ec\/web\/#website\",\"url\":\"https:\/\/www.natualfa.com.ec\/web\/\",\"name\":\"Laboratorios Natualfa\",\"description\":\"Elaboraci\u00f3n de productos naturales medicinales de calidad\",\"publisher\":{\"@id\":\"https:\/\/www.natualfa.com.ec\/web\/#organization\"},\"potentialAction\":[{\"@type\":\"SearchAction\",\"target\":{\"@type\":\"EntryPoint\",\"urlTemplate\":\"https:\/\/www.natualfa.com.ec\/web\/?s={search_term_string}\"},\"query-input\":{\"@type\":\"PropertyValueSpecification\",\"valueRequired\":true,\"valueName\":\"search_term_string\"}}],\"inLanguage\":\"es\"},{\"@type\":\"Organization\",\"@id\":\"https:\/\/www.natualfa.com.ec\/web\/#organization\",\"name\":\"Laboratorios Natualfa C\u00eda. Ltda.\",\"url\":\"https:\/\/www.natualfa.com.ec\/web\/\",\"logo\":{\"@type\":\"ImageObject\",\"inLanguage\":\"es\",\"@id\":\"https:\/\/www.natualfa.com.ec\/web\/#\/schema\/logo\/image\/\",\"url\":\"https:\/\/www.natualfa.com.ec\/web\/wp-content\/uploads\/2023\/02\/Logo-Natualfa-slogan-Ciencia2023.png\",\"contentUrl\":\"https:\/\/www.natualfa.com.ec\/web\/wp-content\/uploads\/2023\/02\/Logo-Natualfa-slogan-Ciencia2023.png\",\"width\":687,\"height\":344,\"caption\":\"Laboratorios Natualfa C\u00eda. Ltda.\"},\"image\":{\"@id\":\"https:\/\/www.natualfa.com.ec\/web\/#\/schema\/logo\/image\/\"},\"sameAs\":[\"https:\/\/www.facebook.com\/natualfa\/\",\"https:\/\/www.instagram.com\/natualfa\/\"]}]}<\/script>\n<!-- \/ Yoast SEO plugin. -->","yoast_head_json":{"title":"Adelgazante Alfa - Control de Peso - Laboratorios Natualfa","description":"Utilizado en problemas de sobrepeso y obesidad sin efecto rebote. Regula niveles de insulina, optimiza el metabolismo para adelgazar.","robots":{"index":"index","follow":"follow","max-snippet":"max-snippet:-1","max-image-preview":"max-image-preview:large","max-video-preview":"max-video-preview:-1"},"canonical":"https:\/\/www.natualfa.com.ec\/web\/adelgazante-alfa\/","og_locale":"es_ES","og_type":"article","og_title":"Adelgazante Alfa - Control de Peso - Laboratorios Natualfa","og_description":"Utilizado en problemas de sobrepeso y obesidad sin efecto rebote. Regula niveles de insulina, optimiza el metabolismo para adelgazar.","og_url":"https:\/\/www.natualfa.com.ec\/web\/adelgazante-alfa\/","og_site_name":"Laboratorios Natualfa","article_publisher":"https:\/\/www.facebook.com\/natualfa\/","article_modified_time":"2026-03-20T18:00:31+00:00","og_image":[{"width":400,"height":400,"url":"https:\/\/www.natualfa.com.ec\/web\/wp-content\/uploads\/2026\/03\/Adelgazante-Alfa.jpg","type":"image\/jpeg"}],"twitter_misc":{"Tiempo de lectura":"3 minutos"},"schema":{"@context":"https:\/\/schema.org","@graph":[{"@type":"WebPage","@id":"https:\/\/www.natualfa.com.ec\/web\/adelgazante-alfa\/","url":"https:\/\/www.natualfa.com.ec\/web\/adelgazante-alfa\/","name":"Adelgazante Alfa - Control de Peso - Laboratorios Natualfa","isPartOf":{"@id":"https:\/\/www.natualfa.com.ec\/web\/#website"},"primaryImageOfPage":{"@id":"https:\/\/www.natualfa.com.ec\/web\/adelgazante-alfa\/#primaryimage"},"image":{"@id":"https:\/\/www.natualfa.com.ec\/web\/adelgazante-alfa\/#primaryimage"},"thumbnailUrl":"https:\/\/www.natualfa.com.ec\/web\/wp-content\/uploads\/2026\/03\/Adelgazante-Alfa.jpg","datePublished":"2017-11-25T21:03:42+00:00","dateModified":"2026-03-20T18:00:31+00:00","description":"Utilizado en problemas de sobrepeso y obesidad sin efecto rebote. Regula niveles de insulina, optimiza el metabolismo para adelgazar.","inLanguage":"es","potentialAction":[{"@type":"ReadAction","target":["https:\/\/www.natualfa.com.ec\/web\/adelgazante-alfa\/"]}]},{"@type":"ImageObject","inLanguage":"es","@id":"https:\/\/www.natualfa.com.ec\/web\/adelgazante-alfa\/#primaryimage","url":"https:\/\/www.natualfa.com.ec\/web\/wp-content\/uploads\/2026\/03\/Adelgazante-Alfa.jpg","contentUrl":"https:\/\/www.natualfa.com.ec\/web\/wp-content\/uploads\/2026\/03\/Adelgazante-Alfa.jpg","width":400,"height":400,"caption":"Adelgazante Alfa"},{"@type":"WebSite","@id":"https:\/\/www.natualfa.com.ec\/web\/#website","url":"https:\/\/www.natualfa.com.ec\/web\/","name":"Laboratorios Natualfa","description":"Elaboraci\u00f3n de productos naturales medicinales de calidad","publisher":{"@id":"https:\/\/www.natualfa.com.ec\/web\/#organization"},"potentialAction":[{"@type":"SearchAction","target":{"@type":"EntryPoint","urlTemplate":"https:\/\/www.natualfa.com.ec\/web\/?s={search_term_string}"},"query-input":{"@type":"PropertyValueSpecification","valueRequired":true,"valueName":"search_term_string"}}],"inLanguage":"es"},{"@type":"Organization","@id":"https:\/\/www.natualfa.com.ec\/web\/#organization","name":"Laboratorios Natualfa C\u00eda. Ltda.","url":"https:\/\/www.natualfa.com.ec\/web\/","logo":{"@type":"ImageObject","inLanguage":"es","@id":"https:\/\/www.natualfa.com.ec\/web\/#\/schema\/logo\/image\/","url":"https:\/\/www.natualfa.com.ec\/web\/wp-content\/uploads\/2023\/02\/Logo-Natualfa-slogan-Ciencia2023.png","contentUrl":"https:\/\/www.natualfa.com.ec\/web\/wp-content\/uploads\/2023\/02\/Logo-Natualfa-slogan-Ciencia2023.png","width":687,"height":344,"caption":"Laboratorios Natualfa C\u00eda. Ltda."},"image":{"@id":"https:\/\/www.natualfa.com.ec\/web\/#\/schema\/logo\/image\/"},"sameAs":["https:\/\/www.facebook.com\/natualfa\/","https:\/\/www.instagram.com\/natualfa\/"]}]}},"_links":{"self":[{"href":"https:\/\/www.natualfa.com.ec\/web\/wp-json\/wp\/v2\/pages\/291","targetHints":{"allow":["GET"]}}],"collection":[{"href":"https:\/\/www.natualfa.com.ec\/web\/wp-json\/wp\/v2\/pages"}],"about":[{"href":"https:\/\/www.natualfa.com.ec\/web\/wp-json\/wp\/v2\/types\/page"}],"author":[{"embeddable":true,"href":"https:\/\/www.natualfa.com.ec\/web\/wp-json\/wp\/v2\/users\/56"}],"replies":[{"embeddable":true,"href":"https:\/\/www.natualfa.com.ec\/web\/wp-json\/wp\/v2\/comments?post=291"}],"version-history":[{"count":103,"href":"https:\/\/www.natualfa.com.ec\/web\/wp-json\/wp\/v2\/pages\/291\/revisions"}],"predecessor-version":[{"id":7166,"href":"https:\/\/www.natualfa.com.ec\/web\/wp-json\/wp\/v2\/pages\/291\/revisions\/7166"}],"wp:featuredmedia":[{"embeddable":true,"href":"https:\/\/www.natualfa.com.ec\/web\/wp-json\/wp\/v2\/media\/6778"}],"wp:attachment":[{"href":"https:\/\/www.natualfa.com.ec\/web\/wp-json\/wp\/v2\/media?parent=291"}],"curies":[{"name":"wp","href":"https:\/\/api.w.org\/{rel}","templated":true}]}}