{"id":212,"date":"2017-11-24T02:00:13","date_gmt":"2017-11-24T07:00:13","guid":{"rendered":"http:\/\/natu.peluqueriasquito.ws\/?page_id=212"},"modified":"2026-03-16T11:48:47","modified_gmt":"2026-03-16T16:48:47","slug":"sistema-nervioso","status":"publish","type":"page","link":"https:\/\/www.natualfa.com.ec\/web\/sistema-nervioso\/","title":{"rendered":"Sistema Nervioso"},"content":{"rendered":"<p>[et_pb_section fb_built=\u00bb1&#8243; disabled_on=\u00bbon|on|\u00bb _builder_version=\u00bb4.16&#8243; background_image=\u00bbhttps:\/\/www.natualfa.com.ec\/web\/wp-content\/uploads\/2017\/12\/relajacion-830&#215;550.png\u00bb global_colors_info=\u00bb{}\u00bb][et_pb_row _builder_version=\u00bb4.16&#8243; background_size=\u00bbinitial\u00bb background_position=\u00bbtop_left\u00bb background_repeat=\u00bbrepeat\u00bb global_colors_info=\u00bb{}\u00bb][et_pb_column type=\u00bb4_4&#8243; _builder_version=\u00bb4.16&#8243; custom_padding=\u00bb|||\u00bb global_colors_info=\u00bb{}\u00bb custom_padding__hover=\u00bb|||\u00bb][et_pb_text _builder_version=\u00bb4.16&#8243; border_style=\u00bbsolid\u00bb global_colors_info=\u00bb{}\u00bb]<\/p>\n<h1 style=\"text-align: left\">Sistema Nervioso<\/h1>\n<h5><a href=\"https:\/\/www.natualfa.com.ec\/web\/aparato-excretor\/\">Aparato Excretor<\/a>\u00a0\/\u00a0<a href=\"https:\/\/www.natualfa.com.ec\/web\/aparato-respiratorio\/\">Aparato Respiratorio<\/a>\u00a0 \/\u00a0<a href=\"https:\/\/www.natualfa.com.ec\/web\/control-de-peso\/\">Control de Peso<\/a>\u00a0 \/\u00a0<a href=\"https:\/\/www.natualfa.com.ec\/web\/desintoxicante\/\">Desintoxicante<\/a>\u00a0 \/\u00a0<a href=\"https:\/\/www.natualfa.com.ec\/web\/nutricion-vitaminas-y-minerales-de-origen-natural\/\">Nutrici\u00f3n Vitaminas y Minerales de origen Natural<\/a> \/\u00a0\u00a0<a href=\"https:\/\/www.natualfa.com.ec\/web\/sistema-articular\/\">Sistema Articular<\/a>\u00a0\/\u00a0<a href=\"https:\/\/www.natualfa.com.ec\/web\/sistema-circulatorio\/\">Sistema Circulatorio<\/a>\u00a0\/\u00a0<a href=\"https:\/\/www.natualfa.com.ec\/web\/sistema-digestivo\/\">Sistema Digestivo<\/a> \/\u00a0<a href=\"https:\/\/www.natualfa.com.ec\/web\/sistema-endocrino\/\">Sistema End\u00f3crino<\/a> \/\u00a0<a href=\"https:\/\/www.natualfa.com.ec\/web\/sistema-inmunitario\/\">Sistema nmunitario<\/a>\u00a0\/\u00a0<a href=\"https:\/\/www.natualfa.com.ec\/web\/sistema-reproductor\/\">Sistema Reproductor<\/a><\/h5>\n<p>[\/et_pb_text][et_pb_divider show_divider=\u00bboff\u00bb disabled_on=\u00bbon|on|off\u00bb _builder_version=\u00bb4.16&#8243; hide_on_mobile=\u00bbon\u00bb global_colors_info=\u00bb{}\u00bb][\/et_pb_divider][\/et_pb_column][\/et_pb_row][\/et_pb_section][et_pb_section fb_built=\u00bb1&#8243; _builder_version=\u00bb4.16&#8243; global_colors_info=\u00bb{}\u00bb][et_pb_row column_structure=\u00bb1_4,1_4,1_4,1_4&#8243; _builder_version=\u00bb4.16&#8243; background_size=\u00bbinitial\u00bb background_position=\u00bbtop_left\u00bb background_repeat=\u00bbrepeat\u00bb custom_padding=\u00bb0px|||||\u00bb global_colors_info=\u00bb{}\u00bb][et_pb_column type=\u00bb1_4&#8243; _builder_version=\u00bb4.16&#8243; custom_padding=\u00bb|||\u00bb global_colors_info=\u00bb{}\u00bb custom_padding__hover=\u00bb|||\u00bb][et_pb_text _builder_version=\u00bb4.27.6&#8243; background_image=\u00bbhttp:\/\/ideamrk.ws\/wp-content\/uploads\/2017\/12\/franja-cat-1.png\u00bb module_alignment=\u00bbleft\u00bb link_option_url=\u00bbhttps:\/\/www.natualfa.com.ec\/web\/nervin-alfa\/\u00bb border_style=\u00bbsolid\u00bb global_colors_info=\u00bb{}\u00bb]<\/p>\n<h4><a href=\"https:\/\/www.natualfa.com.ec\/web\/nervin-alfa\/\"><img loading=\"lazy\" decoding=\"async\" src=\"https:\/\/www.natualfa.com.ec\/web\/wp-content\/uploads\/2026\/03\/Nervin-Alfa-Capsulas-240x300.jpg\" width=\"240\" height=\"300\" alt=\"Nervin Alfa Capsulas\" class=\"wp-image-6952 aligncenter size-medium\" srcset=\"https:\/\/www.natualfa.com.ec\/web\/wp-content\/uploads\/2026\/03\/Nervin-Alfa-Capsulas-240x300.jpg 240w, https:\/\/www.natualfa.com.ec\/web\/wp-content\/uploads\/2026\/03\/Nervin-Alfa-Capsulas.jpg 400w\" sizes=\"(max-width: 240px) 100vw, 240px\" \/><\/a><\/h4>\n<h4 style=\"text-align: center;\"><strong>NERVIN ALFA\u00ae C\u00e1psulas<\/strong><\/h4>\n<h4 style=\"text-align: center;\"><span>60 C\u00e1psulas de 400mg<\/span><\/h4>\n<p>[\/et_pb_text][\/et_pb_column][et_pb_column type=\u00bb1_4&#8243; _builder_version=\u00bb4.16&#8243; custom_padding=\u00bb|||\u00bb global_colors_info=\u00bb{}\u00bb custom_padding__hover=\u00bb|||\u00bb][et_pb_text _builder_version=\u00bb4.27.6&#8243; _module_preset=\u00bbdefault\u00bb link_option_url=\u00bbhttps:\/\/www.natualfa.com.ec\/web\/nervin-alfa-tintura\/\u00bb hover_enabled=\u00bb0&#8243; sticky_enabled=\u00bb0&#8243;]<\/p>\n<p><img loading=\"lazy\" decoding=\"async\" src=\"https:\/\/www.natualfa.com.ec\/web\/wp-content\/uploads\/2026\/03\/Nervin-Alfa-Tintura-240x300.jpg\" width=\"240\" height=\"300\" alt=\"Nervin Alfa Tintura\" class=\"wp-image-6962 aligncenter size-medium\" srcset=\"https:\/\/www.natualfa.com.ec\/web\/wp-content\/uploads\/2026\/03\/Nervin-Alfa-Tintura-240x300.jpg 240w, https:\/\/www.natualfa.com.ec\/web\/wp-content\/uploads\/2026\/03\/Nervin-Alfa-Tintura.jpg 400w\" sizes=\"(max-width: 240px) 100vw, 240px\" \/><\/p>\n<h4 style=\"text-align: center;\"><strong>NERVIN ALFA\u00ae Tintura<\/strong><\/h4>\n<h4 style=\"text-align: center;\"><span>Frasco de vidrio \u00e1mbar gotero de 30ml<\/span><\/h4>\n<p>[\/et_pb_text][\/et_pb_column][et_pb_column type=\u00bb1_4&#8243; _builder_version=\u00bb4.16&#8243; custom_padding=\u00bb|||\u00bb global_colors_info=\u00bb{}\u00bb custom_padding__hover=\u00bb|||\u00bb][et_pb_text _builder_version=\u00bb4.27.6&#8243; background_image=\u00bbhttp:\/\/ideamrk.ws\/wp-content\/uploads\/2017\/12\/franja-cat-1.png\u00bb module_alignment=\u00bbleft\u00bb link_option_url=\u00bbhttps:\/\/www.natualfa.com.ec\/web\/levadura-cerveza-100\/\u00bb border_style=\u00bbsolid\u00bb global_colors_info=\u00bb{}\u00bb]<\/p>\n<h4 style=\"text-align: center;\"><img loading=\"lazy\" decoding=\"async\" src=\"https:\/\/www.natualfa.com.ec\/web\/wp-content\/uploads\/2026\/03\/Levadura-de-Cerveza-100-240x300.jpg\" width=\"240\" height=\"300\" alt=\"Levadura de Cerveza 100\" class=\"wp-image-6862 aligncenter size-medium\" srcset=\"https:\/\/www.natualfa.com.ec\/web\/wp-content\/uploads\/2026\/03\/Levadura-de-Cerveza-100-240x300.jpg 240w, https:\/\/www.natualfa.com.ec\/web\/wp-content\/uploads\/2026\/03\/Levadura-de-Cerveza-100.jpg 400w\" sizes=\"(max-width: 240px) 100vw, 240px\" \/><\/h4>\n<h4 style=\"text-align: center;\"><a href=\"https:\/\/www.natualfa.com.ec\/web\/levadura-cerveza-100\/\"><\/a><b>LEVADURA DE CERVEZA<\/b><\/h4>\n<h4 style=\"text-align: center;\">100 Tabletas de 550mg<\/h4>\n<p>[\/et_pb_text][\/et_pb_column][et_pb_column type=\u00bb1_4&#8243; _builder_version=\u00bb4.16&#8243; custom_padding=\u00bb|||\u00bb global_colors_info=\u00bb{}\u00bb custom_padding__hover=\u00bb|||\u00bb][et_pb_text _builder_version=\u00bb4.27.6&#8243; background_image=\u00bbhttp:\/\/ideamrk.ws\/wp-content\/uploads\/2017\/12\/franja-cat-1.png\u00bb module_alignment=\u00bbleft\u00bb link_option_url=\u00bbhttps:\/\/www.natualfa.com.ec\/web\/levadura-cerveza-300\/\u00bb border_style=\u00bbsolid\u00bb global_colors_info=\u00bb{}\u00bb]<\/p>\n<h4><\/h4>\n<p><img loading=\"lazy\" decoding=\"async\" src=\"https:\/\/www.natualfa.com.ec\/web\/wp-content\/uploads\/2026\/03\/Levadura-de-Cerveza-300-300x300.jpg\" width=\"300\" height=\"300\" alt=\"Levadura de Cerveza 300\" class=\"wp-image-6863 aligncenter size-medium\" \/><\/p>\n<h4 style=\"text-align: center;\"><b><\/b><\/h4>\n<h4 style=\"text-align: center;\"><b>LEVADURA DE CERVEZA<\/b><\/h4>\n<h4 style=\"text-align: center;\">300 Tabletas de 550mg<\/h4>\n<p>[\/et_pb_text][\/et_pb_column][\/et_pb_row][\/et_pb_section]<\/p>\n","protected":false},"excerpt":{"rendered":"<p>Sistema Nervioso Aparato Excretor\u00a0\/\u00a0Aparato Respiratorio\u00a0 \/\u00a0Control de Peso\u00a0 \/\u00a0Desintoxicante\u00a0 \/\u00a0Nutrici\u00f3n Vitaminas y Minerales de origen Natural \/\u00a0\u00a0Sistema Articular\u00a0\/\u00a0Sistema Circulatorio\u00a0\/\u00a0Sistema Digestivo \/\u00a0Sistema End\u00f3crino \/\u00a0Sistema nmunitario\u00a0\/\u00a0Sistema Reproductor NERVIN ALFA\u00ae C\u00e1psulas 60 C\u00e1psulas de 400mg NERVIN ALFA\u00ae Tintura Frasco de vidrio \u00e1mbar gotero de 30ml LEVADURA DE CERVEZA 100 Tabletas de 550mg LEVADURA DE CERVEZA 300 Tabletas de [&hellip;]<\/p>\n","protected":false},"author":56,"featured_media":0,"parent":0,"menu_order":0,"comment_status":"closed","ping_status":"closed","template":"","meta":{"_et_pb_use_builder":"on","_et_pb_old_content":"","_et_gb_content_width":"","footnotes":""},"class_list":["post-212","page","type-page","status-publish","hentry"],"yoast_head":"<!-- This site is optimized with the Yoast SEO plugin v27.0 - https:\/\/yoast.com\/product\/yoast-seo-wordpress\/ -->\n<title>Sistema Nervioso - Laboratorios Natualfa<\/title>\n<meta name=\"description\" content=\"Equilibrador del sistema nervioso, indicado en casos de ansiedad, insomnio, depresi\u00f3n y cefaleas. Alivia los s\u00edntomas del estr\u00e9s\" \/>\n<meta name=\"robots\" content=\"index, follow, max-snippet:-1, max-image-preview:large, max-video-preview:-1\" \/>\n<link rel=\"canonical\" href=\"https:\/\/www.natualfa.com.ec\/web\/sistema-nervioso\/\" \/>\n<meta property=\"og:locale\" content=\"es_ES\" \/>\n<meta property=\"og:type\" content=\"article\" \/>\n<meta property=\"og:title\" content=\"Sistema Nervioso - Laboratorios Natualfa\" \/>\n<meta property=\"og:description\" content=\"Equilibrador del sistema nervioso, indicado en casos de ansiedad, insomnio, depresi\u00f3n y cefaleas. Alivia los s\u00edntomas del estr\u00e9s\" \/>\n<meta property=\"og:url\" content=\"https:\/\/www.natualfa.com.ec\/web\/sistema-nervioso\/\" \/>\n<meta property=\"og:site_name\" content=\"Laboratorios Natualfa\" \/>\n<meta property=\"article:publisher\" content=\"https:\/\/www.facebook.com\/natualfa\/\" \/>\n<meta property=\"article:modified_time\" content=\"2026-03-16T16:48:47+00:00\" \/>\n<meta property=\"og:image\" content=\"https:\/\/www.natualfa.com.ec\/web\/wp-content\/uploads\/2026\/03\/Nervin-Alfa-Capsulas.jpg\" \/>\n\t<meta property=\"og:image:width\" content=\"400\" \/>\n\t<meta property=\"og:image:height\" content=\"500\" \/>\n\t<meta property=\"og:image:type\" content=\"image\/jpeg\" \/>\n<meta name=\"twitter:label1\" content=\"Tiempo de lectura\" \/>\n\t<meta name=\"twitter:data1\" content=\"2 minutos\" \/>\n<script type=\"application\/ld+json\" class=\"yoast-schema-graph\">{\"@context\":\"https:\/\/schema.org\",\"@graph\":[{\"@type\":\"WebPage\",\"@id\":\"https:\/\/www.natualfa.com.ec\/web\/sistema-nervioso\/\",\"url\":\"https:\/\/www.natualfa.com.ec\/web\/sistema-nervioso\/\",\"name\":\"Sistema Nervioso - Laboratorios Natualfa\",\"isPartOf\":{\"@id\":\"https:\/\/www.natualfa.com.ec\/web\/#website\"},\"primaryImageOfPage\":{\"@id\":\"https:\/\/www.natualfa.com.ec\/web\/sistema-nervioso\/#primaryimage\"},\"image\":{\"@id\":\"https:\/\/www.natualfa.com.ec\/web\/sistema-nervioso\/#primaryimage\"},\"thumbnailUrl\":\"https:\/\/www.natualfa.com.ec\/web\/wp-content\/uploads\/2026\/03\/Nervin-Alfa-Capsulas-240x300.jpg\",\"datePublished\":\"2017-11-24T07:00:13+00:00\",\"dateModified\":\"2026-03-16T16:48:47+00:00\",\"description\":\"Equilibrador del sistema nervioso, indicado en casos de ansiedad, insomnio, depresi\u00f3n y cefaleas. Alivia los s\u00edntomas del estr\u00e9s\",\"inLanguage\":\"es\",\"potentialAction\":[{\"@type\":\"ReadAction\",\"target\":[\"https:\/\/www.natualfa.com.ec\/web\/sistema-nervioso\/\"]}]},{\"@type\":\"ImageObject\",\"inLanguage\":\"es\",\"@id\":\"https:\/\/www.natualfa.com.ec\/web\/sistema-nervioso\/#primaryimage\",\"url\":\"https:\/\/www.natualfa.com.ec\/web\/wp-content\/uploads\/2026\/03\/Nervin-Alfa-Capsulas.jpg\",\"contentUrl\":\"https:\/\/www.natualfa.com.ec\/web\/wp-content\/uploads\/2026\/03\/Nervin-Alfa-Capsulas.jpg\",\"width\":400,\"height\":500,\"caption\":\"Nervin Alfa Capsulas\"},{\"@type\":\"WebSite\",\"@id\":\"https:\/\/www.natualfa.com.ec\/web\/#website\",\"url\":\"https:\/\/www.natualfa.com.ec\/web\/\",\"name\":\"Laboratorios Natualfa\",\"description\":\"Elaboraci\u00f3n de productos naturales medicinales de calidad\",\"publisher\":{\"@id\":\"https:\/\/www.natualfa.com.ec\/web\/#organization\"},\"potentialAction\":[{\"@type\":\"SearchAction\",\"target\":{\"@type\":\"EntryPoint\",\"urlTemplate\":\"https:\/\/www.natualfa.com.ec\/web\/?s={search_term_string}\"},\"query-input\":{\"@type\":\"PropertyValueSpecification\",\"valueRequired\":true,\"valueName\":\"search_term_string\"}}],\"inLanguage\":\"es\"},{\"@type\":\"Organization\",\"@id\":\"https:\/\/www.natualfa.com.ec\/web\/#organization\",\"name\":\"Laboratorios Natualfa C\u00eda. Ltda.\",\"url\":\"https:\/\/www.natualfa.com.ec\/web\/\",\"logo\":{\"@type\":\"ImageObject\",\"inLanguage\":\"es\",\"@id\":\"https:\/\/www.natualfa.com.ec\/web\/#\/schema\/logo\/image\/\",\"url\":\"https:\/\/www.natualfa.com.ec\/web\/wp-content\/uploads\/2023\/02\/Logo-Natualfa-slogan-Ciencia2023.png\",\"contentUrl\":\"https:\/\/www.natualfa.com.ec\/web\/wp-content\/uploads\/2023\/02\/Logo-Natualfa-slogan-Ciencia2023.png\",\"width\":687,\"height\":344,\"caption\":\"Laboratorios Natualfa C\u00eda. Ltda.\"},\"image\":{\"@id\":\"https:\/\/www.natualfa.com.ec\/web\/#\/schema\/logo\/image\/\"},\"sameAs\":[\"https:\/\/www.facebook.com\/natualfa\/\",\"https:\/\/www.instagram.com\/natualfa\/\"]}]}<\/script>\n<!-- \/ Yoast SEO plugin. -->","yoast_head_json":{"title":"Sistema Nervioso - Laboratorios Natualfa","description":"Equilibrador del sistema nervioso, indicado en casos de ansiedad, insomnio, depresi\u00f3n y cefaleas. Alivia los s\u00edntomas del estr\u00e9s","robots":{"index":"index","follow":"follow","max-snippet":"max-snippet:-1","max-image-preview":"max-image-preview:large","max-video-preview":"max-video-preview:-1"},"canonical":"https:\/\/www.natualfa.com.ec\/web\/sistema-nervioso\/","og_locale":"es_ES","og_type":"article","og_title":"Sistema Nervioso - Laboratorios Natualfa","og_description":"Equilibrador del sistema nervioso, indicado en casos de ansiedad, insomnio, depresi\u00f3n y cefaleas. Alivia los s\u00edntomas del estr\u00e9s","og_url":"https:\/\/www.natualfa.com.ec\/web\/sistema-nervioso\/","og_site_name":"Laboratorios Natualfa","article_publisher":"https:\/\/www.facebook.com\/natualfa\/","article_modified_time":"2026-03-16T16:48:47+00:00","og_image":[{"width":400,"height":500,"url":"https:\/\/www.natualfa.com.ec\/web\/wp-content\/uploads\/2026\/03\/Nervin-Alfa-Capsulas.jpg","type":"image\/jpeg"}],"twitter_misc":{"Tiempo de lectura":"2 minutos"},"schema":{"@context":"https:\/\/schema.org","@graph":[{"@type":"WebPage","@id":"https:\/\/www.natualfa.com.ec\/web\/sistema-nervioso\/","url":"https:\/\/www.natualfa.com.ec\/web\/sistema-nervioso\/","name":"Sistema Nervioso - Laboratorios Natualfa","isPartOf":{"@id":"https:\/\/www.natualfa.com.ec\/web\/#website"},"primaryImageOfPage":{"@id":"https:\/\/www.natualfa.com.ec\/web\/sistema-nervioso\/#primaryimage"},"image":{"@id":"https:\/\/www.natualfa.com.ec\/web\/sistema-nervioso\/#primaryimage"},"thumbnailUrl":"https:\/\/www.natualfa.com.ec\/web\/wp-content\/uploads\/2026\/03\/Nervin-Alfa-Capsulas-240x300.jpg","datePublished":"2017-11-24T07:00:13+00:00","dateModified":"2026-03-16T16:48:47+00:00","description":"Equilibrador del sistema nervioso, indicado en casos de ansiedad, insomnio, depresi\u00f3n y cefaleas. Alivia los s\u00edntomas del estr\u00e9s","inLanguage":"es","potentialAction":[{"@type":"ReadAction","target":["https:\/\/www.natualfa.com.ec\/web\/sistema-nervioso\/"]}]},{"@type":"ImageObject","inLanguage":"es","@id":"https:\/\/www.natualfa.com.ec\/web\/sistema-nervioso\/#primaryimage","url":"https:\/\/www.natualfa.com.ec\/web\/wp-content\/uploads\/2026\/03\/Nervin-Alfa-Capsulas.jpg","contentUrl":"https:\/\/www.natualfa.com.ec\/web\/wp-content\/uploads\/2026\/03\/Nervin-Alfa-Capsulas.jpg","width":400,"height":500,"caption":"Nervin Alfa Capsulas"},{"@type":"WebSite","@id":"https:\/\/www.natualfa.com.ec\/web\/#website","url":"https:\/\/www.natualfa.com.ec\/web\/","name":"Laboratorios Natualfa","description":"Elaboraci\u00f3n de productos naturales medicinales de calidad","publisher":{"@id":"https:\/\/www.natualfa.com.ec\/web\/#organization"},"potentialAction":[{"@type":"SearchAction","target":{"@type":"EntryPoint","urlTemplate":"https:\/\/www.natualfa.com.ec\/web\/?s={search_term_string}"},"query-input":{"@type":"PropertyValueSpecification","valueRequired":true,"valueName":"search_term_string"}}],"inLanguage":"es"},{"@type":"Organization","@id":"https:\/\/www.natualfa.com.ec\/web\/#organization","name":"Laboratorios Natualfa C\u00eda. Ltda.","url":"https:\/\/www.natualfa.com.ec\/web\/","logo":{"@type":"ImageObject","inLanguage":"es","@id":"https:\/\/www.natualfa.com.ec\/web\/#\/schema\/logo\/image\/","url":"https:\/\/www.natualfa.com.ec\/web\/wp-content\/uploads\/2023\/02\/Logo-Natualfa-slogan-Ciencia2023.png","contentUrl":"https:\/\/www.natualfa.com.ec\/web\/wp-content\/uploads\/2023\/02\/Logo-Natualfa-slogan-Ciencia2023.png","width":687,"height":344,"caption":"Laboratorios Natualfa C\u00eda. Ltda."},"image":{"@id":"https:\/\/www.natualfa.com.ec\/web\/#\/schema\/logo\/image\/"},"sameAs":["https:\/\/www.facebook.com\/natualfa\/","https:\/\/www.instagram.com\/natualfa\/"]}]}},"_links":{"self":[{"href":"https:\/\/www.natualfa.com.ec\/web\/wp-json\/wp\/v2\/pages\/212","targetHints":{"allow":["GET"]}}],"collection":[{"href":"https:\/\/www.natualfa.com.ec\/web\/wp-json\/wp\/v2\/pages"}],"about":[{"href":"https:\/\/www.natualfa.com.ec\/web\/wp-json\/wp\/v2\/types\/page"}],"author":[{"embeddable":true,"href":"https:\/\/www.natualfa.com.ec\/web\/wp-json\/wp\/v2\/users\/56"}],"replies":[{"embeddable":true,"href":"https:\/\/www.natualfa.com.ec\/web\/wp-json\/wp\/v2\/comments?post=212"}],"version-history":[{"count":13,"href":"https:\/\/www.natualfa.com.ec\/web\/wp-json\/wp\/v2\/pages\/212\/revisions"}],"predecessor-version":[{"id":7023,"href":"https:\/\/www.natualfa.com.ec\/web\/wp-json\/wp\/v2\/pages\/212\/revisions\/7023"}],"wp:attachment":[{"href":"https:\/\/www.natualfa.com.ec\/web\/wp-json\/wp\/v2\/media?parent=212"}],"curies":[{"name":"wp","href":"https:\/\/api.w.org\/{rel}","templated":true}]}}