{"id":194,"date":"2017-11-24T01:16:21","date_gmt":"2017-11-24T06:16:21","guid":{"rendered":"http:\/\/natu.peluqueriasquito.ws\/?page_id=194"},"modified":"2026-03-13T15:16:53","modified_gmt":"2026-03-13T20:16:53","slug":"vitaminas-y-minerales-de-origen-vegetal","status":"publish","type":"page","link":"https:\/\/www.natualfa.com.ec\/web\/vitaminas-y-minerales-de-origen-vegetal\/","title":{"rendered":"Nutrici\u00f3n Vitaminas y Minerales de origen Natural"},"content":{"rendered":"<p>[et_pb_section fb_built=\u00bb1&#8243; disabled_on=\u00bbon|on|\u00bb _builder_version=\u00bb4.16&#8243; background_image=\u00bbhttps:\/\/www.natualfa.com.ec\/web\/wp-content\/uploads\/2018\/01\/minerales2.png\u00bb global_colors_info=\u00bb{}\u00bb][et_pb_row _builder_version=\u00bb4.16&#8243; background_size=\u00bbinitial\u00bb background_position=\u00bbtop_left\u00bb background_repeat=\u00bbrepeat\u00bb global_colors_info=\u00bb{}\u00bb][et_pb_column type=\u00bb4_4&#8243; _builder_version=\u00bb4.16&#8243; custom_padding=\u00bb|||\u00bb global_colors_info=\u00bb{}\u00bb custom_padding__hover=\u00bb|||\u00bb][et_pb_text _builder_version=\u00bb4.16&#8243; border_style=\u00bbsolid\u00bb global_colors_info=\u00bb{}\u00bb]<\/p>\n<h1 style=\"text-align: left\">Nutrici\u00f3n Vitaminas y Minerales de origen Natural<\/h1>\n<h5><a href=\"https:\/\/www.natualfa.com.ec\/web\/aparato-excretor\/\">Aparato Excretor<\/a>\u00a0\/\u00a0<a href=\"https:\/\/www.natualfa.com.ec\/web\/aparato-respiratorio\/\">Aparato Respiratorio<\/a>\u00a0 \/\u00a0<a href=\"https:\/\/www.natualfa.com.ec\/web\/control-de-peso\/\">Control de Peso<\/a>\u00a0 \/\u00a0<a href=\"https:\/\/www.natualfa.com.ec\/web\/desintoxicante\/\">Desintoxicante<\/a>\u00a0\/\u00a0\u00a0<a href=\"https:\/\/www.natualfa.com.ec\/web\/sistema-articular\/\">Sistema Articular<\/a>\u00a0\/\u00a0<a href=\"https:\/\/www.natualfa.com.ec\/web\/sistema-circulatorio\/\">Sistema Circulatorio<\/a>\u00a0\/\u00a0<a href=\"https:\/\/www.natualfa.com.ec\/web\/sistema-digestivo\/\">Sistema Digestivo<\/a> \/\u00a0<a href=\"https:\/\/www.natualfa.com.ec\/web\/sistema-endocrino\/\">Sistema End\u00f3crino<\/a> \/\u00a0<a href=\"https:\/\/www.natualfa.com.ec\/web\/sistema-inmunitario\/\">Sistema Inmunitario<\/a>\u00a0\/<a href=\"https:\/\/www.natualfa.com.ec\/web\/sistema-nervioso\/\">\u00a0Sistema Nervioso<\/a> \/\u00a0<a href=\"https:\/\/www.natualfa.com.ec\/web\/sistema-reproductor\/\">Sistema Reproductor<\/a><\/h5>\n<p>[\/et_pb_text][et_pb_divider show_divider=\u00bboff\u00bb disabled_on=\u00bbon|on|off\u00bb _builder_version=\u00bb4.16&#8243; hide_on_mobile=\u00bbon\u00bb global_colors_info=\u00bb{}\u00bb][\/et_pb_divider][\/et_pb_column][\/et_pb_row][\/et_pb_section][et_pb_section fb_built=\u00bb1&#8243; _builder_version=\u00bb4.16&#8243; global_colors_info=\u00bb{}\u00bb][et_pb_row column_structure=\u00bb1_3,1_3,1_3&#8243; _builder_version=\u00bb4.16&#8243; background_size=\u00bbinitial\u00bb background_position=\u00bbtop_left\u00bb background_repeat=\u00bbrepeat\u00bb global_colors_info=\u00bb{}\u00bb][et_pb_column type=\u00bb1_3&#8243; _builder_version=\u00bb4.16&#8243; custom_padding=\u00bb|||\u00bb global_colors_info=\u00bb{}\u00bb custom_padding__hover=\u00bb|||\u00bb][et_pb_text _builder_version=\u00bb4.27.6&#8243; background_image=\u00bbhttp:\/\/ideamrk.ws\/wp-content\/uploads\/2017\/12\/franja-cat-1.png\u00bb module_alignment=\u00bbleft\u00bb hover_enabled=\u00bb0&#8243; border_style=\u00bbsolid\u00bb global_colors_info=\u00bb{}\u00bb link_option_url=\u00bbhttps:\/\/www.natualfa.com.ec\/web\/alfalfa\/\u00bb sticky_enabled=\u00bb0&#8243;]<\/p>\n<h4><a href=\"https:\/\/www.natualfa.com.ec\/web\/alfalfa\/\"><img loading=\"lazy\" decoding=\"async\" src=\"https:\/\/www.natualfa.com.ec\/web\/wp-content\/uploads\/2026\/03\/Alfalfa-240x300.jpg\" width=\"240\" height=\"300\" alt=\"Alfalfa\" class=\"wp-image-6856 aligncenter size-medium\" srcset=\"https:\/\/www.natualfa.com.ec\/web\/wp-content\/uploads\/2026\/03\/Alfalfa-240x300.jpg 240w, https:\/\/www.natualfa.com.ec\/web\/wp-content\/uploads\/2026\/03\/Alfalfa.jpg 400w\" sizes=\"(max-width: 240px) 100vw, 240px\" \/><\/a><\/h4>\n<h4 style=\"text-align: center;\"><b>ALFALFA<\/b><\/h4>\n<h4 style=\"text-align: center;\">100 Tabletas de 500mg<\/h4>\n<p>[\/et_pb_text][\/et_pb_column][et_pb_column type=\u00bb1_3&#8243; _builder_version=\u00bb4.16&#8243; custom_padding=\u00bb|||\u00bb global_colors_info=\u00bb{}\u00bb custom_padding__hover=\u00bb|||\u00bb][et_pb_text _builder_version=\u00bb4.27.6&#8243; background_image=\u00bbhttp:\/\/ideamrk.ws\/wp-content\/uploads\/2017\/12\/franja-cat-1.png\u00bb module_alignment=\u00bbleft\u00bb custom_margin=\u00bb2px|||||\u00bb hover_enabled=\u00bb0&#8243; border_style=\u00bbsolid\u00bb global_colors_info=\u00bb{}\u00bb link_option_url=\u00bbhttps:\/\/www.natualfa.com.ec\/web\/levadura-cerveza-100\/\u00bb sticky_enabled=\u00bb0&#8243;]<\/p>\n<h4 style=\"text-align: center;\"><a href=\"https:\/\/www.natualfa.com.ec\/web\/levadura-cerveza-100\/\"><img loading=\"lazy\" decoding=\"async\" src=\"https:\/\/www.natualfa.com.ec\/web\/wp-content\/uploads\/2026\/03\/Levadura-de-Cerveza-100-240x300.jpg\" width=\"240\" height=\"300\" alt=\"Levadura de Cerveza 100\" class=\"wp-image-6862 aligncenter size-medium\" srcset=\"https:\/\/www.natualfa.com.ec\/web\/wp-content\/uploads\/2026\/03\/Levadura-de-Cerveza-100-240x300.jpg 240w, https:\/\/www.natualfa.com.ec\/web\/wp-content\/uploads\/2026\/03\/Levadura-de-Cerveza-100.jpg 400w\" sizes=\"(max-width: 240px) 100vw, 240px\" \/><\/a><\/h4>\n<h4 style=\"text-align: center;\"><b>LEVADURA DE CERVEZA\u00a0<\/b><\/h4>\n<h4 style=\"text-align: center;\">100 Tabletas de 550mg<\/h4>\n<p>[\/et_pb_text][\/et_pb_column][et_pb_column type=\u00bb1_3&#8243; _builder_version=\u00bb4.16&#8243; custom_padding=\u00bb|||\u00bb global_colors_info=\u00bb{}\u00bb custom_padding__hover=\u00bb|||\u00bb][et_pb_text _builder_version=\u00bb4.27.6&#8243; background_image=\u00bbhttp:\/\/ideamrk.ws\/wp-content\/uploads\/2017\/12\/franja-cat-1.png\u00bb module_alignment=\u00bbleft\u00bb hover_enabled=\u00bb0&#8243; border_style=\u00bbsolid\u00bb global_colors_info=\u00bb{}\u00bb link_option_url=\u00bbhttps:\/\/www.natualfa.com.ec\/web\/levadura-cerveza-300\/\u00bb sticky_enabled=\u00bb0&#8243;]<\/p>\n<h4><img loading=\"lazy\" decoding=\"async\" src=\"https:\/\/www.natualfa.com.ec\/web\/wp-content\/uploads\/2026\/03\/Levadura-de-Cerveza-300-300x300.jpg\" width=\"300\" height=\"300\" alt=\"Levadura de Cerveza 300\" class=\"wp-image-6863 aligncenter size-medium\" \/><\/h4>\n<h4 style=\"text-align: center;\"><b>LEVADURA DE CERVEZA\u00a0<\/b><\/h4>\n<h4 style=\"text-align: center;\">300 Tabletas de 550mg<\/h4>\n<p>[\/et_pb_text][\/et_pb_column][\/et_pb_row][\/et_pb_section]<\/p>\n","protected":false},"excerpt":{"rendered":"<p>Nutrici\u00f3n Vitaminas y Minerales de origen Natural Aparato Excretor\u00a0\/\u00a0Aparato Respiratorio\u00a0 \/\u00a0Control de Peso\u00a0 \/\u00a0Desintoxicante\u00a0\/\u00a0\u00a0Sistema Articular\u00a0\/\u00a0Sistema Circulatorio\u00a0\/\u00a0Sistema Digestivo \/\u00a0Sistema End\u00f3crino \/\u00a0Sistema Inmunitario\u00a0\/\u00a0Sistema Nervioso \/\u00a0Sistema Reproductor ALFALFA 100 Tabletas de 500mg LEVADURA DE CERVEZA\u00a0 100 Tabletas de 550mg LEVADURA DE CERVEZA\u00a0 300 Tabletas de 550mg<\/p>\n","protected":false},"author":56,"featured_media":0,"parent":0,"menu_order":0,"comment_status":"closed","ping_status":"closed","template":"","meta":{"_et_pb_use_builder":"on","_et_pb_old_content":"","_et_gb_content_width":"","footnotes":""},"class_list":["post-194","page","type-page","status-publish","hentry"],"yoast_head":"<!-- This site is optimized with the Yoast SEO plugin v27.0 - https:\/\/yoast.com\/product\/yoast-seo-wordpress\/ -->\n<title>Nutrici\u00f3n Vitaminas y Minerales de origen Natural - Laboratorios Natualfa<\/title>\n<meta name=\"description\" content=\"Fuente de prote\u00edna, vitaminas y minerales, propiedades antioxidantes para evitar el envejecimiento, restaurador de la energ\u00eda\" \/>\n<meta name=\"robots\" content=\"index, follow, max-snippet:-1, max-image-preview:large, max-video-preview:-1\" \/>\n<link rel=\"canonical\" href=\"https:\/\/www.natualfa.com.ec\/web\/vitaminas-y-minerales-de-origen-vegetal\/\" \/>\n<meta property=\"og:locale\" content=\"es_ES\" \/>\n<meta property=\"og:type\" content=\"article\" \/>\n<meta property=\"og:title\" content=\"Nutrici\u00f3n Vitaminas y Minerales de origen Natural - Laboratorios Natualfa\" \/>\n<meta property=\"og:description\" content=\"Fuente de prote\u00edna, vitaminas y minerales, propiedades antioxidantes para evitar el envejecimiento, restaurador de la energ\u00eda\" \/>\n<meta property=\"og:url\" content=\"https:\/\/www.natualfa.com.ec\/web\/vitaminas-y-minerales-de-origen-vegetal\/\" \/>\n<meta property=\"og:site_name\" content=\"Laboratorios Natualfa\" \/>\n<meta property=\"article:publisher\" content=\"https:\/\/www.facebook.com\/natualfa\/\" \/>\n<meta property=\"article:modified_time\" content=\"2026-03-13T20:16:53+00:00\" \/>\n<meta property=\"og:image\" content=\"https:\/\/www.natualfa.com.ec\/web\/wp-content\/uploads\/2026\/03\/Alfalfa.jpg\" \/>\n\t<meta property=\"og:image:width\" content=\"400\" \/>\n\t<meta property=\"og:image:height\" content=\"500\" \/>\n\t<meta property=\"og:image:type\" content=\"image\/jpeg\" \/>\n<meta name=\"twitter:label1\" content=\"Tiempo de lectura\" \/>\n\t<meta name=\"twitter:data1\" content=\"2 minutos\" \/>\n<script type=\"application\/ld+json\" class=\"yoast-schema-graph\">{\"@context\":\"https:\/\/schema.org\",\"@graph\":[{\"@type\":\"WebPage\",\"@id\":\"https:\/\/www.natualfa.com.ec\/web\/vitaminas-y-minerales-de-origen-vegetal\/\",\"url\":\"https:\/\/www.natualfa.com.ec\/web\/vitaminas-y-minerales-de-origen-vegetal\/\",\"name\":\"Nutrici\u00f3n Vitaminas y Minerales de origen Natural - Laboratorios Natualfa\",\"isPartOf\":{\"@id\":\"https:\/\/www.natualfa.com.ec\/web\/#website\"},\"primaryImageOfPage\":{\"@id\":\"https:\/\/www.natualfa.com.ec\/web\/vitaminas-y-minerales-de-origen-vegetal\/#primaryimage\"},\"image\":{\"@id\":\"https:\/\/www.natualfa.com.ec\/web\/vitaminas-y-minerales-de-origen-vegetal\/#primaryimage\"},\"thumbnailUrl\":\"https:\/\/www.natualfa.com.ec\/web\/wp-content\/uploads\/2026\/03\/Alfalfa-240x300.jpg\",\"datePublished\":\"2017-11-24T06:16:21+00:00\",\"dateModified\":\"2026-03-13T20:16:53+00:00\",\"description\":\"Fuente de prote\u00edna, vitaminas y minerales, propiedades antioxidantes para evitar el envejecimiento, restaurador de la energ\u00eda\",\"inLanguage\":\"es\",\"potentialAction\":[{\"@type\":\"ReadAction\",\"target\":[\"https:\/\/www.natualfa.com.ec\/web\/vitaminas-y-minerales-de-origen-vegetal\/\"]}]},{\"@type\":\"ImageObject\",\"inLanguage\":\"es\",\"@id\":\"https:\/\/www.natualfa.com.ec\/web\/vitaminas-y-minerales-de-origen-vegetal\/#primaryimage\",\"url\":\"https:\/\/www.natualfa.com.ec\/web\/wp-content\/uploads\/2026\/03\/Alfalfa.jpg\",\"contentUrl\":\"https:\/\/www.natualfa.com.ec\/web\/wp-content\/uploads\/2026\/03\/Alfalfa.jpg\",\"width\":400,\"height\":500,\"caption\":\"Alfalfa\"},{\"@type\":\"WebSite\",\"@id\":\"https:\/\/www.natualfa.com.ec\/web\/#website\",\"url\":\"https:\/\/www.natualfa.com.ec\/web\/\",\"name\":\"Laboratorios Natualfa\",\"description\":\"Elaboraci\u00f3n de productos naturales medicinales de calidad\",\"publisher\":{\"@id\":\"https:\/\/www.natualfa.com.ec\/web\/#organization\"},\"potentialAction\":[{\"@type\":\"SearchAction\",\"target\":{\"@type\":\"EntryPoint\",\"urlTemplate\":\"https:\/\/www.natualfa.com.ec\/web\/?s={search_term_string}\"},\"query-input\":{\"@type\":\"PropertyValueSpecification\",\"valueRequired\":true,\"valueName\":\"search_term_string\"}}],\"inLanguage\":\"es\"},{\"@type\":\"Organization\",\"@id\":\"https:\/\/www.natualfa.com.ec\/web\/#organization\",\"name\":\"Laboratorios Natualfa C\u00eda. Ltda.\",\"url\":\"https:\/\/www.natualfa.com.ec\/web\/\",\"logo\":{\"@type\":\"ImageObject\",\"inLanguage\":\"es\",\"@id\":\"https:\/\/www.natualfa.com.ec\/web\/#\/schema\/logo\/image\/\",\"url\":\"https:\/\/www.natualfa.com.ec\/web\/wp-content\/uploads\/2023\/02\/Logo-Natualfa-slogan-Ciencia2023.png\",\"contentUrl\":\"https:\/\/www.natualfa.com.ec\/web\/wp-content\/uploads\/2023\/02\/Logo-Natualfa-slogan-Ciencia2023.png\",\"width\":687,\"height\":344,\"caption\":\"Laboratorios Natualfa C\u00eda. Ltda.\"},\"image\":{\"@id\":\"https:\/\/www.natualfa.com.ec\/web\/#\/schema\/logo\/image\/\"},\"sameAs\":[\"https:\/\/www.facebook.com\/natualfa\/\",\"https:\/\/www.instagram.com\/natualfa\/\"]}]}<\/script>\n<!-- \/ Yoast SEO plugin. -->","yoast_head_json":{"title":"Nutrici\u00f3n Vitaminas y Minerales de origen Natural - Laboratorios Natualfa","description":"Fuente de prote\u00edna, vitaminas y minerales, propiedades antioxidantes para evitar el envejecimiento, restaurador de la energ\u00eda","robots":{"index":"index","follow":"follow","max-snippet":"max-snippet:-1","max-image-preview":"max-image-preview:large","max-video-preview":"max-video-preview:-1"},"canonical":"https:\/\/www.natualfa.com.ec\/web\/vitaminas-y-minerales-de-origen-vegetal\/","og_locale":"es_ES","og_type":"article","og_title":"Nutrici\u00f3n Vitaminas y Minerales de origen Natural - Laboratorios Natualfa","og_description":"Fuente de prote\u00edna, vitaminas y minerales, propiedades antioxidantes para evitar el envejecimiento, restaurador de la energ\u00eda","og_url":"https:\/\/www.natualfa.com.ec\/web\/vitaminas-y-minerales-de-origen-vegetal\/","og_site_name":"Laboratorios Natualfa","article_publisher":"https:\/\/www.facebook.com\/natualfa\/","article_modified_time":"2026-03-13T20:16:53+00:00","og_image":[{"width":400,"height":500,"url":"https:\/\/www.natualfa.com.ec\/web\/wp-content\/uploads\/2026\/03\/Alfalfa.jpg","type":"image\/jpeg"}],"twitter_misc":{"Tiempo de lectura":"2 minutos"},"schema":{"@context":"https:\/\/schema.org","@graph":[{"@type":"WebPage","@id":"https:\/\/www.natualfa.com.ec\/web\/vitaminas-y-minerales-de-origen-vegetal\/","url":"https:\/\/www.natualfa.com.ec\/web\/vitaminas-y-minerales-de-origen-vegetal\/","name":"Nutrici\u00f3n Vitaminas y Minerales de origen Natural - Laboratorios Natualfa","isPartOf":{"@id":"https:\/\/www.natualfa.com.ec\/web\/#website"},"primaryImageOfPage":{"@id":"https:\/\/www.natualfa.com.ec\/web\/vitaminas-y-minerales-de-origen-vegetal\/#primaryimage"},"image":{"@id":"https:\/\/www.natualfa.com.ec\/web\/vitaminas-y-minerales-de-origen-vegetal\/#primaryimage"},"thumbnailUrl":"https:\/\/www.natualfa.com.ec\/web\/wp-content\/uploads\/2026\/03\/Alfalfa-240x300.jpg","datePublished":"2017-11-24T06:16:21+00:00","dateModified":"2026-03-13T20:16:53+00:00","description":"Fuente de prote\u00edna, vitaminas y minerales, propiedades antioxidantes para evitar el envejecimiento, restaurador de la energ\u00eda","inLanguage":"es","potentialAction":[{"@type":"ReadAction","target":["https:\/\/www.natualfa.com.ec\/web\/vitaminas-y-minerales-de-origen-vegetal\/"]}]},{"@type":"ImageObject","inLanguage":"es","@id":"https:\/\/www.natualfa.com.ec\/web\/vitaminas-y-minerales-de-origen-vegetal\/#primaryimage","url":"https:\/\/www.natualfa.com.ec\/web\/wp-content\/uploads\/2026\/03\/Alfalfa.jpg","contentUrl":"https:\/\/www.natualfa.com.ec\/web\/wp-content\/uploads\/2026\/03\/Alfalfa.jpg","width":400,"height":500,"caption":"Alfalfa"},{"@type":"WebSite","@id":"https:\/\/www.natualfa.com.ec\/web\/#website","url":"https:\/\/www.natualfa.com.ec\/web\/","name":"Laboratorios Natualfa","description":"Elaboraci\u00f3n de productos naturales medicinales de calidad","publisher":{"@id":"https:\/\/www.natualfa.com.ec\/web\/#organization"},"potentialAction":[{"@type":"SearchAction","target":{"@type":"EntryPoint","urlTemplate":"https:\/\/www.natualfa.com.ec\/web\/?s={search_term_string}"},"query-input":{"@type":"PropertyValueSpecification","valueRequired":true,"valueName":"search_term_string"}}],"inLanguage":"es"},{"@type":"Organization","@id":"https:\/\/www.natualfa.com.ec\/web\/#organization","name":"Laboratorios Natualfa C\u00eda. Ltda.","url":"https:\/\/www.natualfa.com.ec\/web\/","logo":{"@type":"ImageObject","inLanguage":"es","@id":"https:\/\/www.natualfa.com.ec\/web\/#\/schema\/logo\/image\/","url":"https:\/\/www.natualfa.com.ec\/web\/wp-content\/uploads\/2023\/02\/Logo-Natualfa-slogan-Ciencia2023.png","contentUrl":"https:\/\/www.natualfa.com.ec\/web\/wp-content\/uploads\/2023\/02\/Logo-Natualfa-slogan-Ciencia2023.png","width":687,"height":344,"caption":"Laboratorios Natualfa C\u00eda. Ltda."},"image":{"@id":"https:\/\/www.natualfa.com.ec\/web\/#\/schema\/logo\/image\/"},"sameAs":["https:\/\/www.facebook.com\/natualfa\/","https:\/\/www.instagram.com\/natualfa\/"]}]}},"_links":{"self":[{"href":"https:\/\/www.natualfa.com.ec\/web\/wp-json\/wp\/v2\/pages\/194","targetHints":{"allow":["GET"]}}],"collection":[{"href":"https:\/\/www.natualfa.com.ec\/web\/wp-json\/wp\/v2\/pages"}],"about":[{"href":"https:\/\/www.natualfa.com.ec\/web\/wp-json\/wp\/v2\/types\/page"}],"author":[{"embeddable":true,"href":"https:\/\/www.natualfa.com.ec\/web\/wp-json\/wp\/v2\/users\/56"}],"replies":[{"embeddable":true,"href":"https:\/\/www.natualfa.com.ec\/web\/wp-json\/wp\/v2\/comments?post=194"}],"version-history":[{"count":13,"href":"https:\/\/www.natualfa.com.ec\/web\/wp-json\/wp\/v2\/pages\/194\/revisions"}],"predecessor-version":[{"id":6936,"href":"https:\/\/www.natualfa.com.ec\/web\/wp-json\/wp\/v2\/pages\/194\/revisions\/6936"}],"wp:attachment":[{"href":"https:\/\/www.natualfa.com.ec\/web\/wp-json\/wp\/v2\/media?parent=194"}],"curies":[{"name":"wp","href":"https:\/\/api.w.org\/{rel}","templated":true}]}}